{"id":1016,"date":"2018-03-28T11:24:20","date_gmt":"2018-03-28T11:24:20","guid":{"rendered":"https:\/\/modernbakery.hu\/?page_id=1016"},"modified":"2021-06-25T07:19:43","modified_gmt":"2021-06-25T07:19:43","slug":"gozcsoves-kemencek-automata-veto-es-kisuto-szerkezettel","status":"publish","type":"page","link":"https:\/\/modernbakery.hu\/?page_id=1016","title":{"rendered":"G\u0151zcs\u00f6ves kemenc\u00e9k automata vet\u0151 \u00e9s kis\u00fct\u0151 szerkezettel"},"content":{"rendered":"<div id=\"pl-1016\"  class=\"panel-layout\" ><div id=\"pg-1016-0\"  class=\"panel-grid panel-no-style\" ><div id=\"pgc-1016-0-0\"  class=\"panel-grid-cell\" ><div id=\"panel-1016-0-0-0\" class=\"so-panel widget widget_sow-editor panel-first-child panel-last-child\" data-index=\"0\" ><div\n\t\t\t\n\t\t\tclass=\"so-widget-sow-editor so-widget-sow-editor-base\"\n\t\t\t\n\t\t>\n<div class=\"siteorigin-widget-tinymce textwidget\">\n\t<h2 style=\"text-align: center;\"><span style=\"color: #a91f24;\">G\u0151zcs\u00f6ves kemenc\u00e9k automata vet\u0151 \u00e9s kis\u00fct\u0151 szerkezettel<\/span><\/h2>\n<hr \/>\n<p>&nbsp;<\/p>\n<\/div>\n<\/div><\/div><\/div><\/div><div id=\"pg-1016-1\"  class=\"panel-grid panel-no-style\" ><div id=\"pgc-1016-1-0\"  class=\"panel-grid-cell\" ><div id=\"panel-1016-1-0-0\" class=\"so-panel widget widget_sow-button panel-first-child panel-last-child\" data-index=\"1\" ><div\n\t\t\t\n\t\t\tclass=\"so-widget-sow-button so-widget-sow-button-atom-1038cf0caefd-1016\"\n\t\t\t\n\t\t><div class=\"ow-button-base ow-button-align-center\"\n>\n\t\t\t<a\n\t\t\t\t\thref=\"https:\/\/modernbakery.hu\/pdf\/MATIC_GB-RU_001.pdf\"\n\t\t\t\t\tclass=\"sowb-button ow-icon-placement-left ow-button-hover\" target=\"_blank\" rel=\"noopener noreferrer\" \t>\n\t\t<span>\n\t\t\t\t\t\t\t<div class=\"sow-icon-image\" style=\"background-image: url(https:\/\/modernbakery.hu\/wp-content\/uploads\/2018\/02\/g0ec05439b5b50e2376f33e1ecb83f245d28bf698b5a7c3ace86a22675e5a709ac7509c32d7c5e6d6be84972ab45480fa_1920-150x150.png)\"><\/div>\n\t\t\t\t\n\t\t\tLet\u00f6lthet\u0151 PDF\t\t<\/span>\n\t\t\t<\/a>\n\t<\/div>\n<\/div><\/div><\/div><\/div><\/div>","protected":false},"excerpt":{"rendered":"<p>G\u0151zcs\u00f6ves kemenc\u00e9k automata vet\u0151 \u00e9s kis\u00fct\u0151 szerkezettel &nbsp;<\/p>\n","protected":false},"author":4,"featured_media":0,"parent":0,"menu_order":0,"comment_status":"closed","ping_status":"closed","template":"","meta":{"footnotes":""},"class_list":["post-1016","page","type-page","status-publish","hentry"],"_links":{"self":[{"href":"https:\/\/modernbakery.hu\/index.php?rest_route=\/wp\/v2\/pages\/1016","targetHints":{"allow":["GET"]}}],"collection":[{"href":"https:\/\/modernbakery.hu\/index.php?rest_route=\/wp\/v2\/pages"}],"about":[{"href":"https:\/\/modernbakery.hu\/index.php?rest_route=\/wp\/v2\/types\/page"}],"author":[{"embeddable":true,"href":"https:\/\/modernbakery.hu\/index.php?rest_route=\/wp\/v2\/users\/4"}],"replies":[{"embeddable":true,"href":"https:\/\/modernbakery.hu\/index.php?rest_route=%2Fwp%2Fv2%2Fcomments&post=1016"}],"version-history":[{"count":6,"href":"https:\/\/modernbakery.hu\/index.php?rest_route=\/wp\/v2\/pages\/1016\/revisions"}],"predecessor-version":[{"id":1353,"href":"https:\/\/modernbakery.hu\/index.php?rest_route=\/wp\/v2\/pages\/1016\/revisions\/1353"}],"wp:attachment":[{"href":"https:\/\/modernbakery.hu\/index.php?rest_route=%2Fwp%2Fv2%2Fmedia&parent=1016"}],"curies":[{"name":"wp","href":"https:\/\/api.w.org\/{rel}","templated":true}]}}