{"id":1026,"date":"2018-03-28T11:38:16","date_gmt":"2018-03-28T11:38:16","guid":{"rendered":"https:\/\/modernbakery.hu\/?page_id=1026"},"modified":"2021-06-24T11:04:10","modified_gmt":"2021-06-24T11:04:10","slug":"kiegeszito-eszkozok-a-kemencekhez","status":"publish","type":"page","link":"https:\/\/modernbakery.hu\/?page_id=1026","title":{"rendered":"Kieg\u00e9sz\u00edt\u0151 eszk\u00f6z\u00f6k a kemenc\u00e9khez"},"content":{"rendered":"<div id=\"pl-1026\"  class=\"panel-layout\" ><div id=\"pg-1026-0\"  class=\"panel-grid panel-no-style\" ><div id=\"pgc-1026-0-0\"  class=\"panel-grid-cell\" ><div id=\"panel-1026-0-0-0\" class=\"so-panel widget widget_sow-editor panel-first-child panel-last-child\" data-index=\"0\" ><div\n\t\t\t\n\t\t\tclass=\"so-widget-sow-editor so-widget-sow-editor-base\"\n\t\t\t\n\t\t>\n<div class=\"siteorigin-widget-tinymce textwidget\">\n\t<h2 style=\"text-align: center;\"><span style=\"color: #a91f24;\">Kieg\u00e9sz\u00edt\u0151 eszk\u00f6z\u00f6k a kemenc\u00e9khez<\/span><\/h2>\n<hr \/>\n<p>&nbsp;<\/p>\n<p style=\"text-align: center;\"><em><strong><a href=\"https:\/\/modernbakery.hu\/elerhetosegeink\/\" target=\"_blank\" rel=\"noopener\">\u00c9rdekl\u0151dj\u00f6n el\u00e9rhet\u0151s\u00e9geinken!<\/a><\/strong><\/em><\/p>\n<\/div>\n<\/div><\/div><\/div><\/div><\/div>","protected":false},"excerpt":{"rendered":"<p>Kieg\u00e9sz\u00edt\u0151 eszk\u00f6z\u00f6k a kemenc\u00e9khez &nbsp; \u00c9rdekl\u0151dj\u00f6n el\u00e9rhet\u0151s\u00e9geinken!<\/p>\n","protected":false},"author":4,"featured_media":0,"parent":0,"menu_order":0,"comment_status":"closed","ping_status":"closed","template":"","meta":{"footnotes":""},"class_list":["post-1026","page","type-page","status-publish","hentry"],"_links":{"self":[{"href":"https:\/\/modernbakery.hu\/index.php?rest_route=\/wp\/v2\/pages\/1026","targetHints":{"allow":["GET"]}}],"collection":[{"href":"https:\/\/modernbakery.hu\/index.php?rest_route=\/wp\/v2\/pages"}],"about":[{"href":"https:\/\/modernbakery.hu\/index.php?rest_route=\/wp\/v2\/types\/page"}],"author":[{"embeddable":true,"href":"https:\/\/modernbakery.hu\/index.php?rest_route=\/wp\/v2\/users\/4"}],"replies":[{"embeddable":true,"href":"https:\/\/modernbakery.hu\/index.php?rest_route=%2Fwp%2Fv2%2Fcomments&post=1026"}],"version-history":[{"count":6,"href":"https:\/\/modernbakery.hu\/index.php?rest_route=\/wp\/v2\/pages\/1026\/revisions"}],"predecessor-version":[{"id":1154,"href":"https:\/\/modernbakery.hu\/index.php?rest_route=\/wp\/v2\/pages\/1026\/revisions\/1154"}],"wp:attachment":[{"href":"https:\/\/modernbakery.hu\/index.php?rest_route=%2Fwp%2Fv2%2Fmedia&parent=1026"}],"curies":[{"name":"wp","href":"https:\/\/api.w.org\/{rel}","templated":true}]}}