{"id":1055,"date":"2018-03-28T11:54:17","date_gmt":"2018-03-28T11:54:17","guid":{"rendered":"https:\/\/modernbakery.hu\/?page_id=1055"},"modified":"2021-06-24T11:05:23","modified_gmt":"2021-06-24T11:05:23","slug":"klipszelo-twisztelo-gepek","status":"publish","type":"page","link":"https:\/\/modernbakery.hu\/?page_id=1055","title":{"rendered":"Klipszel\u0151, twisztel\u0151 g\u00e9pek"},"content":{"rendered":"<div id=\"pl-1055\"  class=\"panel-layout\" ><div id=\"pg-1055-0\"  class=\"panel-grid panel-no-style\" ><div id=\"pgc-1055-0-0\"  class=\"panel-grid-cell\" ><div id=\"panel-1055-0-0-0\" class=\"so-panel widget widget_sow-editor panel-first-child panel-last-child\" data-index=\"0\" ><div\n\t\t\t\n\t\t\tclass=\"so-widget-sow-editor so-widget-sow-editor-base\"\n\t\t\t\n\t\t>\n<div class=\"siteorigin-widget-tinymce textwidget\">\n\t<h2 style=\"text-align: center;\"><span style=\"color: #a91f24;\">Klipszel\u0151, twisztel\u0151 g\u00e9pek<\/span><\/h2>\n<hr \/>\n<p>&nbsp;<\/p>\n<p style=\"text-align: center;\"><em><strong><a href=\"https:\/\/modernbakery.hu\/elerhetosegeink\/\" target=\"_blank\" rel=\"noopener\">\u00c9rdekl\u0151dj\u00f6n el\u00e9rhet\u0151s\u00e9geinken!<\/a><\/strong><\/em><\/p>\n<\/div>\n<\/div><\/div><\/div><\/div><\/div>","protected":false},"excerpt":{"rendered":"<p>Klipszel\u0151, twisztel\u0151 g\u00e9pek &nbsp; \u00c9rdekl\u0151dj\u00f6n el\u00e9rhet\u0151s\u00e9geinken!<\/p>\n","protected":false},"author":4,"featured_media":0,"parent":0,"menu_order":0,"comment_status":"closed","ping_status":"closed","template":"","meta":{"footnotes":""},"class_list":["post-1055","page","type-page","status-publish","hentry"],"_links":{"self":[{"href":"https:\/\/modernbakery.hu\/index.php?rest_route=\/wp\/v2\/pages\/1055","targetHints":{"allow":["GET"]}}],"collection":[{"href":"https:\/\/modernbakery.hu\/index.php?rest_route=\/wp\/v2\/pages"}],"about":[{"href":"https:\/\/modernbakery.hu\/index.php?rest_route=\/wp\/v2\/types\/page"}],"author":[{"embeddable":true,"href":"https:\/\/modernbakery.hu\/index.php?rest_route=\/wp\/v2\/users\/4"}],"replies":[{"embeddable":true,"href":"https:\/\/modernbakery.hu\/index.php?rest_route=%2Fwp%2Fv2%2Fcomments&post=1055"}],"version-history":[{"count":4,"href":"https:\/\/modernbakery.hu\/index.php?rest_route=\/wp\/v2\/pages\/1055\/revisions"}],"predecessor-version":[{"id":1156,"href":"https:\/\/modernbakery.hu\/index.php?rest_route=\/wp\/v2\/pages\/1055\/revisions\/1156"}],"wp:attachment":[{"href":"https:\/\/modernbakery.hu\/index.php?rest_route=%2Fwp%2Fv2%2Fmedia&parent=1055"}],"curies":[{"name":"wp","href":"https:\/\/api.w.org\/{rel}","templated":true}]}}