{"id":1108,"date":"2020-02-17T09:05:49","date_gmt":"2020-02-17T09:05:49","guid":{"rendered":"https:\/\/modernbakery.hu\/?page_id=1108"},"modified":"2021-06-25T07:58:23","modified_gmt":"2021-06-25T07:58:23","slug":"specialis-szeletelok","status":"publish","type":"page","link":"https:\/\/modernbakery.hu\/?page_id=1108","title":{"rendered":"Speci\u00e1lis Szeletel\u0151k"},"content":{"rendered":"<h2 style=\"text-align: center;\"><span style=\"color: #a91f24;\">Speci\u00e1lis Szeletel\u0151k<\/span><\/h2>\n<hr \/>\n<p><a href=\"https:\/\/modernbakery.hu\/pdf\/MHS_slicing_and_portioning_machines.pdf\" target=\"_blank\" rel=\"noopener\"><img loading=\"lazy\" decoding=\"async\" class=\"aligncenter wp-image-1110 size-medium\" src=\"https:\/\/modernbakery.hu\/wp-content\/uploads\/2020\/02\/Specialis-szeletel\u0151k-300x213.png\" alt=\"\" width=\"300\" height=\"213\" srcset=\"https:\/\/modernbakery.hu\/wp-content\/uploads\/2020\/02\/Specialis-szeletel\u0151k-300x213.png 300w, https:\/\/modernbakery.hu\/wp-content\/uploads\/2020\/02\/Specialis-szeletel\u0151k-768x546.png 768w, https:\/\/modernbakery.hu\/wp-content\/uploads\/2020\/02\/Specialis-szeletel\u0151k-700x498.png 700w, https:\/\/modernbakery.hu\/wp-content\/uploads\/2020\/02\/Specialis-szeletel\u0151k.png 1052w\" sizes=\"auto, (max-width: 300px) 100vw, 300px\" \/><\/a><\/p>\n<p style=\"text-align: center;\"><a href=\"https:\/\/modernbakery.hu\/pdf\/MHS_slicing_and_portioning_machines.pdf\" target=\"_blank\" rel=\"noopener\">Speci\u00e1lis Szeletel\u0151k PDF LET\u00d6LT\u00c9SE<\/a><img decoding=\"async\" class=\"alignleft\" src=\"https:\/\/modernbakery.hu\/pdf\/MHS_slicing_and_portioning_machines.pdf\" alt=\"\" \/><\/p>\n","protected":false},"excerpt":{"rendered":"<p>Speci\u00e1lis Szeletel\u0151k Speci\u00e1lis Szeletel\u0151k PDF LET\u00d6LT\u00c9SE<\/p>\n","protected":false},"author":4,"featured_media":0,"parent":0,"menu_order":0,"comment_status":"closed","ping_status":"closed","template":"","meta":{"footnotes":""},"class_list":["post-1108","page","type-page","status-publish","hentry"],"_links":{"self":[{"href":"https:\/\/modernbakery.hu\/index.php?rest_route=\/wp\/v2\/pages\/1108","targetHints":{"allow":["GET"]}}],"collection":[{"href":"https:\/\/modernbakery.hu\/index.php?rest_route=\/wp\/v2\/pages"}],"about":[{"href":"https:\/\/modernbakery.hu\/index.php?rest_route=\/wp\/v2\/types\/page"}],"author":[{"embeddable":true,"href":"https:\/\/modernbakery.hu\/index.php?rest_route=\/wp\/v2\/users\/4"}],"replies":[{"embeddable":true,"href":"https:\/\/modernbakery.hu\/index.php?rest_route=%2Fwp%2Fv2%2Fcomments&post=1108"}],"version-history":[{"count":4,"href":"https:\/\/modernbakery.hu\/index.php?rest_route=\/wp\/v2\/pages\/1108\/revisions"}],"predecessor-version":[{"id":1402,"href":"https:\/\/modernbakery.hu\/index.php?rest_route=\/wp\/v2\/pages\/1108\/revisions\/1402"}],"wp:attachment":[{"href":"https:\/\/modernbakery.hu\/index.php?rest_route=%2Fwp%2Fv2%2Fmedia&parent=1108"}],"curies":[{"name":"wp","href":"https:\/\/api.w.org\/{rel}","templated":true}]}}