{"id":1315,"date":"2021-06-25T06:50:35","date_gmt":"2021-06-25T06:50:35","guid":{"rendered":"https:\/\/modernbakery.hu\/?page_id=1315"},"modified":"2021-06-25T07:49:52","modified_gmt":"2021-06-25T07:49:52","slug":"szakaszos-uzemu-lada","status":"publish","type":"page","link":"https:\/\/modernbakery.hu\/?page_id=1315","title":{"rendered":"LP t\u00edpus\u00fa szakaszos \u00fczem\u0171 l\u00e1da \u00e9s eszk\u00f6z, mosogat\u00f3 g\u00e9pek"},"content":{"rendered":"<div id=\"pl-gb1315-69e0fc1c1cf0a\"  class=\"panel-layout\" ><div id=\"pg-gb1315-69e0fc1c1cf0a-0\"  class=\"panel-grid panel-no-style\" ><div id=\"pgc-gb1315-69e0fc1c1cf0a-0-0\"  class=\"panel-grid-cell\" ><div id=\"panel-gb1315-69e0fc1c1cf0a-0-0-0\" class=\"so-panel widget widget_sow-editor panel-first-child panel-last-child\" data-index=\"0\" ><div\n\t\t\t\n\t\t\tclass=\"so-widget-sow-editor so-widget-sow-editor-base\"\n\t\t\t\n\t\t>\n<div class=\"siteorigin-widget-tinymce textwidget\">\n\t<h2 style=\"text-align: center;\"><span style=\"color: #a91f24;\"> LP t\u00edpus\u00fa szakaszos \u00fczem\u0171 l\u00e1da \u00e9s eszk\u00f6z, mosogat\u00f3 g\u00e9pek<\/span><\/h2>\n<hr \/>\n<\/div>\n<\/div><\/div><\/div><\/div><\/div>\n\n<div id=\"pl-gb1315-69e0fc1c1dc66\"  class=\"panel-layout\" ><div id=\"pg-gb1315-69e0fc1c1dc66-0\"  class=\"panel-grid panel-no-style\" ><div id=\"pgc-gb1315-69e0fc1c1dc66-0-0\"  class=\"panel-grid-cell\" ><div id=\"panel-gb1315-69e0fc1c1dc66-0-0-0\" class=\"so-panel widget widget_sow-editor panel-first-child panel-last-child\" data-index=\"0\" ><div\n\t\t\t\n\t\t\tclass=\"so-widget-sow-editor so-widget-sow-editor-base\"\n\t\t\t\n\t\t><h3 class=\"widget-title\">DIHR\/LP<\/h3>\n<div class=\"siteorigin-widget-tinymce textwidget\">\n\t<p style=\"text-align: left;\"><strong>DIHR gy\u00e1rtm\u00e1ny\u00fa LP t\u00edpus\u00fa szakaszos \u00fczem\u0171 l\u00e1da \u00e9s eszk\u00f6z, mosogat\u00f3 g\u00e9pek.<\/strong><br \/>\n<strong>Minden berendez\u00e9s 85 \u00b0C forgatott v\u00edzzel mosogatja el a bel\u00e9 tett eszk\u00f6z\u00f6ket. A g\u00e9peket 50 \u00b0C v\u00edzzel kell megt\u00e1pl\u00e1lni. Ha erre nincs lehet\u0151s\u00e9g extra f\u0171t\u0151 elemet kell a mosogat\u00f3g\u00e9pbe szerelni. A mosogat\u00f3 g\u00e9pek el\u0151re be\u00e1ll\u00edtott program szerint v\u00e9gzik a munk\u00e1jukat.<\/strong><br \/>\n<strong>Opcion\u00e1lisan rendelhet\u0151 hozz\u00e1juk mosogat\u00f3 \u00e9s \u00f6bl\u00edt\u0151szer szivatty\u00fa.<\/strong><br \/>\n<strong>Opcion\u00e1lisan rendelhet\u0151 saj\u00e1t h\u0151visszanyer\u0151 egys\u00e9ggel a mosogat\u00f3g\u00e9p.<\/strong><\/p>\n<p>&nbsp;<\/p>\n<p><img loading=\"lazy\" decoding=\"async\" class=\"alignnone size-large wp-image-1332\" src=\"https:\/\/modernbakery.hu\/wp-content\/uploads\/2021\/06\/image1-700x150.png\" alt=\"\" width=\"700\" height=\"150\" srcset=\"https:\/\/modernbakery.hu\/wp-content\/uploads\/2021\/06\/image1-700x150.png 700w, https:\/\/modernbakery.hu\/wp-content\/uploads\/2021\/06\/image1-300x64.png 300w, https:\/\/modernbakery.hu\/wp-content\/uploads\/2021\/06\/image1-768x165.png 768w, https:\/\/modernbakery.hu\/wp-content\/uploads\/2021\/06\/image1-1536x329.png 1536w, https:\/\/modernbakery.hu\/wp-content\/uploads\/2021\/06\/image1.png 1600w\" sizes=\"auto, (max-width: 700px) 100vw, 700px\" \/><\/p>\n<table>\n<tbody>\n<tr>\n<td><b>modell<\/b><\/td>\n<td><b>m\u00e9rt\u00e9k<\/b><\/p>\n<p><b>egys\u00e9g<\/b><\/p>\n<\/td>\n<td><b>G600S<\/b><\/td>\n<td><b>H600 E PLUS<\/b><\/td>\n<td><b>LP1 S5 PLUS<\/b><\/td>\n<td><b>LP1 800<\/b><\/td>\n<td><b>LP1 S8 PLUS<\/b><\/p>\n<p><b>LP1 S8 TR PLUS<\/b><\/p>\n<\/td>\n<td><b>LP2 PLUS<\/b><\/p>\n<p><b>LP2 TR PLUS<\/b><\/p>\n<\/td>\n<td><b>LP3 PLUS<\/b><\/p>\n<p><b>LP3 TR PLUS<\/b><\/p>\n<\/td>\n<td><b>LP4 S8 PLUS<\/b><\/p>\n<p><b>LP4 S8 TR PLUS<\/b><\/p>\n<\/td>\n<\/tr>\n<tr>\n<td><b>mos\u00e1si ciklus\/h<\/b><\/td>\n<td><b>db\/h<\/b><\/td>\n<td><b>60\/30\/20\/12<\/b><\/td>\n<td><b>72\/40\/30\/20\/12<\/b><\/td>\n<td><b>60\/30\/20\/12<\/b><\/td>\n<td><b>30\/15\/10\/7,5\/6<\/b><\/td>\n<td><b>30\/15\/10\/7,5\/6<\/b><\/p>\n<p><b>13\/12\/8\/6,5\/5,5<\/b><\/p>\n<\/td>\n<td><b>20\/10\/6\/5<\/b><\/p>\n<p><b>15\/8\/6\/4<\/b><\/p>\n<\/td>\n<td><b>20\/10\/6\/5<\/b><\/p>\n<p><b>15\/8\/6\/4<\/b><\/p>\n<\/td>\n<td><b>20\/10\/6\/5<\/b><\/p>\n<p><b>15\/8\/5\/4<\/b><\/p>\n<\/td>\n<\/tr>\n<tr>\n<td><b>mos\u00e1si ciklus id\u0151<\/b><\/td>\n<td><b>perc<\/b><\/td>\n<td><b>1,5\/2\/3\/5<\/b><\/td>\n<td><b>1\/1,5\/2\/3\/5<\/b><\/td>\n<td><b>1\/2\/3\/5<\/b><\/td>\n<td><b>2\/4\/6\/8\/10<\/b><\/td>\n<td><b>2\/4\/6\/8\/10<\/b><\/p>\n<p><b>3\/5\/7\/9\/11<\/b><\/p>\n<\/td>\n<td><b>3\/6\/9\/12<\/b><\/p>\n<p><b>4\/7\/10\/13<\/b><\/p>\n<\/td>\n<td><b>3\/6\/9\/12<\/b><\/p>\n<p><b>4\/7\/10\/13<\/b><\/p>\n<\/td>\n<td><b>3\/6\/9\/12<\/b><\/p>\n<p><b>4,5\/7,5\/10,5\/13,5<\/b><\/p>\n<\/td>\n<\/tr>\n<tr>\n<td><b>mos\u00f3r\u00e1cs alapter\u00fclete<\/b><\/td>\n<td><b>mm<\/b><\/td>\n<td><b>500*500<\/b><\/td>\n<td><b>500*500<\/b><\/td>\n<td><b>500*610<\/b><\/td>\n<td><b>550*665<\/b><\/td>\n<td><b>550*665<\/b><\/td>\n<td><b>700*700<\/b><\/td>\n<td><b>850*725<\/b><\/td>\n<td><b>1350*725<\/b><\/td>\n<\/tr>\n<tr>\n<td><b>mos\u00f3t\u00e9r magass\u00e1ga<\/b><\/td>\n<td><b>mm<\/b><\/td>\n<td><b>400<\/b><\/td>\n<td><b>410<\/b><\/td>\n<td><b>440<\/b><\/td>\n<td><b>805<\/b><\/td>\n<td><b>805<\/b><\/td>\n<td><b>645<\/b><\/td>\n<td><b>645<\/b><\/td>\n<td><b>820<\/b><\/td>\n<\/tr>\n<tr>\n<td><b>k\u00fcls\u0151 m\u00e9rete<\/b><\/td>\n<td><b>cm<\/b><\/td>\n<td><b>60*68*86H<\/b><\/td>\n<td><b>72*73,5*144,5\/191,5H<\/b><\/td>\n<td><b>60*70*138H<\/b><\/td>\n<td><b>65*75*169\/207H<\/b><\/td>\n<td><b>69*80*189\/227H<\/b><\/p>\n<p><b>69*80*216,5H<\/b><\/p>\n<\/td>\n<td><b>84*88,5*179\/205H<\/b><\/p>\n<p><b>84*88,5*214H<\/b><\/p>\n<\/td>\n<td><b>99*88,5*179\/205H<\/b><\/p>\n<p><b>99*88,5*214H<\/b><\/p>\n<\/td>\n<td><b>149*88,5*197\/231H<\/b><\/p>\n<p><b>149*88,5*232H<\/b><\/p>\n<\/td>\n<\/tr>\n<tr>\n<td><b>be\u00e9p\u00edtett elektromos fogyaszt\u00e1s<\/b><\/td>\n<td><b>kW<\/b><\/td>\n<td><b>6,6<\/b><\/td>\n<td><b>10,5<\/b><\/td>\n<td><b>10,2<\/b><\/td>\n<td><b>8<\/b><\/td>\n<td><b>8<\/b><\/td>\n<td><b>12,5<\/b><\/td>\n<td><b>13,4<\/b><\/td>\n<td><b>14,8<\/b><\/td>\n<\/tr>\n<tr>\n<td><b>saj\u00e1t t\u00f6meg<\/b><\/td>\n<td><b>kg<\/b><\/td>\n<td><b>68<\/b><\/td>\n<td><b>104<\/b><\/td>\n<td><b>100<\/b><\/td>\n<td><b>110<\/b><\/td>\n<td><b>155<\/b><\/td>\n<td><b>199<\/b><\/td>\n<td><b>221<\/b><\/td>\n<td><b>320<\/b><\/td>\n<\/tr>\n<\/tbody>\n<\/table>\n<p><b>\u00a0\u00a0<\/b><\/p>\n<p style=\"text-align: center;\"><b>Az adatok t\u00e1j\u00e9koztat\u00f3 jelleg\u0171ek, a gy\u00e1rt\u00f3 a v\u00e1ltoz\u00e1s jog\u00e1t fenntartja<\/b><\/p>\n<\/div>\n<\/div><\/div><\/div><\/div><\/div>\n\n<div id=\"pl-gb1315-69e0fc1c1e942\"  class=\"panel-layout\" ><div id=\"pg-gb1315-69e0fc1c1e942-0\"  class=\"panel-grid panel-no-style\" ><div id=\"pgc-gb1315-69e0fc1c1e942-0-0\"  class=\"panel-grid-cell\" ><div id=\"panel-gb1315-69e0fc1c1e942-0-0-0\" class=\"so-panel widget widget_sow-button panel-first-child panel-last-child\" data-index=\"0\" ><div\n\t\t\t\n\t\t\tclass=\"so-widget-sow-button so-widget-sow-button-atom-1038cf0caefd-1315\"\n\t\t\t\n\t\t><div class=\"ow-button-base ow-button-align-center\"\n>\n\t\t\t<a\n\t\t\t\t\thref=\"https:\/\/modernbakery.hu\/pdf\/DIHR_LP_WEB.pdf\"\n\t\t\t\t\tclass=\"sowb-button ow-icon-placement-left ow-button-hover\" target=\"_blank\" rel=\"noopener noreferrer\" \t>\n\t\t<span>\n\t\t\t\t\t\t\t<div class=\"sow-icon-image\" style=\"background-image: url(https:\/\/modernbakery.hu\/wp-content\/uploads\/2018\/02\/g0ec05439b5b50e2376f33e1ecb83f245d28bf698b5a7c3ace86a22675e5a709ac7509c32d7c5e6d6be84972ab45480fa_1920-150x150.png)\"><\/div>\n\t\t\t\t\n\t\t\tLet\u00f6lthet\u0151 pdf &#8211; DIHR\/LP\t\t<\/span>\n\t\t\t<\/a>\n\t<\/div>\n<\/div><\/div><\/div><\/div><\/div>","protected":false},"excerpt":{"rendered":"<p>LP t\u00edpus\u00fa szakaszos \u00fczem\u0171 l\u00e1da \u00e9s eszk\u00f6z, mosogat\u00f3 g\u00e9pek<\/p>\n","protected":false},"author":4,"featured_media":0,"parent":0,"menu_order":0,"comment_status":"closed","ping_status":"closed","template":"","meta":{"footnotes":""},"class_list":["post-1315","page","type-page","status-publish","hentry"],"_links":{"self":[{"href":"https:\/\/modernbakery.hu\/index.php?rest_route=\/wp\/v2\/pages\/1315","targetHints":{"allow":["GET"]}}],"collection":[{"href":"https:\/\/modernbakery.hu\/index.php?rest_route=\/wp\/v2\/pages"}],"about":[{"href":"https:\/\/modernbakery.hu\/index.php?rest_route=\/wp\/v2\/types\/page"}],"author":[{"embeddable":true,"href":"https:\/\/modernbakery.hu\/index.php?rest_route=\/wp\/v2\/users\/4"}],"replies":[{"embeddable":true,"href":"https:\/\/modernbakery.hu\/index.php?rest_route=%2Fwp%2Fv2%2Fcomments&post=1315"}],"version-history":[{"count":13,"href":"https:\/\/modernbakery.hu\/index.php?rest_route=\/wp\/v2\/pages\/1315\/revisions"}],"predecessor-version":[{"id":1384,"href":"https:\/\/modernbakery.hu\/index.php?rest_route=\/wp\/v2\/pages\/1315\/revisions\/1384"}],"wp:attachment":[{"href":"https:\/\/modernbakery.hu\/index.php?rest_route=%2Fwp%2Fv2%2Fmedia&parent=1315"}],"curies":[{"name":"wp","href":"https:\/\/api.w.org\/{rel}","templated":true}]}}