{"id":1317,"date":"2021-06-25T06:51:59","date_gmt":"2021-06-25T06:51:59","guid":{"rendered":"https:\/\/modernbakery.hu\/?page_id=1317"},"modified":"2021-06-25T07:50:36","modified_gmt":"2021-06-25T07:50:36","slug":"folyamatos-uzemu-athordo-rendszeru-lada","status":"publish","type":"page","link":"https:\/\/modernbakery.hu\/?page_id=1317","title":{"rendered":"VX t\u00edpus\u00fa folyamatos \u00fczem\u0171, \u00e1thord\u00f3 rendszer\u0171 l\u00e1da \u00e9s eszk\u00f6z, mosogat\u00f3 g\u00e9pek"},"content":{"rendered":"<div id=\"pl-gb1317-69e24352a9a38\"  class=\"panel-layout\" ><div id=\"pg-gb1317-69e24352a9a38-0\"  class=\"panel-grid panel-no-style\" ><div id=\"pgc-gb1317-69e24352a9a38-0-0\"  class=\"panel-grid-cell\" ><div id=\"panel-gb1317-69e24352a9a38-0-0-0\" class=\"so-panel widget widget_sow-editor panel-first-child\" data-index=\"0\" ><div\n\t\t\t\n\t\t\tclass=\"so-widget-sow-editor so-widget-sow-editor-base\"\n\t\t\t\n\t\t>\n<div class=\"siteorigin-widget-tinymce textwidget\">\n\t<h2 style=\"text-align: center;\"><span style=\"color: #a91f24;\">VX t\u00edpus\u00fa folyamatos \u00fczem\u0171, \u00e1thord\u00f3 rendszer\u0171 l\u00e1da \u00e9s eszk\u00f6z, mosogat\u00f3 g\u00e9pek<\/span><\/h2>\n<hr \/>\n<p>\u00a0<\/p>\n<\/div>\n<\/div><\/div><div id=\"panel-gb1317-69e24352a9a38-0-0-1\" class=\"so-panel widget widget_sow-editor\" data-index=\"1\" ><div\n\t\t\t\n\t\t\tclass=\"so-widget-sow-editor so-widget-sow-editor-base\"\n\t\t\t\n\t\t><h3 class=\"widget-title\">DIHR\/VX<\/h3>\n<div class=\"siteorigin-widget-tinymce textwidget\">\n\t<p><b>DIHR gy\u00e1rtm\u00e1ny\u00fa VX t\u00edpus\u00fa folyamatos \u00fczem\u0171, \u00e1thord\u00f3 rendszer\u0171 l\u00e1da \u00e9s eszk\u00f6z, mosogat\u00f3 g\u00e9pek.\u00a0<\/b><\/p>\n<p><b>Minden berendez\u00e9s 85 \u00b0C forgatott v\u00edzzel mosogatja el a bel\u00e9 tett eszk\u00f6z\u00f6ket. A g\u00e9peket 50\u00a0 \u00b0C v\u00edzzel kell megt\u00e1pl\u00e1lni. Ha erre nincs lehet\u0151s\u00e9g extra f\u0171t\u0151 elemet kell a mosogat\u00f3g\u00e9pbe szerelni. A mosogat\u00f3 g\u00e9pek el\u0151re be\u00e1ll\u00edtott program szerint v\u00e9gzik a munk\u00e1jukat.\u00a0<\/b><\/p>\n<p><b>Opcion\u00e1lisan rendelhet\u0151 hozz\u00e1juk mosogat\u00f3 \u00e9s \u00f6bl\u00edt\u0151szer szivatty\u00fa.\u00a0<\/b><\/p>\n<p><b>Opcion\u00e1lisan rendelhet\u0151 saj\u00e1t h\u0151visszanyer\u0151 egys\u00e9ggel a mosogat\u00f3 g\u00e9p.<\/b><\/p>\n<p><b>A berendez\u00e9s rendelhet\u0151 egy kezel\u0151s kivitelben is.<\/b><\/p>\n<p><img loading=\"lazy\" decoding=\"async\" class=\"alignnone size-large wp-image-1351\" src=\"https:\/\/modernbakery.hu\/wp-content\/uploads\/2021\/06\/image1-700x450.jpg\" alt=\"\" width=\"700\" height=\"450\" srcset=\"https:\/\/modernbakery.hu\/wp-content\/uploads\/2021\/06\/image1-700x450.jpg 700w, https:\/\/modernbakery.hu\/wp-content\/uploads\/2021\/06\/image1-300x193.jpg 300w, https:\/\/modernbakery.hu\/wp-content\/uploads\/2021\/06\/image1-768x493.jpg 768w, https:\/\/modernbakery.hu\/wp-content\/uploads\/2021\/06\/image1.jpg 878w\" sizes=\"auto, (max-width: 700px) 100vw, 700px\" \/><img loading=\"lazy\" decoding=\"async\" class=\"alignnone size-full wp-image-1357\" src=\"https:\/\/modernbakery.hu\/wp-content\/uploads\/2021\/06\/VX_300_400.jpg\" alt=\"\" width=\"600\" height=\"442\" srcset=\"https:\/\/modernbakery.hu\/wp-content\/uploads\/2021\/06\/VX_300_400.jpg 600w, https:\/\/modernbakery.hu\/wp-content\/uploads\/2021\/06\/VX_300_400-300x221.jpg 300w\" sizes=\"auto, (max-width: 600px) 100vw, 600px\" \/><\/p>\n<table>\n<tbody>\n<tr>\n<td><b>modell<\/b><\/td>\n<td><b>m\u00e9rt\u00e9k<\/b><\/p>\n<p><b>egys\u00e9g<\/b><\/p>\n<\/td>\n<td><b>VX 231<\/b><\/td>\n<td><b>VX 281<\/b><\/td>\n<td><b>VX 301<\/b><\/td>\n<td><b>VX 401<\/b><\/td>\n<\/tr>\n<tr>\n<td><b>kapacit\u00e1s\/\u00f3ra<\/b><\/td>\n<td><b>db\/h<\/b><\/td>\n<td><b>200<\/b><\/td>\n<td><b>200<\/b><\/td>\n<td><b>260<\/b><\/td>\n<td><b>400<\/b><\/td>\n<\/tr>\n<tr>\n<td><b>\u00e1thalad\u00e1si sebess\u00e9g<\/b><\/td>\n<td><b>m\/perc<\/b><\/td>\n<td><b>1,5-2<\/b><\/td>\n<td><b>1,5-2<\/b><\/td>\n<td><b>2-2,6<\/b><\/td>\n<td><b>2,6-4<\/b><\/td>\n<\/tr>\n<tr>\n<td><b>a g\u00e9pbe t\u00f6lthet\u0151 legnagyobb m\u00e9ret<\/b><\/td>\n<td><b>mm<\/b><\/td>\n<td><b>510*600*500H<\/b><\/td>\n<td><b>510*600*800H<\/b><\/td>\n<td><b>510*600*500H<\/b><\/td>\n<td><b>510*600*500H<\/b><\/td>\n<\/tr>\n<tr>\n<td><b>v\u00edzfogyaszt\u00e1s<\/b><\/td>\n<td><b>liter\/\u00f3ra<\/b><\/td>\n<td><b>280<\/b><\/td>\n<td><b>280<\/b><\/td>\n<td><b>320<\/b><\/td>\n<td><b>345<\/b><\/td>\n<\/tr>\n<tr>\n<td><b>k\u00fcls\u0151 m\u00e9rete<\/b><\/td>\n<td><b>mm<\/b><\/td>\n<td><b>2600*805*1830\/2120H<\/b><\/td>\n<td><b>2800*805*2130\/2420H<\/b><\/td>\n<td><b>4100*805*2090*2120H<\/b><\/td>\n<td><b>4100*805*1830\/2120H<\/b><\/td>\n<\/tr>\n<tr>\n<td><b>be\u00e9p\u00edtett elektromos fogyaszt\u00e1s<\/b><\/td>\n<td><b>kW<\/b><\/td>\n<td><b>6,6<\/b><\/td>\n<td><b>10,5<\/b><\/td>\n<td><b>10,2<\/b><\/td>\n<td><b>8<\/b><\/td>\n<\/tr>\n<tr>\n<td><b>saj\u00e1t t\u00f6meg<\/b><\/td>\n<td><b>kg<\/b><\/td>\n<td><b>270<\/b><\/td>\n<td><b>310<\/b><\/td>\n<td><b>455<\/b><\/td>\n<td><b>455<\/b><\/td>\n<\/tr>\n<\/tbody>\n<\/table>\n<p style=\"text-align: center;\"><b>\u00a0 Az adatok t\u00e1j\u00e9koztat\u00f3 jelleg\u0171ek, a gy\u00e1rt\u00f3 a v\u00e1ltoz\u00e1s jog\u00e1t fenntartja<\/b><\/p>\n<\/div>\n<\/div><\/div><div id=\"panel-gb1317-69e24352a9a38-0-0-2\" class=\"so-panel widget widget_sow-button panel-last-child\" data-index=\"2\" ><div\n\t\t\t\n\t\t\tclass=\"so-widget-sow-button so-widget-sow-button-atom-1038cf0caefd-1317\"\n\t\t\t\n\t\t><div class=\"ow-button-base ow-button-align-center\"\n>\n\t\t\t<a\n\t\t\t\t\thref=\"https:\/\/modernbakery.hu\/pdf\/DIHR_VX_LX_LXHD.pdf\"\n\t\t\t\t\tclass=\"sowb-button ow-icon-placement-left ow-button-hover\" target=\"_blank\" rel=\"noopener noreferrer\" \t>\n\t\t<span>\n\t\t\t\t\t\t\t<div class=\"sow-icon-image\" style=\"background-image: url(https:\/\/modernbakery.hu\/wp-content\/uploads\/2018\/02\/g0ec05439b5b50e2376f33e1ecb83f245d28bf698b5a7c3ace86a22675e5a709ac7509c32d7c5e6d6be84972ab45480fa_1920-150x150.png)\"><\/div>\n\t\t\t\t\n\t\t\tLet\u00f6lthet\u0151 pdf &#8211; DIHR\/VX\t\t<\/span>\n\t\t\t<\/a>\n\t<\/div>\n<\/div><\/div><\/div><\/div><\/div>","protected":false},"excerpt":{"rendered":"<p>VX t\u00edpus\u00fa folyamatos \u00fczem\u0171, \u00e1thord\u00f3 rendszer\u0171 l\u00e1da \u00e9s eszk\u00f6z, mosogat\u00f3 g\u00e9pek \u00a0 DIHR gy\u00e1rtm\u00e1ny\u00fa VX t\u00edpus\u00fa folyamatos \u00fczem\u0171, \u00e1thord\u00f3 rendszer\u0171 l\u00e1da \u00e9s eszk\u00f6z, mosogat\u00f3 g\u00e9pek.\u00a0 Minden berendez\u00e9s 85 \u00b0C forgatott v\u00edzzel mosogatja el a bel\u00e9 tett eszk\u00f6z\u00f6ket. A g\u00e9peket 50\u00a0 \u00b0C v\u00edzzel kell megt\u00e1pl\u00e1lni. Ha erre nincs lehet\u0151s\u00e9g extra f\u0171t\u0151 elemet kell a mosogat\u00f3g\u00e9pbe szerelni. [&hellip;]<\/p>\n","protected":false},"author":4,"featured_media":0,"parent":0,"menu_order":0,"comment_status":"closed","ping_status":"closed","template":"","meta":{"footnotes":""},"class_list":["post-1317","page","type-page","status-publish","hentry"],"_links":{"self":[{"href":"https:\/\/modernbakery.hu\/index.php?rest_route=\/wp\/v2\/pages\/1317","targetHints":{"allow":["GET"]}}],"collection":[{"href":"https:\/\/modernbakery.hu\/index.php?rest_route=\/wp\/v2\/pages"}],"about":[{"href":"https:\/\/modernbakery.hu\/index.php?rest_route=\/wp\/v2\/types\/page"}],"author":[{"embeddable":true,"href":"https:\/\/modernbakery.hu\/index.php?rest_route=\/wp\/v2\/users\/4"}],"replies":[{"embeddable":true,"href":"https:\/\/modernbakery.hu\/index.php?rest_route=%2Fwp%2Fv2%2Fcomments&post=1317"}],"version-history":[{"count":6,"href":"https:\/\/modernbakery.hu\/index.php?rest_route=\/wp\/v2\/pages\/1317\/revisions"}],"predecessor-version":[{"id":1385,"href":"https:\/\/modernbakery.hu\/index.php?rest_route=\/wp\/v2\/pages\/1317\/revisions\/1385"}],"wp:attachment":[{"href":"https:\/\/modernbakery.hu\/index.php?rest_route=%2Fwp%2Fv2%2Fmedia&parent=1317"}],"curies":[{"name":"wp","href":"https:\/\/api.w.org\/{rel}","templated":true}]}}