{"id":1418,"date":"2021-07-01T10:51:35","date_gmt":"2021-07-01T10:51:35","guid":{"rendered":"https:\/\/modernbakery.hu\/?page_id=1418"},"modified":"2021-07-01T11:02:22","modified_gmt":"2021-07-01T11:02:22","slug":"csesze-emelo","status":"publish","type":"page","link":"https:\/\/modernbakery.hu\/?page_id=1418","title":{"rendered":"Cs\u00e9sze emel\u0151-billent\u0151"},"content":{"rendered":"<div id=\"pl-gb1418-69e4b881aefb5\"  class=\"panel-layout\" ><div id=\"pg-gb1418-69e4b881aefb5-0\"  class=\"panel-grid panel-no-style\" ><div id=\"pgc-gb1418-69e4b881aefb5-0-0\"  class=\"panel-grid-cell\" ><div id=\"panel-gb1418-69e4b881aefb5-0-0-0\" class=\"so-panel widget widget_sow-editor panel-first-child\" data-index=\"0\" ><div\n\t\t\t\n\t\t\tclass=\"so-widget-sow-editor so-widget-sow-editor-base\"\n\t\t\t\n\t\t>\n<div class=\"siteorigin-widget-tinymce textwidget\">\n\t<h2 style=\"text-align: center;\"><span style=\"color: #a91f24;\">Cs\u00e9sze emel\u0151-billent\u0151<\/span><\/h2>\n<hr \/>\n<\/div>\n<\/div><\/div><div id=\"panel-gb1418-69e4b881aefb5-0-0-1\" class=\"so-panel widget widget_sow-editor panel-last-child\" data-index=\"1\" ><div\n\t\t\t\n\t\t\tclass=\"so-widget-sow-editor so-widget-sow-editor-base\"\n\t\t\t\n\t\t>\n<div class=\"siteorigin-widget-tinymce textwidget\">\n\t<h4><strong>HK 200 ipari cs\u00e9sze emel\u0151-billent\u0151 g\u00e9pcsal\u00e1d, 1000 kg emel\u00e9si kapacit\u00e1ssal, k\u00fcl\u00f6nb\u00f6z\u0151 billent\u00e9si ir\u00e1nyokkal<\/strong><\/h4>\n<p><img loading=\"lazy\" decoding=\"async\" class=\"alignnone size-full wp-image-1421\" src=\"https:\/\/modernbakery.hu\/wp-content\/uploads\/2021\/07\/kep1.png\" alt=\"\" width=\"657\" height=\"612\" srcset=\"https:\/\/modernbakery.hu\/wp-content\/uploads\/2021\/07\/kep1.png 657w, https:\/\/modernbakery.hu\/wp-content\/uploads\/2021\/07\/kep1-300x279.png 300w\" sizes=\"auto, (max-width: 657px) 100vw, 657px\" \/><\/p>\n<h4><strong>T\u00edpusok:<\/strong><\/h4>\n<p><span style=\"font-weight: 400;\">HK 200 R-Billent\u00e9si ir\u00e1ny: jobb<\/span><\/p>\n<p><span style=\"font-weight: 400;\">HK 200 L-Billent\u00e9si ir\u00e1ny: bal<\/span><\/p>\n<p><span style=\"font-weight: 400;\">HK 200 RD-Billent\u00e9si ir\u00e1ny: jobb\u00a0<\/span><\/p>\n<p><span style=\"font-weight: 400;\">HK 200 LD-Billent\u00e9si ir\u00e1ny: bal<\/span><\/p>\n<p><span style=\"font-weight: 400;\">HK 200 RL-Billent\u00e9si ir\u00e1ny: jobb \u00e9s bal<\/span><\/p>\n<p><span style=\"font-weight: 400;\">Billent\u00e9si magass\u00e1g: 2000 mm-ig<\/span><\/p>\n<p><span style=\"font-weight: 400;\">T\u00e9sztagaratmagass\u00e1g: 1900 mm-ig<\/span><\/p>\n<p><span style=\"font-weight: 400;\">Kapcsol\u00e1si adatok: 400 V, 1,5 kW, 16 A, Kiv\u00e9ve HK200 RL&#8212;2,2 kW<\/span><\/p>\n<\/div>\n<\/div><\/div><\/div><\/div><\/div>","protected":false},"excerpt":{"rendered":"<p>Cs\u00e9sze emel\u0151-billent\u0151 HK 200 ipari cs\u00e9sze emel\u0151-billent\u0151 g\u00e9pcsal\u00e1d, 1000 kg emel\u00e9si kapacit\u00e1ssal, k\u00fcl\u00f6nb\u00f6z\u0151 billent\u00e9si ir\u00e1nyokkal T\u00edpusok: HK 200 R-Billent\u00e9si ir\u00e1ny: jobb HK 200 L-Billent\u00e9si ir\u00e1ny: bal HK 200 RD-Billent\u00e9si ir\u00e1ny: jobb\u00a0 HK 200 LD-Billent\u00e9si ir\u00e1ny: bal HK 200 RL-Billent\u00e9si ir\u00e1ny: jobb \u00e9s bal Billent\u00e9si magass\u00e1g: 2000 mm-ig T\u00e9sztagaratmagass\u00e1g: 1900 mm-ig Kapcsol\u00e1si adatok: 400 V, 1,5 [&hellip;]<\/p>\n","protected":false},"author":4,"featured_media":0,"parent":0,"menu_order":0,"comment_status":"closed","ping_status":"closed","template":"","meta":{"footnotes":""},"class_list":["post-1418","page","type-page","status-publish","hentry"],"_links":{"self":[{"href":"https:\/\/modernbakery.hu\/index.php?rest_route=\/wp\/v2\/pages\/1418","targetHints":{"allow":["GET"]}}],"collection":[{"href":"https:\/\/modernbakery.hu\/index.php?rest_route=\/wp\/v2\/pages"}],"about":[{"href":"https:\/\/modernbakery.hu\/index.php?rest_route=\/wp\/v2\/types\/page"}],"author":[{"embeddable":true,"href":"https:\/\/modernbakery.hu\/index.php?rest_route=\/wp\/v2\/users\/4"}],"replies":[{"embeddable":true,"href":"https:\/\/modernbakery.hu\/index.php?rest_route=%2Fwp%2Fv2%2Fcomments&post=1418"}],"version-history":[{"count":3,"href":"https:\/\/modernbakery.hu\/index.php?rest_route=\/wp\/v2\/pages\/1418\/revisions"}],"predecessor-version":[{"id":1424,"href":"https:\/\/modernbakery.hu\/index.php?rest_route=\/wp\/v2\/pages\/1418\/revisions\/1424"}],"wp:attachment":[{"href":"https:\/\/modernbakery.hu\/index.php?rest_route=%2Fwp%2Fv2%2Fmedia&parent=1418"}],"curies":[{"name":"wp","href":"https:\/\/api.w.org\/{rel}","templated":true}]}}