{"id":486,"date":"2018-02-21T15:50:59","date_gmt":"2018-02-21T15:50:59","guid":{"rendered":"https:\/\/modernbakery.hu\/?page_id=486"},"modified":"2018-02-21T15:50:59","modified_gmt":"2018-02-21T15:50:59","slug":"kiallitasok","status":"publish","type":"page","link":"https:\/\/modernbakery.hu\/?page_id=486","title":{"rendered":"Ki\u00e1ll\u00edt\u00e1sok"},"content":{"rendered":"<div id=\"pl-486\"  class=\"panel-layout\" ><div id=\"pg-486-0\"  class=\"panel-grid panel-no-style\" ><div id=\"pgc-486-0-0\"  class=\"panel-grid-cell\" ><div id=\"panel-486-0-0-0\" class=\"so-panel widget widget_sow-editor panel-first-child panel-last-child\" data-index=\"0\" ><div\n\t\t\t\n\t\t\tclass=\"so-widget-sow-editor so-widget-sow-editor-base\"\n\t\t\t\n\t\t>\n<div class=\"siteorigin-widget-tinymce textwidget\">\n\t<h2 style=\"text-align: center;\"><span style=\"color: #a91f24;\">Ki\u00e1ll\u00edt\u00e1sok<\/span><\/h2>\n<hr \/>\n<p>\u00a0<\/p>\n<\/div>\n<\/div><\/div><\/div><\/div><div id=\"pg-486-1\"  class=\"panel-grid panel-no-style\" ><div id=\"pgc-486-1-0\"  class=\"panel-grid-cell panel-grid-cell-empty\" ><\/div><\/div><\/div>","protected":false},"excerpt":{"rendered":"<p>Ki\u00e1ll\u00edt\u00e1sok \u00a0<\/p>\n","protected":false},"author":4,"featured_media":0,"parent":0,"menu_order":0,"comment_status":"closed","ping_status":"closed","template":"","meta":{"footnotes":""},"class_list":["post-486","page","type-page","status-publish","hentry"],"_links":{"self":[{"href":"https:\/\/modernbakery.hu\/index.php?rest_route=\/wp\/v2\/pages\/486","targetHints":{"allow":["GET"]}}],"collection":[{"href":"https:\/\/modernbakery.hu\/index.php?rest_route=\/wp\/v2\/pages"}],"about":[{"href":"https:\/\/modernbakery.hu\/index.php?rest_route=\/wp\/v2\/types\/page"}],"author":[{"embeddable":true,"href":"https:\/\/modernbakery.hu\/index.php?rest_route=\/wp\/v2\/users\/4"}],"replies":[{"embeddable":true,"href":"https:\/\/modernbakery.hu\/index.php?rest_route=%2Fwp%2Fv2%2Fcomments&post=486"}],"version-history":[{"count":3,"href":"https:\/\/modernbakery.hu\/index.php?rest_route=\/wp\/v2\/pages\/486\/revisions"}],"predecessor-version":[{"id":489,"href":"https:\/\/modernbakery.hu\/index.php?rest_route=\/wp\/v2\/pages\/486\/revisions\/489"}],"wp:attachment":[{"href":"https:\/\/modernbakery.hu\/index.php?rest_route=%2Fwp%2Fv2%2Fmedia&parent=486"}],"curies":[{"name":"wp","href":"https:\/\/api.w.org\/{rel}","templated":true}]}}