{"id":526,"date":"2018-02-22T13:45:23","date_gmt":"2018-02-22T13:45:23","guid":{"rendered":"https:\/\/modernbakery.hu\/?page_id=526"},"modified":"2021-06-24T14:46:32","modified_gmt":"2021-06-24T14:46:32","slug":"tesztafeldolgozo-vonalak","status":"publish","type":"page","link":"https:\/\/modernbakery.hu\/?page_id=526","title":{"rendered":"T\u00e9sztafeldolgoz\u00f3 vonalak"},"content":{"rendered":"<div id=\"pl-526\"  class=\"panel-layout\" ><div id=\"pg-526-0\"  class=\"panel-grid panel-no-style\" ><div id=\"pgc-526-0-0\"  class=\"panel-grid-cell\" ><div id=\"panel-526-0-0-0\" class=\"so-panel widget widget_sow-editor panel-first-child panel-last-child\" data-index=\"0\" ><div\n\t\t\t\n\t\t\tclass=\"so-widget-sow-editor so-widget-sow-editor-base\"\n\t\t\t\n\t\t>\n<div class=\"siteorigin-widget-tinymce textwidget\">\n\t<h2 style=\"text-align: center;\"><span style=\"color: #a91f24;\">T\u00e9sztafeldolgoz\u00f3 vonalak<\/span><\/h2>\n<hr \/>\n<\/div>\n<\/div><\/div><\/div><\/div><div id=\"pg-526-1\"  class=\"panel-grid panel-no-style\" ><div id=\"pgc-526-1-0\"  class=\"panel-grid-cell\" ><div id=\"panel-526-1-0-0\" class=\"so-panel widget widget_sow-editor panel-first-child panel-last-child\" data-index=\"1\" ><div\n\t\t\t\n\t\t\tclass=\"so-widget-sow-editor so-widget-sow-editor-base\"\n\t\t\t\n\t\t><h3 class=\"widget-title\">AMIBA 6000 CROISSANTS automata feldolgoz\u00f3 vonal<\/h3>\n<div class=\"siteorigin-widget-tinymce textwidget\">\n\t<p><b>Az AMIBA 6000 t\u00edpus\u00fa <\/b><b>Croissant<\/b><b> feldolgoz\u00f3 vonal az el\u0151re elk\u00e9sz\u00edtett leveles t\u00e9szt\u00e1t egy kalibr\u00e1l\u00f3 egys\u00e9gen kereszt\u00fcl a forg\u00f3 v\u00e1g\u00f3 egys\u00e9ggel felkonfekcion\u00e1lja<\/b><b>,<\/b><b> majd a t\u00e9szt\u00e1t ig\u00e9ny szerint t\u00f6lti. Azut\u00e1n a felv\u00e1gott t\u00e9szt\u00e1t beforgatja a sodr\u00f3 egys\u00e9gekhez<\/b><b>,<\/b><b> amelyek a <\/b><b>croissant-t<\/b><b> felsodorj\u00e1k.<\/b><\/p>\n<p><b>A berendez\u00e9s kapacit\u00e1sa: 4000-6000 db\/\u00f3ra<\/b><\/p>\n<p><strong>\u00a0<\/strong><\/p>\n<p><img loading=\"lazy\" decoding=\"async\" class=\"alignnone wp-image-527 size-full\" src=\"https:\/\/modernbakery.hu\/wp-content\/uploads\/2018\/02\/AMIBA-6000.jpg\" alt=\"\" width=\"639\" height=\"483\" srcset=\"https:\/\/modernbakery.hu\/wp-content\/uploads\/2018\/02\/AMIBA-6000.jpg 639w, https:\/\/modernbakery.hu\/wp-content\/uploads\/2018\/02\/AMIBA-6000-300x227.jpg 300w\" sizes=\"auto, (max-width: 639px) 100vw, 639px\" \/><\/p>\n<p><img loading=\"lazy\" decoding=\"async\" class=\"size-large wp-image-1292 alignnone\" src=\"https:\/\/modernbakery.hu\/wp-content\/uploads\/2021\/06\/amiba-700x107.jpg\" alt=\"\" width=\"700\" height=\"107\" srcset=\"https:\/\/modernbakery.hu\/wp-content\/uploads\/2021\/06\/amiba-700x107.jpg 700w, https:\/\/modernbakery.hu\/wp-content\/uploads\/2021\/06\/amiba-300x46.jpg 300w, https:\/\/modernbakery.hu\/wp-content\/uploads\/2021\/06\/amiba-768x117.jpg 768w, https:\/\/modernbakery.hu\/wp-content\/uploads\/2021\/06\/amiba.jpg 1466w\" sizes=\"auto, (max-width: 700px) 100vw, 700px\" \/><\/p>\n<p style=\"text-align: center;\"><strong>Az adatok t\u00e1j\u00e9koztat\u00f3 jelleg\u0171ek a v\u00e1ltoztat\u00e1s jog\u00e1t fenntartja mag\u00e1nak a gy\u00e1rt\u00f3<\/strong><\/p>\n<\/div>\n<\/div><\/div><\/div><\/div><div id=\"pg-526-2\"  class=\"panel-grid panel-no-style\" ><div id=\"pgc-526-2-0\"  class=\"panel-grid-cell\" ><div id=\"panel-526-2-0-0\" class=\"so-panel widget widget_siteorigin-panels-builder panel-first-child panel-last-child\" data-index=\"2\" ><div id=\"pl-w60d49aa03bc7b\"  class=\"panel-layout\" ><div id=\"pg-w60d49aa03bc7b-0\"  class=\"panel-grid panel-no-style\" ><div id=\"pgc-w60d49aa03bc7b-0-0\"  class=\"panel-grid-cell\" ><div id=\"panel-w60d49aa03bc7b-0-0-0\" class=\"so-panel widget widget_sow-editor panel-first-child panel-last-child\" data-index=\"0\" ><div\n\t\t\t\n\t\t\tclass=\"so-widget-sow-editor so-widget-sow-editor-base\"\n\t\t\t\n\t\t><h3 class=\"widget-title\">PETITE LINE finom\u00e1ru feldolgoz\u00f3 vonal<\/h3>\n<div class=\"siteorigin-widget-tinymce textwidget\">\n\t<p><span style=\"font-weight: 400;\">A berendez\u00e9s \u00e9lelmiszerrel \u00e9rintkez\u0151 r\u00e9szei AISI 304 rozsdamentes ac\u00e9lb\u00f3l vagy az \u00e9lelmiszeriparban haszn\u00e1latos anyagokb\u00f3l k\u00e9sz\u00fclnek.<\/span><\/p>\n<p><span style=\"font-weight: 400;\">A berendez\u00e9s a 2006\/42\/CE \u00e9s CE n.1935\/2004 el\u0151\u00edr\u00e1sainak \u00e9s azok m\u00f3dos\u00edt\u00e1sainak megfelel\u0151en rendelkezik CE min\u0151s\u00edt\u00e9ssel. A motorok elektronikus sebess\u00e9gv\u00e1ltoztat\u00f3 vez\u00e9rl\u00e9ssel vannak ell\u00e1tva.<\/span><\/p>\n<p style=\"text-align: center;\"><strong><img loading=\"lazy\" decoding=\"async\" class=\"alignnone wp-image-528\" src=\"https:\/\/modernbakery.hu\/wp-content\/uploads\/2018\/02\/PETITE-LINE.jpg\" alt=\"\" width=\"600\" height=\"320\" srcset=\"https:\/\/modernbakery.hu\/wp-content\/uploads\/2018\/02\/PETITE-LINE.jpg 934w, https:\/\/modernbakery.hu\/wp-content\/uploads\/2018\/02\/PETITE-LINE-300x160.jpg 300w, https:\/\/modernbakery.hu\/wp-content\/uploads\/2018\/02\/PETITE-LINE-768x409.jpg 768w, https:\/\/modernbakery.hu\/wp-content\/uploads\/2018\/02\/PETITE-LINE-700x373.jpg 700w\" sizes=\"auto, (max-width: 600px) 100vw, 600px\" \/><\/strong><\/p>\n<\/div>\n<\/div><\/div><\/div><\/div><div id=\"pg-w60d49aa03bc7b-1\"  class=\"panel-grid panel-no-style\" ><div id=\"pgc-w60d49aa03bc7b-1-0\"  class=\"panel-grid-cell\" ><div id=\"panel-w60d49aa03bc7b-1-0-0\" class=\"so-panel widget widget_sow-editor panel-first-child panel-last-child\" data-index=\"1\" ><div\n\t\t\t\n\t\t\tclass=\"so-widget-sow-editor so-widget-sow-editor-base\"\n\t\t\t\n\t\t>\n<div class=\"siteorigin-widget-tinymce textwidget\">\n\t<p><strong>\u00a0<\/strong><u><strong>I: Alap feldolgoz\u00f3 vonal mely \u00e1ll:<\/strong><\/u><\/p>\n<p><strong>1 db Easy tip. kalibr\u00e1l\u00f3 egys\u00e9g <\/strong><\/p>\n<p>T\u00e9sztavastags\u00e1g vez\u00e9rl\u00e9s kijelz\u00e9se;<\/p>\n<p>Inverterek seg\u00edts\u00e9g\u00e9vel v\u00e1ltoztathat\u00f3 sebess\u00e9g;<\/p>\n<p>Henger\u00e1tm\u00e9r\u0151: 80 mm;<\/p>\n<p>Behord\u00f3 szalag szinkroniz\u00e1lt sebess\u00e9ge;<\/p>\n<p>A szalag hossza: 1,1 m\u00e9ter;<\/p>\n<p>A szalag sz\u00e9less\u00e9ges: 650 mm;<\/p>\n<p>Rozsdamentes ac\u00e9l \u00e9s alum\u00ednium szerkezet<\/p>\n<p>\u00a0<\/p>\n<p><strong>1 db finom\u00e1ru alapvonal 6 m\u00e9ter <\/strong><\/p>\n<p>Rozsdamentes ac\u00e9l \u00e9s alum\u00ednium konstrukci\u00f3;<\/p>\n<p>Dupla forg\u00f3 v\u00e1g\u00f3egys\u00e9g;<\/p>\n<p>A sz\u00e1ll\u00edt\u00f3szalag hossza: 6.000 mm.;<\/p>\n<p>A sz\u00e1ll\u00edt\u00f3szalag sz\u00e9less\u00e9ge: 650 mm.;<\/p>\n<p>Hasznos munkasz\u00e9less\u00e9g: 600 mm.;<\/p>\n<p>Inverter seg\u00edts\u00e9g\u00e9vel \u00e1ll\u00edthat\u00f3 sebess\u00e9g 1- 6 mt\/perc;<\/p>\n<p>Depozitor (lerak\u00f3) \u00e9s guillotine;<\/p>\n<p>2 db hengerr\u00f6gz\u00edt\u0151;<\/p>\n<p>Az asztal l\u00e1baira helyezett hengertart\u00f3;<\/p>\n<p>Eke az oldalt felgy\u00fclemlett t\u00f6rmel\u00e9k elt\u00e1vol\u00edt\u00e1s\u00e1hoz.<\/p>\n<p>FDA szabv\u00e1nynak megfelel\u0151, az \u00e9lelmiszeriparban haszn\u00e1latos poliuret\u00e1n sz\u00e1ll\u00edt\u00f3szalagok.<\/p>\n<p style=\"text-align: center;\">\u00a0<\/p>\n<\/div>\n<\/div><\/div><\/div><div id=\"pgc-w60d49aa03bc7b-1-1\"  class=\"panel-grid-cell\" ><div id=\"panel-w60d49aa03bc7b-1-1-0\" class=\"so-panel widget widget_sow-image panel-first-child panel-last-child\" data-index=\"2\" ><div\n\t\t\t\n\t\t\tclass=\"so-widget-sow-image so-widget-sow-image-default-8b5b6f678277\"\n\t\t\t\n\t\t>\n<div class=\"sow-image-container\">\n\t\t<img \n\tsrc=\"https:\/\/modernbakery.hu\/wp-content\/uploads\/2018\/02\/PETITE-LINE-2.jpg\" width=\"1010\" height=\"750\" srcset=\"https:\/\/modernbakery.hu\/wp-content\/uploads\/2018\/02\/PETITE-LINE-2.jpg 1010w, https:\/\/modernbakery.hu\/wp-content\/uploads\/2018\/02\/PETITE-LINE-2-300x223.jpg 300w, https:\/\/modernbakery.hu\/wp-content\/uploads\/2018\/02\/PETITE-LINE-2-768x570.jpg 768w, https:\/\/modernbakery.hu\/wp-content\/uploads\/2018\/02\/PETITE-LINE-2-700x520.jpg 700w\" sizes=\"(max-width: 1010px) 100vw, 1010px\" alt=\"\" \t\tclass=\"so-widget-image\"\/>\n\t<\/div>\n\n<\/div><\/div><\/div><\/div><div id=\"pg-w60d49aa03bc7b-2\"  class=\"panel-grid panel-no-style\" ><div id=\"pgc-w60d49aa03bc7b-2-0\"  class=\"panel-grid-cell\" ><div id=\"panel-w60d49aa03bc7b-2-0-0\" class=\"so-panel widget widget_sow-editor panel-first-child panel-last-child\" data-index=\"3\" ><div\n\t\t\t\n\t\t\tclass=\"so-widget-sow-editor so-widget-sow-editor-base\"\n\t\t\t\n\t\t>\n<div class=\"siteorigin-widget-tinymce textwidget\">\n\t<ul>\n<li><strong>1 db elektromos, 6 fejes, t\u00f6ltel\u00e9k szivatty\u00fa <\/strong><\/li>\n<\/ul>\n<p>\u00c1ll\u00edthat\u00f3 sebess\u00e9g\u0171 t\u00f6ltel\u00e9k szivatty\u00fa 6 kimenettel;<\/p>\n<p>Helybeni-k\u00f6ztes \u00e9s folyamatos adagol\u00e1sra alkalmas;<\/p>\n<p>V\u00e1kuumos, nem csepegtet\u0151 ciklus;<\/p>\n<p>Kivezet\u0151 ny\u00edl\u00e1sok elz\u00e1r\u00e1s\u00e1nak a lehet\u0151s\u00e9ge<\/p>\n<p style=\"text-align: center;\">\u00a0<\/p>\n<\/div>\n<\/div><\/div><\/div><div id=\"pgc-w60d49aa03bc7b-2-1\"  class=\"panel-grid-cell\" ><div id=\"panel-w60d49aa03bc7b-2-1-0\" class=\"so-panel widget widget_sow-image panel-first-child panel-last-child\" data-index=\"4\" ><div\n\t\t\t\n\t\t\tclass=\"so-widget-sow-image so-widget-sow-image-default-8b5b6f678277\"\n\t\t\t\n\t\t>\n<div class=\"sow-image-container\">\n\t\t<img \n\tsrc=\"https:\/\/modernbakery.hu\/wp-content\/uploads\/2018\/02\/PETITE-LINE-3.jpg\" width=\"592\" height=\"638\" srcset=\"https:\/\/modernbakery.hu\/wp-content\/uploads\/2018\/02\/PETITE-LINE-3.jpg 592w, https:\/\/modernbakery.hu\/wp-content\/uploads\/2018\/02\/PETITE-LINE-3-278x300.jpg 278w\" sizes=\"(max-width: 592px) 100vw, 592px\" alt=\"\" \t\tclass=\"so-widget-image\"\/>\n\t<\/div>\n\n<\/div><\/div><\/div><\/div><div id=\"pg-w60d49aa03bc7b-3\"  class=\"panel-grid panel-no-style\" ><div id=\"pgc-w60d49aa03bc7b-3-0\"  class=\"panel-grid-cell\" ><div id=\"panel-w60d49aa03bc7b-3-0-0\" class=\"so-panel widget widget_sow-editor panel-first-child panel-last-child\" data-index=\"5\" ><div\n\t\t\t\n\t\t\tclass=\"so-widget-sow-editor so-widget-sow-editor-base\"\n\t\t\t\n\t\t>\n<div class=\"siteorigin-widget-tinymce textwidget\">\n\t<ul>\n<li><strong>1 db elektromos guillotine<\/strong><\/li>\n<\/ul>\n<p>min. 10 mm-t\u0151l a k\u00edv\u00e1nt hossz\u00fas\u00e1gig;Mechanikus elektromos guillotine \u00e1ll\u00edthat\u00f3 v\u00e1g\u00e1si hosszal a<\/p>\n<p>\u00c1ll\u00edthat\u00f3 sebess\u00e9g kijelz\u00e9se;<\/p>\n<p>Inverter teljes\u00edtm\u00e9nye 0,4 kw;<\/p>\n<p>A v\u00e1g\u00f3 penge teljes felemel\u00e9se: 100 mm;<\/p>\n<p>Hasznos sz\u00e9less\u00e9g: 580 mm;<\/p>\n<p>\u00dctemek sz\u00e1ma: max. 70\/perc;<\/p>\n<p>Rozsdamentes ac\u00e9l \u00e9s alum\u00ednium<\/p>\n<p style=\"text-align: center;\">\u00a0<\/p>\n<\/div>\n<\/div><\/div><\/div><div id=\"pgc-w60d49aa03bc7b-3-1\"  class=\"panel-grid-cell\" ><div id=\"panel-w60d49aa03bc7b-3-1-0\" class=\"so-panel widget widget_sow-image panel-first-child panel-last-child\" data-index=\"6\" ><div\n\t\t\t\n\t\t\tclass=\"so-widget-sow-image so-widget-sow-image-default-8b5b6f678277\"\n\t\t\t\n\t\t>\n<div class=\"sow-image-container\">\n\t\t<img \n\tsrc=\"https:\/\/modernbakery.hu\/wp-content\/uploads\/2018\/02\/PETITE-LINE-5.jpg\" width=\"1160\" height=\"720\" srcset=\"https:\/\/modernbakery.hu\/wp-content\/uploads\/2018\/02\/PETITE-LINE-5.jpg 1160w, https:\/\/modernbakery.hu\/wp-content\/uploads\/2018\/02\/PETITE-LINE-5-300x186.jpg 300w, https:\/\/modernbakery.hu\/wp-content\/uploads\/2018\/02\/PETITE-LINE-5-768x477.jpg 768w, https:\/\/modernbakery.hu\/wp-content\/uploads\/2018\/02\/PETITE-LINE-5-700x434.jpg 700w\" sizes=\"(max-width: 1160px) 100vw, 1160px\" alt=\"\" \t\tclass=\"so-widget-image\"\/>\n\t<\/div>\n\n<\/div><\/div><\/div><\/div><div id=\"pg-w60d49aa03bc7b-4\"  class=\"panel-grid panel-no-style\" ><div id=\"pgc-w60d49aa03bc7b-4-0\"  class=\"panel-grid-cell\" ><div id=\"panel-w60d49aa03bc7b-4-0-0\" class=\"so-panel widget widget_sow-editor panel-first-child panel-last-child\" data-index=\"7\" ><div\n\t\t\t\n\t\t\tclass=\"so-widget-sow-editor so-widget-sow-editor-base\"\n\t\t\t\n\t\t>\n<div class=\"siteorigin-widget-tinymce textwidget\">\n\t<p style=\"text-align: center;\"><strong>A k\u00fcl\u00f6nb\u00f6z\u0151 felt\u00e9tek megv\u00e1s\u00e1rl\u00e1s\u00e1val az al\u00e1bbi term\u00e9kek elk\u00e9sz\u00edt\u00e9se v\u00e1lik lehet\u0151v\u00e9:<\/strong><\/p>\n<p style=\"text-align: center;\"><strong>\u00a0<\/strong><\/p>\n<p><img loading=\"lazy\" decoding=\"async\" class=\"alignnone wp-image-537 size-full\" src=\"https:\/\/modernbakery.hu\/wp-content\/uploads\/2018\/02\/PETITE-LINE-4.jpg\" alt=\"\" width=\"1333\" height=\"715\" srcset=\"https:\/\/modernbakery.hu\/wp-content\/uploads\/2018\/02\/PETITE-LINE-4.jpg 1333w, https:\/\/modernbakery.hu\/wp-content\/uploads\/2018\/02\/PETITE-LINE-4-300x161.jpg 300w, https:\/\/modernbakery.hu\/wp-content\/uploads\/2018\/02\/PETITE-LINE-4-768x412.jpg 768w, https:\/\/modernbakery.hu\/wp-content\/uploads\/2018\/02\/PETITE-LINE-4-700x375.jpg 700w\" sizes=\"auto, (max-width: 1333px) 100vw, 1333px\" \/><\/p>\n<p style=\"text-align: center;\"><strong>\u00a0<\/strong><\/p>\n<p style=\"text-align: center;\"><b>Az adatok t\u00e1j\u00e9koztat\u00f3 jelleg\u0171ek, a gy\u00e1rt\u00f3 a v\u00e1ltoz\u00e1s jog\u00e1t fenntartja<\/b><b>\u00a0<\/b><\/p>\n<\/div>\n<\/div><\/div><\/div><\/div><\/div><\/div><\/div><\/div><\/div>","protected":false},"excerpt":{"rendered":"<p>T\u00e9sztafeldolgoz\u00f3 vonalak Az AMIBA 6000 t\u00edpus\u00fa Croissant feldolgoz\u00f3 vonal az el\u0151re elk\u00e9sz\u00edtett leveles t\u00e9szt\u00e1t egy kalibr\u00e1l\u00f3 egys\u00e9gen kereszt\u00fcl a forg\u00f3 v\u00e1g\u00f3 egys\u00e9ggel felkonfekcion\u00e1lja, majd a t\u00e9szt\u00e1t ig\u00e9ny szerint t\u00f6lti. Azut\u00e1n a felv\u00e1gott t\u00e9szt\u00e1t beforgatja a sodr\u00f3 egys\u00e9gekhez, amelyek a croissant-t felsodorj\u00e1k. A berendez\u00e9s kapacit\u00e1sa: 4000-6000 db\/\u00f3ra \u00a0 Az adatok t\u00e1j\u00e9koztat\u00f3 jelleg\u0171ek a v\u00e1ltoztat\u00e1s jog\u00e1t fenntartja [&hellip;]<\/p>\n","protected":false},"author":4,"featured_media":0,"parent":0,"menu_order":0,"comment_status":"closed","ping_status":"closed","template":"","meta":{"footnotes":""},"class_list":["post-526","page","type-page","status-publish","hentry"],"_links":{"self":[{"href":"https:\/\/modernbakery.hu\/index.php?rest_route=\/wp\/v2\/pages\/526","targetHints":{"allow":["GET"]}}],"collection":[{"href":"https:\/\/modernbakery.hu\/index.php?rest_route=\/wp\/v2\/pages"}],"about":[{"href":"https:\/\/modernbakery.hu\/index.php?rest_route=\/wp\/v2\/types\/page"}],"author":[{"embeddable":true,"href":"https:\/\/modernbakery.hu\/index.php?rest_route=\/wp\/v2\/users\/4"}],"replies":[{"embeddable":true,"href":"https:\/\/modernbakery.hu\/index.php?rest_route=%2Fwp%2Fv2%2Fcomments&post=526"}],"version-history":[{"count":14,"href":"https:\/\/modernbakery.hu\/index.php?rest_route=\/wp\/v2\/pages\/526\/revisions"}],"predecessor-version":[{"id":1299,"href":"https:\/\/modernbakery.hu\/index.php?rest_route=\/wp\/v2\/pages\/526\/revisions\/1299"}],"wp:attachment":[{"href":"https:\/\/modernbakery.hu\/index.php?rest_route=%2Fwp%2Fv2%2Fmedia&parent=526"}],"curies":[{"name":"wp","href":"https:\/\/api.w.org\/{rel}","templated":true}]}}