{"id":542,"date":"2018-02-22T14:22:05","date_gmt":"2018-02-22T14:22:05","guid":{"rendered":"https:\/\/modernbakery.hu\/?page_id=542"},"modified":"2021-06-24T14:18:45","modified_gmt":"2021-06-24T14:18:45","slug":"kelesztok","status":"publish","type":"page","link":"https:\/\/modernbakery.hu\/?page_id=542","title":{"rendered":"Keleszt\u0151k"},"content":{"rendered":"<div id=\"pl-542\"  class=\"panel-layout\" ><div id=\"pg-542-0\"  class=\"panel-grid panel-no-style\" ><div id=\"pgc-542-0-0\"  class=\"panel-grid-cell\" ><div id=\"panel-542-0-0-0\" class=\"so-panel widget widget_sow-editor panel-first-child panel-last-child\" data-index=\"0\" ><div\n\t\t\t\n\t\t\tclass=\"so-widget-sow-editor so-widget-sow-editor-base\"\n\t\t\t\n\t\t>\n<div class=\"siteorigin-widget-tinymce textwidget\">\n\t<h2 style=\"text-align: center;\"><span style=\"color: #a91f24;\">Keleszt\u0151k<\/span><\/h2>\n<hr \/>\n<p>\u00a0<\/p>\n<\/div>\n<\/div><\/div><\/div><\/div><div id=\"pg-542-1\"  class=\"panel-grid panel-no-style\" ><div id=\"pgc-542-1-0\"  class=\"panel-grid-cell\" ><div id=\"panel-542-1-0-0\" class=\"so-panel widget widget_sow-editor panel-first-child panel-last-child\" data-index=\"1\" ><div\n\t\t\t\n\t\t\tclass=\"so-widget-sow-editor so-widget-sow-editor-base\"\n\t\t\t\n\t\t><h3 class=\"widget-title\">CL\/CLE \u00a0Keleszt\u0151 kamra<\/h3>\n<div class=\"siteorigin-widget-tinymce textwidget\">\n\t<p><b>CL\/CLE\u00a0 Keleszt\u0151 kamra <\/b><b>g\u00e9p<\/b><b>csal\u00e1d s\u00fct\u0151ipari keleszt\u00e9si folyamatok szab\u00e1lyozott klimatikus k\u00f6rnyezetben t\u00f6rt\u00e9n\u0151 elv\u00e9gz\u00e9s\u00e9hez. Saj\u00e1t h\u0151 \u00e9s p\u00e1rafejleszt\u0151 egys\u00e9ggel, h\u0151 \u00e9s p\u00e1ra\u00e9rz\u00e9kel\u0151 szond\u00e1val, digit\u00e1lis vez\u00e9rl\u00e9ssel, bels\u0151 l\u00e9gterel\u0151 csatorn\u00e1kkal a kamra belsej\u00e9ben mindenhol azonos klimatikus viszonyok el\u00e9r\u00e9se \u00e9rdek\u00e9ben. Szinterezett horganyzott lemez k\u00fcls\u0151 \u00e9s bels\u0151 burkolattal, fronttal, aljzattal vagy aljzat n\u00e9lk\u00fcl.\u00a0 A term\u00e9kkel \u00e9rintkez\u0151 fel\u00fcletek \u00e9lelmiszeripari <\/b><b>min\u0151s\u00edt\u00e9ssel rendelkez\u0151<\/b><b> anyagokb\u00f3l k\u00e9sz\u00edtve.<\/b><\/p>\n<p><strong>\u00a0<\/strong><\/p>\n<p><strong>\u00a0<img loading=\"lazy\" decoding=\"async\" class=\"alignnone size-full wp-image-543\" src=\"https:\/\/modernbakery.hu\/wp-content\/uploads\/2018\/02\/CL-CLE-Keleszt\u0151.jpg\" alt=\"\" width=\"518\" height=\"556\" srcset=\"https:\/\/modernbakery.hu\/wp-content\/uploads\/2018\/02\/CL-CLE-Keleszt\u0151.jpg 518w, https:\/\/modernbakery.hu\/wp-content\/uploads\/2018\/02\/CL-CLE-Keleszt\u0151-279x300.jpg 279w\" sizes=\"auto, (max-width: 518px) 100vw, 518px\" \/><\/strong><\/p>\n<table>\n<tbody>\n<tr>\n<td><b>Param\u00e9ter<\/b><\/td>\n<td><b>m\u00e9rt\u00e9k egys\u00e9g<\/b><\/td>\n<td><b>Adat<\/b><\/td>\n<\/tr>\n<tr>\n<td><b>Panel vastags\u00e1g<\/b><\/td>\n<td><b>mm<\/b><\/td>\n<td><span style=\"font-weight: 400;\">CL, 70; CLE, 40<\/span><\/td>\n<\/tr>\n<tr>\n<td><b>k\u00fcls\u0151 sz\u00e9less\u00e9gi m\u00e9retek<\/b><\/td>\n<td><b>mm<\/b><\/td>\n<td><span style=\"font-weight: 400;\">940-2140<\/span><\/td>\n<\/tr>\n<tr>\n<td><b>k\u00fcls\u0151 hossz\u00fas\u00e1gi m\u00e9retek<\/b><\/td>\n<td><b>mm<\/b><\/td>\n<td><span style=\"font-weight: 400;\">1140-5540<\/span><\/td>\n<\/tr>\n<tr>\n<td><b>k\u00fcls\u0151 magass\u00e1gi m\u00e9ret<\/b><\/td>\n<td><b>mm<\/b><\/td>\n<td><span style=\"font-weight: 400;\">2385<\/span><\/td>\n<\/tr>\n<tr>\n<td><b>bels\u0151 sz\u00e9less\u00e9gi m\u00e9retek<\/b><\/td>\n<td><b>mm<\/b><\/td>\n<td><span style=\"font-weight: 400;\">700-1800<\/span><\/td>\n<\/tr>\n<tr>\n<td><b>bels\u0151 hossz\u00fas\u00e1gi m\u00e9retek<\/b><\/td>\n<td><b>mm<\/b><\/td>\n<td><span style=\"font-weight: 400;\">900-5250<\/span><\/td>\n<\/tr>\n<tr>\n<td><b>bels\u0151 magass\u00e1gi m\u00e9ret<\/b><\/td>\n<td><b>mm<\/b><\/td>\n<td><span style=\"font-weight: 400;\">2000<\/span><\/td>\n<\/tr>\n<tr>\n<td><b>ajt\u00f3nyil\u00e1s m\u00e9retek<\/b><\/td>\n<td><b>mm<\/b><\/td>\n<td><span style=\"font-weight: 400;\">720-1800<\/span><\/td>\n<\/tr>\n<tr>\n<td><b>ajt\u00f3k sz\u00e1ma<\/b><\/td>\n<td><b>db<\/b><\/td>\n<td><span style=\"font-weight: 400;\">1-2<\/span><\/td>\n<\/tr>\n<tr>\n<td><b>vez\u00e9rl\u00e9s<\/b><\/td>\n<td><b>-<\/b><\/td>\n<td><span style=\"font-weight: 400;\">microprocesszoros<\/span><\/td>\n<\/tr>\n<tr>\n<td><b>befogad\u00f3 k\u00e9pess\u00e9g 60*40-es s\u00fct\u0151kocsib\u00f3l<\/b><\/td>\n<td><b>db<\/b><\/td>\n<td><span style=\"font-weight: 400;\">2-16<\/span><\/td>\n<\/tr>\n<tr>\n<td><b>befogad\u00f3 k\u00e9pess\u00e9g 60*80-es s\u00fct\u0151kocsib\u00f3l<\/b><\/td>\n<td><b>db<\/b><\/td>\n<td><span style=\"font-weight: 400;\">1-10<\/span><\/td>\n<\/tr>\n<tr>\n<td><b>be\u00e9p\u00edtett kW<\/b><\/td>\n<td><b>kW<\/b><\/td>\n<td><span style=\"font-weight: 400;\">6,1-12,<\/span><span style=\"font-weight: 400;\">5<\/span><\/td>\n<\/tr>\n<tr>\n<td><b>h\u0151m\u00e9rs\u00e9klet m\u0171k\u00f6d\u00e9si tartom\u00e1ny<\/b><\/td>\n<td><b>\u00b0C<\/b><\/td>\n<td><span style=\"font-weight: 400;\">+20-+42<\/span><\/td>\n<\/tr>\n<tr>\n<td><b>p\u00e1ratartalom m\u0171k\u00f6d\u00e9si tartom\u00e1ny<\/b><\/td>\n<td><b>%<\/b><\/td>\n<td><span style=\"font-weight: 400;\">60-99<\/span><\/td>\n<\/tr>\n<\/tbody>\n<\/table>\n<p style=\"text-align: center;\"><b>Az adatok t\u00e1j\u00e9koztat\u00f3 jelleg\u0171ek, a gy\u00e1rt\u00f3 a v\u00e1ltoz\u00e1s jog\u00e1t fenntartja<\/b><\/p>\n<\/div>\n<\/div><\/div><\/div><\/div><div id=\"pg-542-2\"  class=\"panel-grid panel-no-style\" ><div id=\"pgc-542-2-0\"  class=\"panel-grid-cell\" ><div id=\"panel-542-2-0-0\" class=\"so-panel widget widget_sow-button panel-first-child\" data-index=\"2\" ><div\n\t\t\t\n\t\t\tclass=\"so-widget-sow-button so-widget-sow-button-atom-1038cf0caefd-542\"\n\t\t\t\n\t\t><div class=\"ow-button-base ow-button-align-center\"\n>\n\t\t\t<a\n\t\t\t\t\thref=\"https:\/\/modernbakery.hu\/pdf\/CLE.pdf\"\n\t\t\t\t\tclass=\"sowb-button ow-icon-placement-left ow-button-hover\" target=\"_blank\" rel=\"noopener noreferrer\" \t>\n\t\t<span>\n\t\t\t\t\t\t\t<div class=\"sow-icon-image\" style=\"background-image: url(https:\/\/modernbakery.hu\/wp-content\/uploads\/2018\/02\/g0ec05439b5b50e2376f33e1ecb83f245d28bf698b5a7c3ace86a22675e5a709ac7509c32d7c5e6d6be84972ab45480fa_1920-150x150.png)\"><\/div>\n\t\t\t\t\n\t\t\tLet\u00f6lthet\u0151 PDF - CLE\t\t<\/span>\n\t\t\t<\/a>\n\t<\/div>\n<\/div><\/div><div id=\"panel-542-2-0-1\" class=\"so-panel widget widget_sow-button panel-last-child\" data-index=\"3\" ><div\n\t\t\t\n\t\t\tclass=\"so-widget-sow-button so-widget-sow-button-atom-1038cf0caefd-542\"\n\t\t\t\n\t\t><div class=\"ow-button-base ow-button-align-center\"\n>\n\t\t\t<a\n\t\t\t\t\thref=\"https:\/\/modernbakery.hu\/pdf\/CL.pdf\"\n\t\t\t\t\tclass=\"sowb-button ow-icon-placement-left ow-button-hover\" target=\"_blank\" rel=\"noopener noreferrer\" \t>\n\t\t<span>\n\t\t\t\t\t\t\t<div class=\"sow-icon-image\" style=\"background-image: url(https:\/\/modernbakery.hu\/wp-content\/uploads\/2018\/02\/g0ec05439b5b50e2376f33e1ecb83f245d28bf698b5a7c3ace86a22675e5a709ac7509c32d7c5e6d6be84972ab45480fa_1920-150x150.png)\"><\/div>\n\t\t\t\t\n\t\t\tLet\u00f6lthet\u0151 PDF - CL\t\t<\/span>\n\t\t\t<\/a>\n\t<\/div>\n<\/div><\/div><\/div><\/div><\/div>","protected":false},"excerpt":{"rendered":"<p>Keleszt\u0151k \u00a0 CL\/CLE\u00a0 Keleszt\u0151 kamra g\u00e9pcsal\u00e1d s\u00fct\u0151ipari keleszt\u00e9si folyamatok szab\u00e1lyozott klimatikus k\u00f6rnyezetben t\u00f6rt\u00e9n\u0151 elv\u00e9gz\u00e9s\u00e9hez. Saj\u00e1t h\u0151 \u00e9s p\u00e1rafejleszt\u0151 egys\u00e9ggel, h\u0151 \u00e9s p\u00e1ra\u00e9rz\u00e9kel\u0151 szond\u00e1val, digit\u00e1lis vez\u00e9rl\u00e9ssel, bels\u0151 l\u00e9gterel\u0151 csatorn\u00e1kkal a kamra belsej\u00e9ben mindenhol azonos klimatikus viszonyok el\u00e9r\u00e9se \u00e9rdek\u00e9ben. Szinterezett horganyzott lemez k\u00fcls\u0151 \u00e9s bels\u0151 burkolattal, fronttal, aljzattal vagy aljzat n\u00e9lk\u00fcl.\u00a0 A term\u00e9kkel \u00e9rintkez\u0151 fel\u00fcletek \u00e9lelmiszeripari min\u0151s\u00edt\u00e9ssel [&hellip;]<\/p>\n","protected":false},"author":4,"featured_media":0,"parent":0,"menu_order":0,"comment_status":"closed","ping_status":"closed","template":"","meta":{"footnotes":""},"class_list":["post-542","page","type-page","status-publish","hentry"],"_links":{"self":[{"href":"https:\/\/modernbakery.hu\/index.php?rest_route=\/wp\/v2\/pages\/542","targetHints":{"allow":["GET"]}}],"collection":[{"href":"https:\/\/modernbakery.hu\/index.php?rest_route=\/wp\/v2\/pages"}],"about":[{"href":"https:\/\/modernbakery.hu\/index.php?rest_route=\/wp\/v2\/types\/page"}],"author":[{"embeddable":true,"href":"https:\/\/modernbakery.hu\/index.php?rest_route=\/wp\/v2\/users\/4"}],"replies":[{"embeddable":true,"href":"https:\/\/modernbakery.hu\/index.php?rest_route=%2Fwp%2Fv2%2Fcomments&post=542"}],"version-history":[{"count":9,"href":"https:\/\/modernbakery.hu\/index.php?rest_route=\/wp\/v2\/pages\/542\/revisions"}],"predecessor-version":[{"id":1265,"href":"https:\/\/modernbakery.hu\/index.php?rest_route=\/wp\/v2\/pages\/542\/revisions\/1265"}],"wp:attachment":[{"href":"https:\/\/modernbakery.hu\/index.php?rest_route=%2Fwp%2Fv2%2Fmedia&parent=542"}],"curies":[{"name":"wp","href":"https:\/\/api.w.org\/{rel}","templated":true}]}}