{"id":565,"date":"2018-02-23T07:53:44","date_gmt":"2018-02-23T07:53:44","guid":{"rendered":"https:\/\/modernbakery.hu\/?page_id=565"},"modified":"2021-06-24T15:02:09","modified_gmt":"2021-06-24T15:02:09","slug":"latvany-shop-oven-kemencek","status":"publish","type":"page","link":"https:\/\/modernbakery.hu\/?page_id=565","title":{"rendered":"L\u00e1tv\u00e1ny Shop oven kemenc\u00e9k"},"content":{"rendered":"<div id=\"pl-565\"  class=\"panel-layout\" ><div id=\"pg-565-0\"  class=\"panel-grid panel-no-style\" ><div id=\"pgc-565-0-0\"  class=\"panel-grid-cell\" ><div id=\"panel-565-0-0-0\" class=\"so-panel widget widget_sow-editor panel-first-child panel-last-child\" data-index=\"0\" ><div\n\t\t\t\n\t\t\tclass=\"so-widget-sow-editor so-widget-sow-editor-base\"\n\t\t\t\n\t\t>\n<div class=\"siteorigin-widget-tinymce textwidget\">\n\t<h2 style=\"text-align: center;\"><span style=\"color: #a91f24;\">L\u00e1tv\u00e1ny Shop oven kemenc\u00e9k<\/span><\/h2>\n<hr \/>\n<p>\u00a0<\/p>\n<\/div>\n<\/div><\/div><\/div><\/div><div id=\"pg-565-1\"  class=\"panel-grid panel-no-style\" ><div id=\"pgc-565-1-0\"  class=\"panel-grid-cell\" ><div id=\"panel-565-1-0-0\" class=\"so-panel widget widget_sow-editor panel-first-child\" data-index=\"1\" ><div\n\t\t\t\n\t\t\tclass=\"so-widget-sow-editor so-widget-sow-editor-base\"\n\t\t\t\n\t\t><h3 class=\"widget-title\">DEBAG gy\u00e1rtm\u00e1ny\u00fa, DECON t\u00edpus\u00fa bolti l\u00e1tv\u00e1ny kemence csal\u00e1d.<\/h3>\n<div class=\"siteorigin-widget-tinymce textwidget\">\n\t<p><strong><img loading=\"lazy\" decoding=\"async\" class=\"wp-image-566 alignright\" src=\"https:\/\/modernbakery.hu\/wp-content\/uploads\/2018\/02\/DECON.jpg\" alt=\"\" width=\"307\" height=\"600\" srcset=\"https:\/\/modernbakery.hu\/wp-content\/uploads\/2018\/02\/DECON.jpg 535w, https:\/\/modernbakery.hu\/wp-content\/uploads\/2018\/02\/DECON-154x300.jpg 154w\" sizes=\"auto, (max-width: 307px) 100vw, 307px\" \/>A piacon tal\u00e1lhat\u00f3 leg professzion\u00e1lisabb bolti l\u00e1tv\u00e1ny kemence. A kemence s\u00fct\u00e9si teljes\u00edtm\u00e9nye maxim\u00e1lisan megk\u00f6zel\u00edti a nagy\u00fczemben haszn\u00e1lt kemenc\u00e9k s\u00fct\u00e9si teljes\u00edtm\u00e9ny\u00e9t. Professzion\u00e1lis kialak\u00edt\u00e1s \u00e9s funkci\u00f3k: <\/strong><\/p>\n<ul>\n<li><strong>radi\u00e1lis ventill\u00e1toros vagy nagy teljes\u00edtm\u00e9ny\u0171 k\u00fcls\u0151 g\u0151zapar\u00e1t<\/strong><\/li>\n<li><strong>digit\u00e1lis vagy piktogramos \u00e9rint\u0151k\u00e9perny\u0151s vez\u00e9rl\u00e9s<\/strong><\/li>\n<li><strong>Soft-Close l\u00e1gy ajt\u00f3 csuk\u00e1si rendszer<\/strong><\/li>\n<li><strong>kemenc\u00e9k h\u00e1l\u00f3zatba k\u00f6t\u00e9se FiliaNet-en kereszt\u00fcl<\/strong><\/li>\n<li><strong>automatikus e.CLEAN System tiszt\u00edt\u00f3 rendszer<\/strong><\/li>\n<li><strong>QuickClean s\u00fct\u0151kamra bels\u0151 fel\u00fclet a gyors tiszt\u00edt\u00e1s \u00e9rdek\u00e9ben<\/strong><\/li>\n<li><strong>s\u00fct\u0151 ajt\u00f3 3 r\u00e9teg\u0171 \u00fcvegez\u00e9ssel, maxim\u00e1lis bels\u0151 LED vil\u00e1g\u00edt\u00e1ssal<\/strong><\/li>\n<\/ul>\n<p><strong>\u00a0\u00a0\u00a0\u00a0\u00a0\u00a0\u00a0\u00a0\u00a0 <\/strong><\/p>\n<table width=\"427\">\n<tbody>\n<tr>\n<td width=\"131\"><strong>\u00a0<\/strong><strong>Param\u00e9ter<\/strong><\/td>\n<td width=\"71\"><strong>m\u00e9rt\u00e9k egys\u00e9g<\/strong><\/td>\n<td width=\"110\"><strong>DECON 5<\/strong><\/td>\n<td width=\"114\"><strong>DECON 12<\/strong><\/td>\n<\/tr>\n<tr>\n<td width=\"131\"><strong>k\u00fcls\u0151 m\u00e9retek<\/strong><\/td>\n<td width=\"71\"><strong>mm<\/strong><\/td>\n<td width=\"110\">930*520*1150<\/td>\n<td width=\"114\">930*1140*1150<\/td>\n<\/tr>\n<tr>\n<td width=\"131\"><strong>t\u00f6meg<\/strong><\/td>\n<td width=\"71\"><strong>kg<\/strong><\/td>\n<td width=\"110\">155<\/td>\n<td width=\"114\">240<\/td>\n<\/tr>\n<tr>\n<td width=\"131\"><strong>s\u00fct\u0151fel\u00fclet<\/strong><\/td>\n<td width=\"71\"><strong>m\u00b2<\/strong><\/td>\n<td width=\"110\">1,2<\/td>\n<td width=\"114\">2,88<\/td>\n<\/tr>\n<tr>\n<td width=\"131\"><strong>s\u00fct\u0151lemezek sz\u00e1ma<\/strong><\/td>\n<td width=\"71\"><strong>db<\/strong><\/td>\n<td width=\"110\">5<\/td>\n<td width=\"114\">12<\/td>\n<\/tr>\n<tr>\n<td width=\"131\"><strong>s\u00fct\u0151lemezek m\u00e9rete<\/strong><\/td>\n<td width=\"71\"><strong>mm<\/strong><\/td>\n<td width=\"110\">400*600<\/td>\n<td width=\"114\">400*600<\/td>\n<\/tr>\n<tr>\n<td width=\"131\"><strong>elektromos csatlakoz\u00e1s<\/strong><\/td>\n<td width=\"71\"><strong>-<\/strong><\/td>\n<td width=\"110\">400V\/9,5kW\/16A<\/td>\n<td width=\"114\">400v\/15,7kW\/32A<\/td>\n<\/tr>\n<\/tbody>\n<\/table>\n<p style=\"text-align: center;\"><strong>Az adatok t\u00e1j\u00e9koztat\u00f3 jelleg\u0171ek a v\u00e1ltoztat\u00e1s jog\u00e1t fenntartja mag\u00e1nak a gy\u00e1rt\u00f3<\/strong><\/p>\n<\/div>\n<\/div><\/div><div id=\"panel-565-1-0-1\" class=\"so-panel widget widget_sow-button panel-last-child\" data-index=\"2\" ><div\n\t\t\t\n\t\t\tclass=\"so-widget-sow-button so-widget-sow-button-atom-1038cf0caefd-565\"\n\t\t\t\n\t\t><div class=\"ow-button-base ow-button-align-center\"\n>\n\t\t\t<a\n\t\t\t\t\thref=\"https:\/\/modernbakery.hu\/pdf\/brochure-sheeters-2021.pdf\"\n\t\t\t\t\tclass=\"sowb-button ow-icon-placement-left ow-button-hover\" target=\"_blank\" rel=\"noopener noreferrer\" \t>\n\t\t<span>\n\t\t\t\t\t\t\t<div class=\"sow-icon-image\" style=\"background-image: url(https:\/\/modernbakery.hu\/wp-content\/uploads\/2018\/02\/g0ec05439b5b50e2376f33e1ecb83f245d28bf698b5a7c3ace86a22675e5a709ac7509c32d7c5e6d6be84972ab45480fa_1920-150x150.png)\"><\/div>\n\t\t\t\t\n\t\t\tLet\u00f6lthet\u0151 PDF\t\t<\/span>\n\t\t\t<\/a>\n\t<\/div>\n<\/div><\/div><\/div><\/div><div id=\"pg-565-2\"  class=\"panel-grid panel-no-style\" ><div id=\"pgc-565-2-0\"  class=\"panel-grid-cell\" ><div id=\"panel-565-2-0-0\" class=\"so-panel widget widget_sow-editor panel-first-child\" data-index=\"3\" ><div\n\t\t\t\n\t\t\tclass=\"so-widget-sow-editor so-widget-sow-editor-base\"\n\t\t\t\n\t\t><h3 class=\"widget-title\">DEBAG gy\u00e1rtm\u00e1ny\u00fa, DILA t\u00edpus\u00fa bolti l\u00e1tv\u00e1ny kemence csal\u00e1d.<\/h3>\n<div class=\"siteorigin-widget-tinymce textwidget\">\n\t<p><img loading=\"lazy\" decoding=\"async\" class=\"alignnone wp-image-576 size-full\" src=\"https:\/\/modernbakery.hu\/wp-content\/uploads\/2018\/02\/DEBAG_Dila_5_V3_025.jpg\" alt=\"\" width=\"1980\" height=\"1484\" srcset=\"https:\/\/modernbakery.hu\/wp-content\/uploads\/2018\/02\/DEBAG_Dila_5_V3_025.jpg 1980w, https:\/\/modernbakery.hu\/wp-content\/uploads\/2018\/02\/DEBAG_Dila_5_V3_025-300x225.jpg 300w, https:\/\/modernbakery.hu\/wp-content\/uploads\/2018\/02\/DEBAG_Dila_5_V3_025-768x576.jpg 768w, https:\/\/modernbakery.hu\/wp-content\/uploads\/2018\/02\/DEBAG_Dila_5_V3_025-700x525.jpg 700w\" sizes=\"auto, (max-width: 1980px) 100vw, 1980px\" \/><\/p>\n<p><strong><img loading=\"lazy\" decoding=\"async\" class=\"alignright wp-image-577 size-medium\" src=\"https:\/\/modernbakery.hu\/wp-content\/uploads\/2018\/02\/DEBAG_DILA_5-5_m_Garung-180x300.jpg\" alt=\"\" width=\"180\" height=\"300\" srcset=\"https:\/\/modernbakery.hu\/wp-content\/uploads\/2018\/02\/DEBAG_DILA_5-5_m_Garung-180x300.jpg 180w, https:\/\/modernbakery.hu\/wp-content\/uploads\/2018\/02\/DEBAG_DILA_5-5_m_Garung-768x1281.jpg 768w, https:\/\/modernbakery.hu\/wp-content\/uploads\/2018\/02\/DEBAG_DILA_5-5_m_Garung-700x1168.jpg 700w, https:\/\/modernbakery.hu\/wp-content\/uploads\/2018\/02\/DEBAG_DILA_5-5_m_Garung.jpg 1187w\" sizes=\"auto, (max-width: 180px) 100vw, 180px\" \/><img loading=\"lazy\" decoding=\"async\" class=\"alignright wp-image-578 size-medium\" src=\"https:\/\/modernbakery.hu\/wp-content\/uploads\/2018\/02\/DEBAG_DILA_10D_098_-225x300.jpg\" alt=\"\" width=\"225\" height=\"300\" srcset=\"https:\/\/modernbakery.hu\/wp-content\/uploads\/2018\/02\/DEBAG_DILA_10D_098_-225x300.jpg 225w, https:\/\/modernbakery.hu\/wp-content\/uploads\/2018\/02\/DEBAG_DILA_10D_098_-768x1025.jpg 768w, https:\/\/modernbakery.hu\/wp-content\/uploads\/2018\/02\/DEBAG_DILA_10D_098_-700x934.jpg 700w, https:\/\/modernbakery.hu\/wp-content\/uploads\/2018\/02\/DEBAG_DILA_10D_098_.jpg 1439w\" sizes=\"auto, (max-width: 225px) 100vw, 225px\" \/>A piacon tal\u00e1lhat\u00f3 leg professzion\u00e1lisabb bolti l\u00e1tv\u00e1ny kemence. A kemence s\u00fct\u00e9si teljes\u00edtm\u00e9nye maxim\u00e1lisan megk\u00f6zel\u00edti a nagy\u00fczemben haszn\u00e1lt kemenc\u00e9k s\u00fct\u00e9si teljes\u00edtm\u00e9ny\u00e9t. Professzion\u00e1lis kialak\u00edt\u00e1s \u00e9s funkci\u00f3k: <\/strong><\/p>\n<ul>\n<li><strong>radi\u00e1lis ventill\u00e1toros vagy nagy teljes\u00edtm\u00e9ny\u0171 k\u00fcls\u0151 g\u0151zapar\u00e1t<\/strong><\/li>\n<li><strong>digit\u00e1lis vagy piktogramos \u00e9rint\u0151k\u00e9perny\u0151s vez\u00e9rl\u00e9s<\/strong><\/li>\n<li><strong>Soft-Close l\u00e1gy ajt\u00f3 csuk\u00e1si rendszer<\/strong><\/li>\n<li><strong>kemenc\u00e9k h\u00e1l\u00f3zatba k\u00f6t\u00e9se FiliaNet-en kereszt\u00fcl<\/strong><\/li>\n<li><strong>automatikus e.CLEAN System tiszt\u00edt\u00f3 rendszer<\/strong><\/li>\n<li><strong>QuickClean s\u00fct\u0151kamra bels\u0151 fel\u00fclet a gyors tiszt\u00edt\u00e1s \u00e9rdek\u00e9ben<\/strong><\/li>\n<li><strong>s\u00fct\u0151 ajt\u00f3 3 r\u00e9teg\u0171 \u00fcvegez\u00e9ssel, maxim\u00e1lis bels\u0151 LED vil\u00e1g\u00edt\u00e1ssal<\/strong><\/li>\n<\/ul>\n<p><strong><br \/>\n<\/strong><\/p>\n<p><strong>\u00a0<\/strong><strong>\u00a0 \u00a0 \u00a0 \u00a0 \u00a0<\/strong><\/p>\n<table width=\"678\">\n<tbody>\n<tr>\n<td width=\"177\"><strong>\u00a0<\/strong><strong>Param\u00e9ter<\/strong><\/td>\n<td width=\"85\"><strong>m\u00e9rt\u00e9k egys\u00e9g<\/strong><\/td>\n<td width=\"104\"><strong>DILA 5<\/strong><\/p>\n<p><strong>\u00a0<\/strong><\/p>\n<p><strong>\u00a0<\/strong><\/p>\n<p><strong>\u00a0<\/strong><\/p>\n<p><strong>\u00a0<\/strong><\/p>\n<\/td>\n<td width=\"104\"><strong>DILA 10<\/strong><\/p>\n<p><strong>\u00a0<\/strong><\/p>\n<p><strong>\u00a0<\/strong><\/p>\n<p><strong>\u00a0<\/strong><\/p>\n<\/td>\n<td width=\"104\"><strong>DILA 5+5<\/strong><\/p>\n<p><strong>\u00a0<\/strong><\/p>\n<p><strong>\u00a0<\/strong><\/p>\n<\/td>\n<td width=\"104\"><strong>DILA 10+5<\/strong><\/p>\n<p><strong>\u00a0<\/strong><\/p>\n<\/td>\n<\/tr>\n<tr>\n<td width=\"177\"><strong>k\u00fcls\u0151 m\u00e9retek<\/strong><\/td>\n<td width=\"85\"><strong>mm<\/strong><\/td>\n<td width=\"104\">915*570*965<\/td>\n<td width=\"104\">915*1010*965<\/td>\n<td width=\"104\">915*140*945<\/td>\n<td width=\"104\">915*1580*945<\/td>\n<\/tr>\n<tr>\n<td width=\"177\"><strong>t\u00f6meg<\/strong><\/td>\n<td width=\"85\"><strong>kg<\/strong><\/td>\n<td width=\"104\">105<\/td>\n<td width=\"104\">145<\/td>\n<td width=\"104\">210<\/td>\n<td width=\"104\">250<\/td>\n<\/tr>\n<tr>\n<td width=\"177\"><strong>s\u00fct\u0151fel\u00fclet<\/strong><\/td>\n<td width=\"85\"><strong>m\u00b2<\/strong><\/td>\n<td width=\"104\">1,2<\/td>\n<td width=\"104\">2,4<\/td>\n<td width=\"104\">2,4<\/td>\n<td width=\"104\">3,6<\/td>\n<\/tr>\n<tr>\n<td width=\"177\"><strong>s\u00fct\u0151lemezek sz\u00e1ma<\/strong><\/td>\n<td width=\"85\"><strong>db<\/strong><\/td>\n<td width=\"104\">3-5<\/td>\n<td width=\"104\">7-10<\/td>\n<td width=\"104\">6-10<\/td>\n<td width=\"104\">7-10\/3-5<\/td>\n<\/tr>\n<tr>\n<td width=\"177\"><strong>s\u00fct\u0151lemezek m\u00e9rete<\/strong><\/td>\n<td width=\"85\"><strong>mm<\/strong><\/td>\n<td width=\"104\">400*600<\/td>\n<td width=\"104\">400*600<\/td>\n<td width=\"104\">400*600<\/td>\n<td width=\"104\">400*600<\/td>\n<\/tr>\n<tr>\n<td width=\"177\"><strong>elektromos csatlakoz\u00e1s<\/strong><\/td>\n<td width=\"85\"><strong>-<\/strong><\/td>\n<td width=\"104\">400V\/9,5kW\/16A<\/td>\n<td width=\"104\">400v\/15,7kW\/32A<\/td>\n<td width=\"104\">2*400V\/9,5kW\/16A<\/td>\n<td width=\"104\">1*400V\/9,5kW\/16\u00b0<\/p>\n<p>1*400v\/15,7kW\/32A<\/p>\n<\/td>\n<\/tr>\n<\/tbody>\n<\/table>\n<p style=\"text-align: center;\"><strong>Az adatok t\u00e1j\u00e9koztat\u00f3 jelleg\u0171ek a v\u00e1ltoztat\u00e1s jog\u00e1t fenntartja mag\u00e1nak a gy\u00e1rt\u00f3<\/strong><\/p>\n<\/div>\n<\/div><\/div><div id=\"panel-565-2-0-1\" class=\"so-panel widget widget_sow-button panel-last-child\" data-index=\"4\" ><div\n\t\t\t\n\t\t\tclass=\"so-widget-sow-button so-widget-sow-button-atom-1038cf0caefd-565\"\n\t\t\t\n\t\t><div class=\"ow-button-base ow-button-align-center\"\n>\n\t\t\t<a\n\t\t\t\t\thref=\"https:\/\/modernbakery.hu\/pdf\/DEBAG_Produktdatenblatt_DILA_ENG.pdf\"\n\t\t\t\t\tclass=\"sowb-button ow-icon-placement-left ow-button-hover\" target=\"_blank\" rel=\"noopener noreferrer\" \t>\n\t\t<span>\n\t\t\t\t\t\t\t<div class=\"sow-icon-image\" style=\"background-image: url(https:\/\/modernbakery.hu\/wp-content\/uploads\/2018\/02\/g0ec05439b5b50e2376f33e1ecb83f245d28bf698b5a7c3ace86a22675e5a709ac7509c32d7c5e6d6be84972ab45480fa_1920-150x150.png)\"><\/div>\n\t\t\t\t\n\t\t\tLet\u00f6lthet\u0151 PDF\t\t<\/span>\n\t\t\t<\/a>\n\t<\/div>\n<\/div><\/div><\/div><\/div><div id=\"pg-565-3\"  class=\"panel-grid panel-no-style\" ><div id=\"pgc-565-3-0\"  class=\"panel-grid-cell\" ><div id=\"panel-565-3-0-0\" class=\"so-panel widget widget_sow-editor panel-first-child\" data-index=\"5\" ><div\n\t\t\t\n\t\t\tclass=\"so-widget-sow-editor so-widget-sow-editor-base\"\n\t\t\t\n\t\t><h3 class=\"widget-title\">DEBAG gy\u00e1rtm\u00e1ny\u00fa, GALA t\u00edpus\u00fa bolti l\u00e1tv\u00e1ny kemence csal\u00e1d.<\/h3>\n<div class=\"siteorigin-widget-tinymce textwidget\">\n\t<p><strong><img loading=\"lazy\" decoding=\"async\" class=\"wp-image-586 size-medium alignright\" src=\"https:\/\/modernbakery.hu\/wp-content\/uploads\/2018\/02\/GALA-40-300x279.jpg\" alt=\"\" width=\"300\" height=\"279\" srcset=\"https:\/\/modernbakery.hu\/wp-content\/uploads\/2018\/02\/GALA-40-300x279.jpg 300w, https:\/\/modernbakery.hu\/wp-content\/uploads\/2018\/02\/GALA-40.jpg 592w\" sizes=\"auto, (max-width: 300px) 100vw, 300px\" \/><img loading=\"lazy\" decoding=\"async\" class=\"size-medium wp-image-585 alignright\" src=\"https:\/\/modernbakery.hu\/wp-content\/uploads\/2018\/02\/GALA-35-275x300.jpg\" alt=\"\" width=\"275\" height=\"300\" srcset=\"https:\/\/modernbakery.hu\/wp-content\/uploads\/2018\/02\/GALA-35-275x300.jpg 275w, https:\/\/modernbakery.hu\/wp-content\/uploads\/2018\/02\/GALA-35.jpg 464w\" sizes=\"auto, (max-width: 275px) 100vw, 275px\" \/>A piacon tal\u00e1lhat\u00f3 leg professzion\u00e1lisabb bolti l\u00e1tv\u00e1ny kemence. A kemence s\u00fct\u00e9si teljes\u00edtm\u00e9nye maxim\u00e1lisan megk\u00f6zel\u00edti a nagy\u00fczemben haszn\u00e1lt kemenc\u00e9k s\u00fct\u00e9si teljes\u00edtm\u00e9ny\u00e9t. Professzion\u00e1lis kialak\u00edt\u00e1s \u00e9s funkci\u00f3k: <\/strong><\/p>\n<ul>\n<li><strong>radi\u00e1lis ventill\u00e1toros g\u0151zapar\u00e1t<\/strong><\/li>\n<li><strong>digit\u00e1lis vagy elektromechanikus vez\u00e9rl\u00e9s<\/strong><\/li>\n<li><strong>USB csatlakoz\u00e1si lehet\u0151s\u00e9g<\/strong><\/li>\n<li><strong>kemenc\u00e9k h\u00e1l\u00f3zatba k\u00f6t\u00e9se FiliaNet-en kereszt\u00fcl<\/strong><\/li>\n<li><strong>egyszer\u0171 kezel\u00e9s<\/strong><\/li>\n<li><strong>QuickClean s\u00fct\u0151kamra bels\u0151 fel\u00fclet a gyors tiszt\u00edt\u00e1s \u00e9rdek\u00e9ben<\/strong><\/li>\n<li><strong>s\u00fct\u0151 ajt\u00f3 3 r\u00e9teg\u0171 \u00fcvegez\u00e9ssel, maxim\u00e1lis bels\u0151 LED vil\u00e1g\u00edt\u00e1ssal<\/strong><\/li>\n<\/ul>\n<table width=\"427\">\n<tbody>\n<tr>\n<td width=\"131\"><strong>\u00a0<\/strong><strong>Param\u00e9ter<\/strong><\/td>\n<td width=\"71\"><strong>m\u00e9rt\u00e9k egys\u00e9g<\/strong><\/td>\n<td width=\"110\"><strong>GALA 35<\/strong><\/td>\n<td width=\"114\"><strong>GALA 40<\/strong><\/td>\n<\/tr>\n<tr>\n<td width=\"131\"><strong>k\u00fcls\u0151 m\u00e9retek<\/strong><\/td>\n<td width=\"71\"><strong>mm<\/strong><\/td>\n<td width=\"110\">600*771*552<\/td>\n<td width=\"114\">815*952*710<\/td>\n<\/tr>\n<tr>\n<td width=\"131\"><strong>t\u00f6meg<\/strong><\/td>\n<td width=\"71\"><strong>kg<\/strong><\/td>\n<td width=\"110\">58<\/td>\n<td width=\"114\">104<\/td>\n<\/tr>\n<tr>\n<td width=\"131\"><strong>s\u00fct\u0151fel\u00fclet<\/strong><\/td>\n<td width=\"71\"><strong>m\u00b2<\/strong><\/td>\n<td width=\"110\">0,46<\/td>\n<td width=\"114\">1,2<\/td>\n<\/tr>\n<tr>\n<td width=\"131\"><strong>s\u00fct\u0151lemezek sz\u00e1ma<\/strong><\/td>\n<td width=\"71\"><strong>db<\/strong><\/td>\n<td width=\"110\">3<\/td>\n<td width=\"114\">5<\/td>\n<\/tr>\n<tr>\n<td width=\"131\"><strong>s\u00fct\u0151lemezek m\u00e9rete<\/strong><\/td>\n<td width=\"71\"><strong>mm<\/strong><\/td>\n<td width=\"110\">350*440<\/td>\n<td width=\"114\">400*600<\/td>\n<\/tr>\n<tr>\n<td width=\"131\"><strong>elektromos csatlakoz\u00e1s<\/strong><\/td>\n<td width=\"71\"><strong>-<\/strong><\/td>\n<td width=\"110\">400V\/3,2kW\/16A<\/td>\n<td width=\"114\">400v\/7,5kW\/16A<\/td>\n<\/tr>\n<\/tbody>\n<\/table>\n<p style=\"text-align: center;\"><strong>\u00a0<\/strong><strong>Az adatok t\u00e1j\u00e9koztat\u00f3 jelleg\u0171ek a v\u00e1ltoztat\u00e1s jog\u00e1t fenntartja mag\u00e1nak a gy\u00e1rt\u00f3<\/strong><\/p>\n<\/div>\n<\/div><\/div><div id=\"panel-565-3-0-1\" class=\"so-panel widget widget_sow-button\" data-index=\"6\" ><div\n\t\t\t\n\t\t\tclass=\"so-widget-sow-button so-widget-sow-button-atom-1038cf0caefd-565\"\n\t\t\t\n\t\t><div class=\"ow-button-base ow-button-align-center\"\n>\n\t\t\t<a\n\t\t\t\t\thref=\"https:\/\/modernbakery.hu\/pdf\/DEBAG_Produktdatenblatt_GALA35_ENG.pdf\"\n\t\t\t\t\tclass=\"sowb-button ow-icon-placement-left ow-button-hover\" target=\"_blank\" rel=\"noopener noreferrer\" \t>\n\t\t<span>\n\t\t\t\t\t\t\t<div class=\"sow-icon-image\" style=\"background-image: url(https:\/\/modernbakery.hu\/wp-content\/uploads\/2018\/02\/g0ec05439b5b50e2376f33e1ecb83f245d28bf698b5a7c3ace86a22675e5a709ac7509c32d7c5e6d6be84972ab45480fa_1920-150x150.png)\"><\/div>\n\t\t\t\t\n\t\t\tLet\u00f6lthet\u0151 PDF - GALA 35\t\t<\/span>\n\t\t\t<\/a>\n\t<\/div>\n<\/div><\/div><div id=\"panel-565-3-0-2\" class=\"so-panel widget widget_sow-button panel-last-child\" data-index=\"7\" ><div\n\t\t\t\n\t\t\tclass=\"so-widget-sow-button so-widget-sow-button-atom-1038cf0caefd-565\"\n\t\t\t\n\t\t><div class=\"ow-button-base ow-button-align-center\"\n>\n\t\t\t<a\n\t\t\t\t\thref=\"https:\/\/modernbakery.hu\/pdf\/DEBAG_Produktdatenblatt_GALA40_ENG.pdf\"\n\t\t\t\t\tclass=\"sowb-button ow-icon-placement-left ow-button-hover\" target=\"_blank\" rel=\"noopener noreferrer\" \t>\n\t\t<span>\n\t\t\t\t\t\t\t<div class=\"sow-icon-image\" style=\"background-image: url(https:\/\/modernbakery.hu\/wp-content\/uploads\/2018\/02\/g0ec05439b5b50e2376f33e1ecb83f245d28bf698b5a7c3ace86a22675e5a709ac7509c32d7c5e6d6be84972ab45480fa_1920-150x150.png)\"><\/div>\n\t\t\t\t\n\t\t\tLet\u00f6lthet\u0151 PDF - GALA 40\t\t<\/span>\n\t\t\t<\/a>\n\t<\/div>\n<\/div><\/div><\/div><\/div><\/div>","protected":false},"excerpt":{"rendered":"<p>L\u00e1tv\u00e1ny Shop oven kemenc\u00e9k \u00a0 A piacon tal\u00e1lhat\u00f3 leg professzion\u00e1lisabb bolti l\u00e1tv\u00e1ny kemence. A kemence s\u00fct\u00e9si teljes\u00edtm\u00e9nye maxim\u00e1lisan megk\u00f6zel\u00edti a nagy\u00fczemben haszn\u00e1lt kemenc\u00e9k s\u00fct\u00e9si teljes\u00edtm\u00e9ny\u00e9t. Professzion\u00e1lis kialak\u00edt\u00e1s \u00e9s funkci\u00f3k: radi\u00e1lis ventill\u00e1toros vagy nagy teljes\u00edtm\u00e9ny\u0171 k\u00fcls\u0151 g\u0151zapar\u00e1t digit\u00e1lis vagy piktogramos \u00e9rint\u0151k\u00e9perny\u0151s vez\u00e9rl\u00e9s Soft-Close l\u00e1gy ajt\u00f3 csuk\u00e1si rendszer kemenc\u00e9k h\u00e1l\u00f3zatba k\u00f6t\u00e9se FiliaNet-en kereszt\u00fcl automatikus e.CLEAN System tiszt\u00edt\u00f3 [&hellip;]<\/p>\n","protected":false},"author":4,"featured_media":0,"parent":0,"menu_order":0,"comment_status":"closed","ping_status":"closed","template":"","meta":{"footnotes":""},"class_list":["post-565","page","type-page","status-publish","hentry"],"_links":{"self":[{"href":"https:\/\/modernbakery.hu\/index.php?rest_route=\/wp\/v2\/pages\/565","targetHints":{"allow":["GET"]}}],"collection":[{"href":"https:\/\/modernbakery.hu\/index.php?rest_route=\/wp\/v2\/pages"}],"about":[{"href":"https:\/\/modernbakery.hu\/index.php?rest_route=\/wp\/v2\/types\/page"}],"author":[{"embeddable":true,"href":"https:\/\/modernbakery.hu\/index.php?rest_route=\/wp\/v2\/users\/4"}],"replies":[{"embeddable":true,"href":"https:\/\/modernbakery.hu\/index.php?rest_route=%2Fwp%2Fv2%2Fcomments&post=565"}],"version-history":[{"count":37,"href":"https:\/\/modernbakery.hu\/index.php?rest_route=\/wp\/v2\/pages\/565\/revisions"}],"predecessor-version":[{"id":1314,"href":"https:\/\/modernbakery.hu\/index.php?rest_route=\/wp\/v2\/pages\/565\/revisions\/1314"}],"wp:attachment":[{"href":"https:\/\/modernbakery.hu\/index.php?rest_route=%2Fwp%2Fv2%2Fmedia&parent=565"}],"curies":[{"name":"wp","href":"https:\/\/api.w.org\/{rel}","templated":true}]}}