{"id":605,"date":"2018-02-23T08:43:12","date_gmt":"2018-02-23T08:43:12","guid":{"rendered":"https:\/\/modernbakery.hu\/?page_id=605"},"modified":"2021-06-25T07:54:14","modified_gmt":"2021-06-25T07:54:14","slug":"forgo-kocsis-legkevereses-kemencek","status":"publish","type":"page","link":"https:\/\/modernbakery.hu\/?page_id=605","title":{"rendered":"Forg\u00f3 kocsis l\u00e9gkever\u00e9ses kemenc\u00e9k"},"content":{"rendered":"<div id=\"pl-605\"  class=\"panel-layout\" ><div id=\"pg-605-0\"  class=\"panel-grid panel-no-style\" ><div id=\"pgc-605-0-0\"  class=\"panel-grid-cell\" ><div id=\"panel-605-0-0-0\" class=\"so-panel widget widget_sow-editor panel-first-child panel-last-child\" data-index=\"0\" ><div\n\t\t\t\n\t\t\tclass=\"so-widget-sow-editor so-widget-sow-editor-base\"\n\t\t\t\n\t\t>\n<div class=\"siteorigin-widget-tinymce textwidget\">\n\t<h2 style=\"text-align: center;\"><span style=\"color: #a91f24;\">Forg\u00f3 kocsis l\u00e9gkever\u00e9ses kemenc\u00e9k<\/span><\/h2>\n<hr \/>\n<p>\u00a0<\/p>\n<\/div>\n<\/div><\/div><\/div><\/div><div id=\"pg-605-1\"  class=\"panel-grid panel-no-style\" ><div id=\"pgc-605-1-0\"  class=\"panel-grid-cell\" ><div id=\"panel-605-1-0-0\" class=\"so-panel widget widget_sow-editor panel-first-child\" data-index=\"1\" ><div\n\t\t\t\n\t\t\tclass=\"so-widget-sow-editor so-widget-sow-editor-base\"\n\t\t\t\n\t\t><h3 class=\"widget-title\">Depliant Mondial Forni Techno<\/h3>\n<div class=\"siteorigin-widget-tinymce textwidget\">\n\t<p><img loading=\"lazy\" decoding=\"async\" class=\"size-medium wp-image-606 alignright\" src=\"https:\/\/modernbakery.hu\/wp-content\/uploads\/2018\/02\/TECHNO-2-244x300.jpg\" alt=\"\" width=\"244\" height=\"300\" srcset=\"https:\/\/modernbakery.hu\/wp-content\/uploads\/2018\/02\/TECHNO-2-244x300.jpg 244w, https:\/\/modernbakery.hu\/wp-content\/uploads\/2018\/02\/TECHNO-2.jpg 385w\" sizes=\"auto, (max-width: 244px) 100vw, 244px\" \/><\/p>\n<p><strong>\u00a0<\/strong><\/p>\n<p><strong>A Mondial Forni srl. t\u00f6bb mint 60 \u00e9ve foglalkozik s\u00fct\u0151ipari berendez\u00e9sek gy\u00e1rt\u00e1s\u00e1val. F\u0151 profilja a l\u00e9gkever\u00e9ses forg\u00f3kocsis \u00fagynevezett rotor kemenc\u00e9k gy\u00e1rt\u00e1sa. Az elm\u00falt id\u0151ben professzion\u00e1lis szintre emelkedett a gy\u00e1rtm\u00e1nyok elk\u00e9sz\u00edt\u00e9s\u00e9nek a technol\u00f3gi\u00e1ja.\u00a0 A berendez\u00e9seket ipari robotok, l\u00e9zerv\u00e1g\u00f3 k\u00e9sz\u00fcl\u00e9kek alkalmaz\u00e1sa mellett k\u00e9sz\u00fclnek a gy\u00e1rt\u00f3sorokon.<\/strong><\/p>\n<p>&nbsp;<\/p>\n<h4><strong>A kemence k\u00fcls\u0151 megjelen\u00e9se, kezel\u0151szervei:<\/strong><\/h4>\n<p><span style=\"font-weight: 400;\">A berendez\u00e9s k\u00fcls\u0151 megjelen\u00e9se, megfelel az eur\u00f3pai norm\u00e1knak. Burkolata AlSI 304 rozsdamentes ac\u00e9l. A s\u00fct\u0151t\u00e9r ajt\u00f3 h\u0151\u00e1ll\u00f3 \u00fcveggel fedett, A s\u00fct\u0151t\u00e9r kapcsolhat\u00f3 bels\u0151 vil\u00e1g\u00edt\u00e1ssal ell\u00e1tva, a term\u00e9k s\u00fct\u00e9s k\u00f6zben megfigyelhet\u0151, az ajt\u00f3 mozgat\u00e1sa kiegyens\u00falyozott.<\/span><\/p>\n<p><span style=\"font-weight: 400;\">A berendez\u00e9s frontj\u00e1n van <\/span><span style=\"font-weight: 400;\">az \u00f6sszes<\/span><span style=\"font-weight: 400;\"> kezel\u00e9s\u00e9hez sz\u00fcks\u00e9ges elem. Az elektromos h\u0151cser\u00e9l\u0151, v\u00edz \u00e9s kondenzv\u00edz kezel\u0151 egys\u00e9gek a kemence el\u00fcls\u0151 bal oldal\u00e1n tal\u00e1lhat\u00f3ak, k\u00f6nnyen el\u00e9rhet\u0151 helyen.<\/span><\/p>\n<p><span style=\"font-weight: 400;\">A kemence vez\u00e9rl\u00e9se \u00e9rint\u0151k\u00e9perny\u0151s kivitel\u0171 mely megb\u00edzhat\u00f3, kezel\u00e9se egyszer\u0171, k\u00f6nnyen elsaj\u00e1t\u00edthat\u00f3. A kemence kiszolg\u00e1l\u00e1sa az iparban megszokott m\u00f3don val\u00f3sulhat meg, nem ig\u00e9nyel semmilyen plusz k\u00e9pz\u00e9st az elsaj\u00e1t\u00edt\u00e1sa.\u00a0<\/span><\/p>\n<p>&nbsp;<\/p>\n<h4><strong>A kemence szerkezeti kialak\u00edt\u00e1sa:<\/strong><\/h4>\n<p><span style=\"font-weight: 400;\">A berendez\u00e9s l\u00e9gkever\u00e9ses <\/span><span style=\"font-weight: 400;\">forg\u00f3kocsis<\/span><span style=\"font-weight: 400;\"> \u00fagynevezett \"Rotor\" kemence. A kemence bal oldali el\u00fcls\u0151 traktus\u00e1ban kialak\u00edtott h\u0151cser\u00e9l\u0151 \u00e9s kezel\u0151 elemei kiv\u00e1l\u00f3 min\u0151s\u00e9g\u0171 anyagokb\u00f3l k\u00e9sz\u00fclnek, hossz\u00fa \u00e9vek tapasztalatai alapj\u00e1n ker\u00fclnek kialak\u00edt\u00e1sra, biztos\u00edtva ezzel a t\u00f6k\u00e9letes m\u0171k\u00f6d\u00e9st \u00e9s az optim\u00e1lis s\u00fct\u00e9st. A s\u00fct\u0151t\u00e9rben helyezkedik el a \"g\u0151zfal\" <\/span><span style=\"font-weight: 400;\">melynek<\/span><span style=\"font-weight: 400;\"> k\u00f6sz\u00f6nhet\u0151en a kemenc\u00e9ben b\u00e1rmely s\u00fct\u0151ipari term\u00e9k k\u00f6nnyen kis\u00fcthet\u0151. Ez a kemencet\u00edpus a 0,5 kg-n\u00e1l kisebb t\u00f6meg\u0171 term\u00e9kek kis\u00fct\u00e9s\u00e9re haszn\u00e1lhat\u00f3 a legoptim\u00e1lisabban. De s\u00fcthet\u00fcnk vele nagyobb t\u00f6meg\u0171 term\u00e9keket is.\u00a0\u00a0<\/span><\/p>\n<p><span style=\"font-weight: 400;\">A kemenc\u00e9be \u00fagynevezett 18 szintes <\/span><span style=\"font-weight: 400;\">s\u00fct\u0151kocsit<\/span><span style=\"font-weight: 400;\"> tolunk, melyre 18 db a kemence m\u00e9ret\u00e9hez megfelel\u0151 s\u00fct\u0151lemezt helyez\u00fcnk el. A kocsit egy speci\u00e1lis r\u00f6gz\u00edt\u0151 elem a hely\u00e9n tartja, mely ezt k\u00f6vet\u0151en forg\u00f3 mozg\u00e1st v\u00e9gez, hogy a h\u0151cser\u00e9l\u0151r\u0151l levett forr\u00f3 leveg\u0151 a legegyenletesebben \u00e9rje a lemezeken l\u00e9v\u0151, kis\u00fct\u00e9sre v\u00e1r\u00f3 term\u00e9keket.<\/span><\/p>\n<p><span style=\"font-weight: 400;\">A kemence szerkezeti elemeit vastag, speci\u00e1lisan t\u00e1bl\u00e1s\u00edtott h\u0151szigetel\u0151 anyaggal fedt\u00e9k, hogy a lehet\u0151 legkevesebb <\/span><span style=\"font-weight: 400;\">h\u0151vesztes\u00e9ggel<\/span><span style=\"font-weight: 400;\"> \u00fczemeljen. A szigetel\u0151 anyagot inox burkolati elemek fedik. A frontoldalon p\u00e1raelsz\u00edv\u00f3 erny\u0151 ker\u00fclt elhelyez\u00e9sre.<\/span><\/p>\n<p>&nbsp;<\/p>\n<h4><strong>Energia ell\u00e1t\u00e1s:<\/strong><\/h4>\n<p><span style=\"font-weight: 400;\">A kemence f\u0171t\u00e9se a szerkezeti kialak\u00edt\u00e1sa miatt igen gazdas\u00e1gos. F\u0171thet\u0151 g\u00e1z\u00e9g\u0151vel vagy g\u00e1zolaj \u00e9g\u0151vel. Elektromos energi\u00e1t a p\u00e1raelsz\u00edv\u00f3 ventil\u00e1torhoz a forr\u00f3leveg\u0151 keringet\u0151 ventill\u00e1torhoz a s\u00fct\u0151t\u00e9r bels\u0151 megvil\u00e1g\u00edt\u00e1s\u00e1hoz, a vez\u00e9rl\u00e9shez, \u00e9s a g\u00e1z\u00e9g\u0151 \u00fczemeltet\u00e9s\u00e9hez haszn\u00e1l a berendez\u00e9s.\u00a0<\/span><\/p>\n<p>&nbsp;<\/p>\n<h4><strong>Technol\u00f3gia:\u00a0<\/strong><\/h4>\n<p><span style=\"font-weight: 400;\">A kemence alkalmas a folyamatos iparszer\u0171 termel\u00e9s kiszolg\u00e1l\u00e1s\u00e1ra, szerkezeti fel\u00e9p\u00edt\u00e9se \u00e9s technol\u00f3gi\u00e1ja, s\u00fct\u00e9si tulajdons\u00e1gai alkalmass\u00e1 teszik els\u0151sorban a 0,5 kg-n\u00e1l kisebb term\u00e9kek kis\u00fct\u00e9s\u00e9re. De lehet\u0151s\u00e9g van a nagyobb t\u00f6meg\u0171, ak\u00e1r a 1 kg-os kenyerek kis\u00fct\u00e9s\u00e9re is, csak ebben az esetben ez a l\u00e9gkever\u00e9ses s\u00fct\u00e9s nem a <\/span><span style=\"font-weight: 400;\">leghat\u00e9konyabb<\/span><span style=\"font-weight: 400;\">.\u00a0\u00a0\u00a0<\/span><\/p>\n<p><span style=\"font-weight: 400;\">El\u0151nye a szerkezeti kialak\u00edt\u00e1sb\u00f3l \u00e9s t\u00f6meg\u00e9b\u0151l ad\u00f3d\u00f3, mindig egyenletes h\u0151 eloszt\u00e1s, csek\u00e9ly h\u0151 vesztes\u00e9g.\u00a0\u00a0<\/span><\/p>\n<p><span style=\"font-weight: 400;\">Jellemz\u0151je a robosztus fel\u00e9p\u00edt\u00e9s, a nagyfok\u00fa megb\u00edzhat\u00f3s\u00e1g.<\/span><\/p>\n<p>&nbsp;<\/p>\n<h4>M\u00e9ret v\u00e1laszt\u00e9k:<\/h4>\n<table>\n<tbody>\n<tr>\n<td colspan=\"2\"><b>model<\/b>\n<p><b>TECHNO 2.0<\/b><\/p><\/td>\n<td><b>s\u00fct\u0151 fel\u00fclet<\/b>\n<p><b>m\u00b2<\/b><\/p><\/td>\n<td><b>A k\u00fcls\u0151 sz\u00e9less\u00e9g<\/b>\n<p><b>cm<\/b><\/p><\/td>\n<td><b>B k\u00fcls\u0151 hossz\u00fas\u00e1g<\/b>\n<p><b>cm<\/b><\/p><\/td>\n<td><b>C teljes magass\u00e1g<\/b>\n<p><b>cm<\/b><\/p><\/td>\n<td><b>D teljes hossz\u00fas\u00e1g nyitott ajt\u00f3val cm<\/b><\/td>\n<td><b>E be\u00e9p\u00edt\u00e9si helyig\u00e9ny<\/b>\n<p><b>cm<\/b><\/p><\/td>\n<td><b>enyrgia ig\u00e9ny<\/b>\n<p><b>kW\/kcal\/h<\/b><\/p><\/td>\n<td><b>elektromos energia ig\u00e9ny<\/b>\n<p><b>kW<\/b><\/p><\/td>\n<td><b>t\u00f6meg kg<\/b><\/td>\n<\/tr>\n<tr>\n<td><b>4676\/G<\/b><\/td>\n<td><b>FSX RSX\u00a0\u00a0\u00a0<\/b><\/td>\n<td><b>6,3<\/b><\/td>\n<td><b>167<\/b>\n<p><b>123<\/b><\/p><\/td>\n<td><b>127<\/b>\n<p><b>171<\/b><\/p><\/td>\n<td><b>251<\/b><\/td>\n<td><b>84<\/b><\/td>\n<td rowspan=\"2\">\n<b>270<\/b><\/td>\n<td><b>52\/44000<\/b><\/td>\n<td><b>1,5<\/b><\/td>\n<td><b>1200<\/b><\/td>\n<\/tr>\n<tr>\n<td><b>6080\/G<\/b><\/td>\n<td><b>FSX<\/b>\n<p><b>RSX<\/b><\/p><\/td>\n<td><b>8,6<\/b><\/td>\n<td><b>186<\/b>\n<p><b>147<\/b><\/p><\/td>\n<td><b>151<\/b>\n<p><b>190<\/b><\/p><\/td>\n<td><b>262<\/b><\/td>\n<td><b>96<\/b><\/td>\n<td><b>75\/65000<\/b><\/td>\n<td><b>2,5<\/b><\/td>\n<td><b>1300<\/b><\/td>\n<\/tr>\n<tr>\n<td><b>80100\/G<\/b><\/td>\n<td><b>FSX<\/b>\n<p><b>RSX<\/b><\/p><\/td>\n<td><b>14,4<\/b><\/td>\n<td><b>201<\/b>\n<p><b>162<\/b><\/p><\/td>\n<td><b>166<\/b>\n<p><b>205<\/b><\/p><\/td>\n<td rowspan=\"2\"><b>272<\/b><\/td>\n<td rowspan=\"2\"><b>111<\/b><\/td>\n<td rowspan=\"2\"><b>288<\/b><\/td>\n<td><b>84\/72000<\/b><\/td>\n<td><b>3<\/b><\/td>\n<td><b>1500<\/b><\/td>\n<\/tr>\n<tr>\n<td><b>80120\/G<\/b><\/td>\n<td><b>FSX<\/b><\/td>\n<td><b>21,6<\/b><\/td>\n<td><b>259<\/b><\/td>\n<td><b>217<\/b><\/td>\n<td><b>114\/98000<\/b><\/td>\n<td><b>3<\/b><\/td>\n<td><b>2500<\/b><\/td>\n<\/tr>\n<tr>\n<td><b>4676\/E<\/b><\/td>\n<td><b>FSX RSX\u00a0\u00a0\u00a0<\/b><\/td>\n<td><b>6,3<\/b><\/td>\n<td><b>167<\/b>\n<p><b>123<\/b><\/p><\/td>\n<td><b>127<\/b>\n<p><b>171<\/b><\/p><\/td>\n<td><b>251<\/b><\/td>\n<td><b>84<\/b><\/td>\n<td rowspan=\"2\">\n<b>270<\/b><\/td>\n<td><b>33,5 (400 V)<\/b><\/td>\n<td><b>35<\/b><\/td>\n<td><b>1200<\/b><\/td>\n<\/tr>\n<tr>\n<td><b>6080\/E<\/b><\/td>\n<td><b>FSX<\/b>\n<p><b>RSX<\/b><\/p><\/td>\n<td><b>8,6<\/b><\/td>\n<td><b>186<\/b>\n<p><b>147<\/b><\/p><\/td>\n<td><b>151<\/b>\n<p><b>190<\/b><\/p><\/td>\n<td><b>262<\/b><\/td>\n<td><b>96<\/b><\/td>\n<td><b>45,5 (400 V)<\/b><\/td>\n<td><b>48<\/b><\/td>\n<td><b>1300<\/b><\/td>\n<\/tr>\n<tr>\n<td><b>80100\/E<\/b><\/td>\n<td><b>FSX<\/b>\n<p><b>RSX<\/b><\/p><\/td>\n<td><b>14,4<\/b><\/td>\n<td><b>201<\/b>\n<p><b>162<\/b><\/p><\/td>\n<td><b>166<\/b>\n<p><b>205<\/b><\/p><\/td>\n<td rowspan=\"2\"><b>272<\/b><\/td>\n<td rowspan=\"2\"><b>111<\/b><\/td>\n<td rowspan=\"2\"><b>288<\/b><\/td>\n<td><b>57 (400 V)<\/b><\/td>\n<td><b>60<\/b><\/td>\n<td><b>1500<\/b><\/td>\n<\/tr>\n<tr>\n<td><b>80120\/E<\/b><\/td>\n<td><b>FSX<\/b><\/td>\n<td><b>21,6<\/b><\/td>\n<td><b>259<\/b><\/td>\n<td><b>217<\/b><\/td>\n<td><b>79,8 (400 V)<\/b><\/td>\n<td><b>82,5<\/b><\/td>\n<td><b>2500<\/b><\/td>\n<\/tr>\n<\/tbody>\n<\/table>\n<p style=\"text-align: left;\">\n<img loading=\"lazy\" decoding=\"async\" class=\"alignnone wp-image-1321 size-full\" src=\"https:\/\/modernbakery.hu\/wp-content\/uploads\/2021\/06\/mondial.jpg\" alt=\"\" width=\"1677\" height=\"330\" srcset=\"https:\/\/modernbakery.hu\/wp-content\/uploads\/2021\/06\/mondial.jpg 1677w, https:\/\/modernbakery.hu\/wp-content\/uploads\/2021\/06\/mondial-300x59.jpg 300w, https:\/\/modernbakery.hu\/wp-content\/uploads\/2021\/06\/mondial-700x138.jpg 700w, https:\/\/modernbakery.hu\/wp-content\/uploads\/2021\/06\/mondial-768x151.jpg 768w, https:\/\/modernbakery.hu\/wp-content\/uploads\/2021\/06\/mondial-1536x302.jpg 1536w\" sizes=\"auto, (max-width: 1677px) 100vw, 1677px\" \/><\/p>\n<p style=\"text-align: center;\"><b>Az adatok t\u00e1j\u00e9koztat\u00f3 jelleg\u0171ek, a gy\u00e1rt\u00f3 a v\u00e1ltoz\u00e1s jog\u00e1t fenntartja<\/b><b>\u00a0<\/b><\/p>\n<\/div>\n<\/div><\/div><div id=\"panel-605-1-0-1\" class=\"so-panel widget widget_sow-button panel-last-child\" data-index=\"2\" ><div\n\t\t\t\n\t\t\tclass=\"so-widget-sow-button so-widget-sow-button-atom-1038cf0caefd-605\"\n\t\t\t\n\t\t><div class=\"ow-button-base ow-button-align-center\"\n>\n\t\t\t<a\n\t\t\t\t\thref=\"https:\/\/modernbakery.hu\/pdf\/Depliant%20Mondial%20Forni%20Techno_016_INGLESE.pdf\"\n\t\t\t\t\tclass=\"sowb-button ow-icon-placement-left ow-button-hover\" target=\"_blank\" rel=\"noopener noreferrer\" \t>\n\t\t<span>\n\t\t\t\t\t\t\t<div class=\"sow-icon-image\" style=\"background-image: url(https:\/\/modernbakery.hu\/wp-content\/uploads\/2018\/02\/g0ec05439b5b50e2376f33e1ecb83f245d28bf698b5a7c3ace86a22675e5a709ac7509c32d7c5e6d6be84972ab45480fa_1920-150x150.png)\"><\/div>\n\t\t\t\t\n\t\t\tLet\u00f6lthet\u0151 PDF\t\t<\/span>\n\t\t\t<\/a>\n\t<\/div>\n<\/div><\/div><\/div><\/div><\/div>","protected":false},"excerpt":{"rendered":"<p>Forg\u00f3 kocsis l\u00e9gkever\u00e9ses kemenc\u00e9k \u00a0 \u00a0 A Mondial Forni srl. t\u00f6bb mint 60 \u00e9ve foglalkozik s\u00fct\u0151ipari berendez\u00e9sek gy\u00e1rt\u00e1s\u00e1val. F\u0151 profilja a l\u00e9gkever\u00e9ses forg\u00f3kocsis \u00fagynevezett rotor kemenc\u00e9k gy\u00e1rt\u00e1sa. Az elm\u00falt id\u0151ben professzion\u00e1lis szintre emelkedett a gy\u00e1rtm\u00e1nyok elk\u00e9sz\u00edt\u00e9s\u00e9nek a technol\u00f3gi\u00e1ja.\u00a0 A berendez\u00e9seket ipari robotok, l\u00e9zerv\u00e1g\u00f3 k\u00e9sz\u00fcl\u00e9kek alkalmaz\u00e1sa mellett k\u00e9sz\u00fclnek a gy\u00e1rt\u00f3sorokon. &nbsp; A kemence k\u00fcls\u0151 megjelen\u00e9se, kezel\u0151szervei: [&hellip;]<\/p>\n","protected":false},"author":4,"featured_media":0,"parent":0,"menu_order":0,"comment_status":"closed","ping_status":"closed","template":"","meta":{"footnotes":""},"class_list":["post-605","page","type-page","status-publish","hentry"],"_links":{"self":[{"href":"https:\/\/modernbakery.hu\/index.php?rest_route=\/wp\/v2\/pages\/605","targetHints":{"allow":["GET"]}}],"collection":[{"href":"https:\/\/modernbakery.hu\/index.php?rest_route=\/wp\/v2\/pages"}],"about":[{"href":"https:\/\/modernbakery.hu\/index.php?rest_route=\/wp\/v2\/types\/page"}],"author":[{"embeddable":true,"href":"https:\/\/modernbakery.hu\/index.php?rest_route=\/wp\/v2\/users\/4"}],"replies":[{"embeddable":true,"href":"https:\/\/modernbakery.hu\/index.php?rest_route=%2Fwp%2Fv2%2Fcomments&post=605"}],"version-history":[{"count":27,"href":"https:\/\/modernbakery.hu\/index.php?rest_route=\/wp\/v2\/pages\/605\/revisions"}],"predecessor-version":[{"id":613,"href":"https:\/\/modernbakery.hu\/index.php?rest_route=\/wp\/v2\/pages\/605\/revisions\/613"}],"wp:attachment":[{"href":"https:\/\/modernbakery.hu\/index.php?rest_route=%2Fwp%2Fv2%2Fmedia&parent=605"}],"curies":[{"name":"wp","href":"https:\/\/api.w.org\/{rel}","templated":true}]}}