{"id":645,"date":"2018-02-23T09:40:43","date_gmt":"2018-02-23T09:40:43","guid":{"rendered":"https:\/\/modernbakery.hu\/?page_id=645"},"modified":"2021-06-25T07:31:37","modified_gmt":"2021-06-25T07:31:37","slug":"thermooilos-kemencek","status":"publish","type":"page","link":"https:\/\/modernbakery.hu\/?page_id=645","title":{"rendered":"Thermooilos kemenc\u00e9k"},"content":{"rendered":"<div id=\"pl-645\"  class=\"panel-layout\" ><div id=\"pg-645-0\"  class=\"panel-grid panel-no-style\" ><div id=\"pgc-645-0-0\"  class=\"panel-grid-cell\" ><div id=\"panel-645-0-0-0\" class=\"so-panel widget widget_sow-editor panel-first-child panel-last-child\" data-index=\"0\" ><div\n\t\t\t\n\t\t\tclass=\"so-widget-sow-editor so-widget-sow-editor-base\"\n\t\t\t\n\t\t>\n<div class=\"siteorigin-widget-tinymce textwidget\">\n\t<h2 style=\"text-align: center;\"><span style=\"color: #a91f24;\">Thermooilos kemenc\u00e9k<\/span><\/h2>\n<hr \/>\n<p>\u00a0<\/p>\n<\/div>\n<\/div><\/div><\/div><\/div><div id=\"pg-645-1\"  class=\"panel-grid panel-no-style\" ><div id=\"pgc-645-1-0\"  class=\"panel-grid-cell\" ><div id=\"panel-645-1-0-0\" class=\"so-panel widget widget_sow-editor panel-first-child panel-last-child\" data-index=\"1\" ><div\n\t\t\t\n\t\t\tclass=\"so-widget-sow-editor so-widget-sow-editor-base\"\n\t\t\t\n\t\t><h3 class=\"widget-title\">Termoolajos f\u0171t\u00e9si rendszer\u0171 kemenc\u00e9k\u00a0m\u0171szaki meghat\u00e1roz\u00e1s<\/h3>\n<div class=\"siteorigin-widget-tinymce textwidget\">\n\t<p><span style=\"font-weight: 400;\">A <\/span><span style=\"font-weight: 400;\">termoolajos<\/span><span style=\"font-weight: 400;\"> kemenc\u00e9k a s\u00fct\u0151iparban forradalmi \u00faj\u00edt\u00e1st jelentenek. A berendez\u00e9sek f\u0171t\u00e9si \u00e9s s\u00fct\u00e9si technol\u00f3gi\u00e1ja minden szempontb\u00f3l, de f\u0151leg energiafelhaszn\u00e1l\u00e1si, s\u00fct\u00e9si min\u0151s\u00e9g, \u00e9s kemence kiszolg\u00e1l\u00e1si m\u00f3dszerei tekintet\u00e9ben mer\u0151ben \u00faj megold\u00e1sokat alkalmaz. Egyedi saj\u00e1toss\u00e1ga a berendez\u00e9seknek, hogy a s\u00fct\u00e9shez sz\u00fcks\u00e9ges h\u0151mennyis\u00e9g el\u0151\u00e1ll\u00edt\u00e1sa egy speci\u00e1lis kialak\u00edt\u00e1s\u00fa olajjal t\u00f6lt\u00f6tt h\u0151cser\u00e9l\u0151vel ell\u00e1tott \u201ekaz\u00e1nban zajlik. Mely kaz\u00e1n elhelyezhet\u0151 a kemenc\u00e9k szomsz\u00e9ds\u00e1g\u00e1ban, vagy ak\u00e1r t\u00f6bb m\u00e9ter t\u00e1vols\u00e1gra is.<\/span><\/p>\n<h4><strong>H\u0151 termel\u0151 kaz\u00e1n:<\/strong><\/h4>\n<p><img loading=\"lazy\" decoding=\"async\" class=\"alignnone size-full wp-image-649\" src=\"https:\/\/modernbakery.hu\/wp-content\/uploads\/2018\/02\/thermooilos-kemencek-1.jpg\" alt=\"\" width=\"284\" height=\"386\" srcset=\"https:\/\/modernbakery.hu\/wp-content\/uploads\/2018\/02\/thermooilos-kemencek-1.jpg 284w, https:\/\/modernbakery.hu\/wp-content\/uploads\/2018\/02\/thermooilos-kemencek-1-221x300.jpg 221w\" sizes=\"auto, (max-width: 284px) 100vw, 284px\" \/><\/p>\n<h4><strong>H\u0151termel\u0151 kaz\u00e1n m\u00e9ret v\u00e1laszt\u00e9k:\u00a0\u00a0<\/strong><\/h4>\n<p>&nbsp;<\/p>\n<table>\n<tbody>\n<tr>\n<td><b>tipus\/<\/b><\/p>\n<p><b>param\u00e9ter<\/b><\/p>\n<\/td>\n<td><b>m\u00e9rt\u00e9k egys\u00e9g<\/b><\/td>\n<td><b>PKO 80<\/b><\/td>\n<td><b>PKO 125<\/b><\/td>\n<td><b>PKO 200<\/b><\/td>\n<td><b>PKO 300<\/b><\/td>\n<td><b>PKO 500<\/b><\/td>\n<td><b>PKO 700<\/b><\/td>\n<td><b>PKO 1000<\/b><\/td>\n<td><b>PKO 1250<\/b><\/td>\n<\/tr>\n<tr>\n<td><span style=\"font-weight: 400;\">energia kimenet<\/span><\/td>\n<td><span style=\"font-weight: 400;\">kW<\/span><\/td>\n<td><span style=\"font-weight: 400;\">80<\/span><\/td>\n<td><span style=\"font-weight: 400;\">125<\/span><\/td>\n<td><span style=\"font-weight: 400;\">200<\/span><\/td>\n<td><span style=\"font-weight: 400;\">300<\/span><\/td>\n<td><span style=\"font-weight: 400;\">500<\/span><\/td>\n<td><span style=\"font-weight: 400;\">700<\/span><\/td>\n<td><span style=\"font-weight: 400;\">1000<\/span><\/td>\n<td><span style=\"font-weight: 400;\">1250<\/span><\/td>\n<\/tr>\n<tr>\n<td><span style=\"font-weight: 400;\">alapter\u00fclet<\/span><\/td>\n<td><span style=\"font-weight: 400;\">cm<\/span><\/td>\n<td><span style=\"font-weight: 400;\">92*96<\/span><\/td>\n<td><span style=\"font-weight: 400;\">96*106<\/span><\/td>\n<td><span style=\"font-weight: 400;\">106*106<\/span><\/td>\n<td><span style=\"font-weight: 400;\">120*130<\/span><\/td>\n<td><span style=\"font-weight: 400;\">145*150<\/span><\/td>\n<td><span style=\"font-weight: 400;\">165*170<\/span><\/td>\n<td><span style=\"font-weight: 400;\">190*190<\/span><\/td>\n<td><span style=\"font-weight: 400;\">190*190<\/span><\/td>\n<\/tr>\n<tr>\n<td><span style=\"font-weight: 400;\">magass\u00e1g g\u00e1z\u00e9g\u0151 n\u00e9lk\u00fcl<\/span><\/td>\n<td><span style=\"font-weight: 400;\">mm<\/span><\/td>\n<td><span style=\"font-weight: 400;\">1045<\/span><\/td>\n<td><span style=\"font-weight: 400;\">1145<\/span><\/td>\n<td><span style=\"font-weight: 400;\">1350<\/span><\/td>\n<td><span style=\"font-weight: 400;\">1560<\/span><\/td>\n<td><span style=\"font-weight: 400;\">1970<\/span><\/td>\n<td><span style=\"font-weight: 400;\">2360<\/span><\/td>\n<td><span style=\"font-weight: 400;\">2645<\/span><\/td>\n<td><span style=\"font-weight: 400;\">2845<\/span><\/td>\n<\/tr>\n<tr>\n<td><span style=\"font-weight: 400;\">keringet\u0151 szivatty\u00fa energia ig\u00e9nye<\/span><\/td>\n<td><span style=\"font-weight: 400;\">kW<\/span><\/td>\n<td><span style=\"font-weight: 400;\">1,5<\/span><\/td>\n<td><span style=\"font-weight: 400;\">2,8<\/span><\/td>\n<td><span style=\"font-weight: 400;\">4<\/span><\/td>\n<td><span style=\"font-weight: 400;\">5,5<\/span><\/td>\n<td><span style=\"font-weight: 400;\">7,5<\/span><\/td>\n<td><span style=\"font-weight: 400;\">2*7,5<\/span><\/td>\n<td><span style=\"font-weight: 400;\">2*7,5<\/span><\/td>\n<td><span style=\"font-weight: 400;\">2*7,5<\/span><\/td>\n<\/tr>\n<tr>\n<td><span style=\"font-weight: 400;\">t\u00f6meg<\/span><\/td>\n<td><span style=\"font-weight: 400;\">kg<\/span><\/td>\n<td><span style=\"font-weight: 400;\">620<\/span><\/td>\n<td><span style=\"font-weight: 400;\">800<\/span><\/td>\n<td><span style=\"font-weight: 400;\">1100<\/span><\/td>\n<td><span style=\"font-weight: 400;\">1300<\/span><\/td>\n<td><span style=\"font-weight: 400;\">2100<\/span><\/td>\n<td><span style=\"font-weight: 400;\">2880<\/span><\/td>\n<td><span style=\"font-weight: 400;\">4320<\/span><\/td>\n<td><span style=\"font-weight: 400;\">4960<\/span><\/td>\n<\/tr>\n<\/tbody>\n<\/table>\n<p>&nbsp;<\/p>\n<p><span style=\"font-weight: 400;\">A kaz\u00e1nban meleg\u00edtett speci\u00e1lis olajat, a feladatra alkalmas keringet\u0151 szivatty\u00fak seg\u00edts\u00e9g\u00e9vel, cs\u0151vezet\u00e9keken kereszt\u00fcl<\/span><span style=\"font-weight: 400;\">,<\/span><span style=\"font-weight: 400;\"> juttatjuk be a s\u00fct\u0151t\u00e9rbe. A s\u00fct\u0151t\u00e9rben - erre a feladatra tervezett \u2013 radi\u00e1torok seg\u00edts\u00e9g\u00e9vel v\u00e9gezz\u00fck a s\u00fct\u00e9st. A radi\u00e1torok sug\u00e1rz\u00f3 h\u0151vel s\u00fctnek, hiszen minden egyes s\u00fct\u0151lemez alatt \u00e9s felett is van egy-egy bel\u0151l\u00fck. Lehet\u0151s\u00e9g van a s\u00fct\u0151t\u00e9rben l\u00e9v\u0151 leveg\u0151 ventil\u00e1tor \u00e1ltal val\u00f3 cirkul\u00e1ltat\u00e1s\u00e1ra is, ha a s\u00fctni k\u00edv\u00e1nt term\u00e9k ezt ig\u00e9nyli. Egy h\u0151cser\u00e9l\u0151 \u2013 ha a megrendel\u00e9skor \u00fagy hat\u00e1roz\u00f3dik meg \u2013 egyszerre t\u00f6bb kemence <\/span><span style=\"font-weight: 400;\">h\u0151ell\u00e1t\u00e1s\u00e1ra<\/span><span style=\"font-weight: 400;\"> is alkalmas, illetve a r\u00e1k\u00f6t\u00f6tt berendez\u00e9sek <\/span><span style=\"font-weight: 400;\">h\u0151ell\u00e1t\u00e1sa<\/span><span style=\"font-weight: 400;\"> szakaszolhat\u00f3 is, mint a mell\u00e9kelt \u00e1bra mutatja:<\/span><\/p>\n<h4><strong>H\u0151termel\u0151 kaz\u00e1n \u00e9s a fogyaszt\u00f3k\u00e9nt r\u00e1k\u00f6t\u00f6tt kemenc\u00e9k sematikus \u00e1br\u00e1ja:<\/strong><\/h4>\n<p><img loading=\"lazy\" decoding=\"async\" class=\"alignnone size-full wp-image-650\" src=\"https:\/\/modernbakery.hu\/wp-content\/uploads\/2018\/02\/thermooilos-kemencek-2.jpg\" alt=\"\" width=\"466\" height=\"261\" srcset=\"https:\/\/modernbakery.hu\/wp-content\/uploads\/2018\/02\/thermooilos-kemencek-2.jpg 466w, https:\/\/modernbakery.hu\/wp-content\/uploads\/2018\/02\/thermooilos-kemencek-2-300x168.jpg 300w\" sizes=\"auto, (max-width: 466px) 100vw, 466px\" \/><\/p>\n<p><span style=\"font-weight: 400;\">Ezzel a m\u0171szaki megold\u00e1ssal megval\u00f3sul, hogy a kemenc\u00e9t kiszolg\u00e1l\u00f3 g\u00e1z\u00e9g\u0151 teljesen f\u00fcggetlen a kemenc\u00e9t\u0151l. A kaz\u00e1n a kemenc\u00e9kben t\u00f6bb ponton elhelyezett \u00e9rz\u00e9kel\u0151k \u00e9s a vez\u00e9rl\u0151 egys\u00e9g inform\u00e1ci\u00f3i alapj\u00e1n a keringet\u0151 szivatty\u00fak seg\u00edts\u00e9g\u00e9vel viszi be a s\u00fct\u00e9shez sz\u00fcks\u00e9ges h\u0151mennyis\u00e9get a s\u00fct\u0151t\u00e9rbe.\u00a0<\/span><\/p>\n<p><span style=\"font-weight: 400;\">Mivel t\u00f6bb kemenc\u00e9ket egy g\u00e1z\u00e9g\u0151 l\u00e1tja el, a\u00a0 t\u00f6bb h\u0151cser\u00e9l\u0151kben fell\u00e9p\u0151 vesztes\u00e9gek helyett csak egy ponton tapasztalhatunk<\/span><span style=\"font-weight: 400;\">,<\/span><span style=\"font-weight: 400;\"> a <\/span><span style=\"font-weight: 400;\">h\u0151cser\u00e9l\u00e9sb\u0151l<\/span><span style=\"font-weight: 400;\"> sz\u00e1rmaz\u00f3 vesztes\u00e9get. Az egy g\u00e1z\u00e9g\u0151 egy k\u00e9m\u00e9nyt is jelent, mely jelent\u0151s megtakar\u00edt\u00e1s, illetve az egy k\u00e9m\u00e9ny lehet\u0151s\u00e9get ny\u00fajt egy kil\u00e9p\u0151 f\u00fcstg\u00e1zba \u00e9p\u00edtett h\u0151-visszanyer\u0151 telep\u00edt\u00e9s\u00e9re, mely ugyancsak hat\u00e9konyabb mint ha t\u00f6bb kisebb k\u00e9sz\u00fcl\u00e9ket telep\u00edten\u00e9nk.\u00a0\u00a0<\/span><\/p>\n<p><span style=\"font-weight: 400;\">Ez a m\u0171k\u00f6d\u00e9s \u00e9s m\u0171szaki kialak\u00edt\u00e1s lehet\u0151v\u00e9 teszi, hogy a szok\u00e1sos berendez\u00e9sekhez k\u00e9pest, jobb s\u00fct\u00e9si hat\u00e9konys\u00e1got, r\u00f6videbb s\u00fct\u00e9si id\u0151t, sokkal kevesebb <\/span><span style=\"font-weight: 400;\">h\u0151vesztes\u00e9get<\/span><span style=\"font-weight: 400;\"> tapasztalhassunk az ilyen rendszerek alkalmaz\u00e1sakor.<\/span><\/p>\n<p><span style=\"font-weight: 400;\">A s\u00fct\u00e9shez sz\u00fcks\u00e9ges g\u0151z el\u0151\u00e1ll\u00edt\u00e1s\u00e1t is a felmeleg\u00edtett olaj v\u00e9gzi. Ennek eredm\u00e9nyek\u00e9pp a szokottn\u00e1l j\u00f3val t\u00f6bb g\u0151z el\u0151\u00e1ll\u00edt\u00e1s\u00e1ra <\/span><span style=\"font-weight: 400;\">van<\/span><span style=\"font-weight: 400;\"> lehet\u0151s\u00e9g amely nagyon fontos a s\u00fct\u00e9si id\u0151 els\u0151 harmad\u00e1ban a megfelel\u0151en piack\u00e9pes term\u00e9kek el\u0151\u00e1ll\u00edt\u00e1sa szempontj\u00e1b\u00f3l.<\/span><\/p>\n<p>&nbsp;<\/p>\n<p><span style=\"font-weight: 400;\">A \u201erackoven\u201d kialak\u00edt\u00e1s\u00fa termoolajos kemenc\u00e9k sikeresen \u00f6tv\u00f6zik a \u201erotor\u201d m\u00e1sn\u00e9ven \u201eforg\u00f3kocsis\u201d \u00e9s az \u201eetage\u201d s\u00fct\u00e9si rendszer\u0171 kemenc\u00e9k el\u0151ny\u00f6s tulajdons\u00e1gait. A berendez\u00e9s, mint az al\u00e1bbi k\u00e9pen l\u00e1that\u00f3:<\/span><\/p>\n<p><img loading=\"lazy\" decoding=\"async\" class=\"alignnone size-full wp-image-651\" src=\"https:\/\/modernbakery.hu\/wp-content\/uploads\/2018\/02\/thermooilos-kemencek-3.jpg\" alt=\"\" width=\"273\" height=\"351\" srcset=\"https:\/\/modernbakery.hu\/wp-content\/uploads\/2018\/02\/thermooilos-kemencek-3.jpg 273w, https:\/\/modernbakery.hu\/wp-content\/uploads\/2018\/02\/thermooilos-kemencek-3-233x300.jpg 233w\" sizes=\"auto, (max-width: 273px) 100vw, 273px\" \/><\/p>\n<p><span style=\"font-weight: 400;\">Kialak\u00edt\u00e1s\u00e1ban a <\/span><span style=\"font-weight: 400;\">forg\u00f3kocsis<\/span><span style=\"font-weight: 400;\"> rotor kemenc\u00e9k arculat\u00e1t mutatja. A kemence eg\u00e9sz eleje ajt\u00f3, mely a speci\u00e1lis s\u00fct\u0151 kocsi befogad\u00e1sa miatt nyithat\u00f3 teljes sz\u00e9less\u00e9g\u00e9ben. A s\u00fctni k\u00edv\u00e1nt term\u00e9keket, s\u00fct\u0151lemezeken a speci\u00e1lis s\u00fct\u0151 kocsira helyezve juttatjuk a s\u00fct\u0151t\u00e9rbe. A kemenc\u00e9k alkalmasak 1, 2, 3, s\u00fct\u0151 kocsi befogad\u00e1s\u00e1ra egyszerre, illetve a s\u00fct\u0151lemezek m\u00e9rete v\u00e1laszthat\u00f3. A s\u00fct\u0151 kocsi darabsz\u00e1ma, \u00e9s a s\u00fct\u0151lemezek m\u00e9rete a berendez\u00e9s megrendel\u00e9skor meghat\u00e1rozott saj\u00e1toss\u00e1ga. A kocsin l\u00e9v\u0151 s\u00fct\u0151lemezek \u2013 amikor a kemenc\u00e9be toljuk \u0151ket \u2013 alattuk \u00e9s felett\u00fck is h\u0151-\u00e1tad\u00f3 olajradi\u00e1torokat tal\u00e1lunk.\u00a0<\/span><\/p>\n<h4><strong>A berendez\u00e9sek m\u00e9retv\u00e1laszt\u00e9ka az al\u00e1bbi t\u00e1bl\u00e1zatban tekinthet\u0151 meg:<\/strong><\/h4>\n<table>\n<tbody>\n<tr>\n<td><b>s\u00fct\u0151 lemez m\u00e9ret mm\/\u00a0<\/b><\/p>\n<p><b>param\u00e9ter<\/b><\/p>\n<\/td>\n<td><b>m\u00e9rt\u00e9k egys\u00e9g<\/b><\/td>\n<td><b>800*600<\/b><\/td>\n<td><b>1000*600<\/b><\/td>\n<td><b>500*650<\/b><\/td>\n<td><b>1000*800<\/b><\/td>\n<td><b>800*600<\/b><\/td>\n<td><b>1000*600<\/b><\/td>\n<\/tr>\n<tr>\n<td><span style=\"font-weight: 400;\">egyszerre bent l\u00e9v\u0151 s\u00fct\u0151kocsi sz\u00e1ma<\/span><\/td>\n<td><span style=\"font-weight: 400;\">db<\/span><\/td>\n<td><span style=\"font-weight: 400;\">2<\/span><\/td>\n<td><span style=\"font-weight: 400;\">2<\/span><\/td>\n<td><span style=\"font-weight: 400;\">4<\/span><\/td>\n<td><span style=\"font-weight: 400;\">2<\/span><\/td>\n<td><span style=\"font-weight: 400;\">3<\/span><\/td>\n<td><span style=\"font-weight: 400;\">3<\/span><\/td>\n<\/tr>\n<tr>\n<td><span style=\"font-weight: 400;\">kemence alapter\u00fclete<\/span><\/td>\n<td><span style=\"font-weight: 400;\">cm<\/span><\/td>\n<td><span style=\"font-weight: 400;\">120*180<\/span><\/td>\n<td><span style=\"font-weight: 400;\">140*180<\/span><\/td>\n<td><span style=\"font-weight: 400;\">140*190<\/span><\/td>\n<td><span style=\"font-weight: 400;\">140*220<\/span><\/td>\n<td><span style=\"font-weight: 400;\">120*245<\/span><\/td>\n<td><span style=\"font-weight: 400;\">140*245<\/span><\/td>\n<\/tr>\n<tr>\n<td><span style=\"font-weight: 400;\">kemence magass\u00e1ga<\/span><\/td>\n<td><span style=\"font-weight: 400;\">mm<\/span><\/td>\n<td><span style=\"font-weight: 400;\">2400<\/span><\/td>\n<td><span style=\"font-weight: 400;\">2400<\/span><\/td>\n<td><span style=\"font-weight: 400;\">2400<\/span><\/td>\n<td><span style=\"font-weight: 400;\">2400<\/span><\/td>\n<td><span style=\"font-weight: 400;\">2400<\/span><\/td>\n<td><span style=\"font-weight: 400;\">2400<\/span><\/td>\n<\/tr>\n<tr>\n<td><span style=\"font-weight: 400;\">s\u00fct\u0151fel\u00fclet m\u00e9ret 8 szint magas kivitelben\/szabad magss\u00e1g a s\u00fct\u0151lemezek k\u00f6z\u00f6tt:170 mm<\/span><\/td>\n<td><span style=\"font-weight: 400;\">m\u00b2<\/span><\/td>\n<td><span style=\"font-weight: 400;\">8<\/span><\/td>\n<td><span style=\"font-weight: 400;\">10<\/span><\/td>\n<td><span style=\"font-weight: 400;\">10,8<\/span><\/td>\n<td><span style=\"font-weight: 400;\">13,2<\/span><\/td>\n<td><span style=\"font-weight: 400;\">12<\/span><\/td>\n<td><span style=\"font-weight: 400;\">15<\/span><\/td>\n<\/tr>\n<tr>\n<td><span style=\"font-weight: 400;\">s\u00fct\u0151fel\u00fclet m\u00e9ret 10 szint magas kivitelben\/ szabad magss\u00e1g a s\u00fct\u0151lemezek k\u00f6z\u00f6tt:125 mm<\/span><\/td>\n<td><span style=\"font-weight: 400;\">m\u00b2<\/span><\/td>\n<td><span style=\"font-weight: 400;\">10<\/span><\/td>\n<td><span style=\"font-weight: 400;\">12<\/span><\/td>\n<td><span style=\"font-weight: 400;\">13,5<\/span><\/td>\n<td><span style=\"font-weight: 400;\">16,5<\/span><\/td>\n<td><span style=\"font-weight: 400;\">15<\/span><\/td>\n<td><span style=\"font-weight: 400;\">18<\/span><\/td>\n<\/tr>\n<tr>\n<td><span style=\"font-weight: 400;\">s\u00fct\u0151fel\u00fclet m\u00e9ret 12 szint magas kivitelben\/ szabad magss\u00e1g a s\u00fct\u0151lemezek k\u00f6z\u00f6tt:95 mm<\/span><\/td>\n<td><span style=\"font-weight: 400;\">m\u00b2<\/span><\/td>\n<td><span style=\"font-weight: 400;\">12<\/span><\/td>\n<td><span style=\"font-weight: 400;\">15<\/span><\/td>\n<td><span style=\"font-weight: 400;\">16,2<\/span><\/td>\n<td><span style=\"font-weight: 400;\">19,8<\/span><\/td>\n<td><span style=\"font-weight: 400;\">18<\/span><\/td>\n<td><span style=\"font-weight: 400;\">22,5<\/span><\/td>\n<\/tr>\n<\/tbody>\n<\/table>\n<p>&nbsp;<\/p>\n<p><span style=\"font-weight: 400;\">A fenti kemenc\u00e9k kialak\u00edt\u00e1s\u00e1ban fontos t\u00e9nyez\u0151 az egys\u00e9gnyi alapter\u00fcletre vet\u00edtett nagy s\u00fct\u0151fel\u00fclet.<\/span><\/p>\n<p><span style=\"font-weight: 400;\">Egy k\u00e9t kocsis, 10 szintes, 580*980- as lemezeket mag\u00e1ba foglal\u00f3 kemence 11,368 m\u00b2 s\u00fct\u0151fel\u00fcletet jelent, 1,95*1,2 m azaz 2,34 m\u00b2 alapter\u00fcleten. Ezt a s\u00fct\u0151fel\u00fclet m\u00e9retet egy etage kemence eset\u00e9ben 6,76 m\u00b2 alapter\u00fclet mellet kapjuk meg.\u00a0<\/span><\/p>\n<h4><strong>A berendez\u00e9s vonalas \u00e1br\u00e1i oldal fel\u00fcl \u00e9s el\u0151l n\u00e9zetben:<\/strong><\/h4>\n<p><img loading=\"lazy\" decoding=\"async\" class=\"alignnone size-full wp-image-654\" src=\"https:\/\/modernbakery.hu\/wp-content\/uploads\/2018\/02\/thermooilos-kemencek-4.jpg\" alt=\"\" width=\"689\" height=\"358\" srcset=\"https:\/\/modernbakery.hu\/wp-content\/uploads\/2018\/02\/thermooilos-kemencek-4.jpg 689w, https:\/\/modernbakery.hu\/wp-content\/uploads\/2018\/02\/thermooilos-kemencek-4-300x156.jpg 300w\" sizes=\"auto, (max-width: 689px) 100vw, 689px\" \/><\/p>\n<p><span style=\"font-weight: 400;\">Fontos t\u00e9nyez\u0151 a kemenc\u00e9k kiszolg\u00e1l\u00e1sa. Egy norm\u00e1l etage kemenc\u00e9ket 2 f\u0151 kezeli, f\u0151leg ha vet\u0151szerkezettel vetik az \u00e1rut a kemenc\u00e9be.\u00a0<\/span><\/p>\n<p><span style=\"font-weight: 400;\">A \u201erackoven\u201d kemenc\u00e9ket, mivel a 1*10 vagy 2*10 vagy 3*10 s\u00fct\u0151lemez egyszerre, kocsikkal jutathat\u00f3 a kemenc\u00e9be, k\u00fcl\u00f6n\u00f6sebb fizikai megterhel\u00e9s n\u00e9lk\u00fcl egy f\u0151 alkalmaz\u00e1sa mellet is kiszolg\u00e1lhat\u00f3.\u00a0<\/span><\/p>\n<p><span style=\"font-weight: 400;\">Mivel a berendez\u00e9snek jelent\u0151s a saj\u00e1t t\u00f6mege - 2 tonna \u2013 a vet\u00e9st k\u00f6vet\u0151en elhanyagolhat\u00f3 h\u0151m\u00e9rs\u00e9klet cs\u00f6kken\u00e9st tapasztalunk a s\u00fct\u0151t\u00e9rben. Egy a szakm\u00e1ban eddig alkalmazott \u201eforg\u00f3 kocsis\u201d kemenc\u00e9k eset\u00e9ben nem ritka a 25 \u00baC s\u00fct\u0151t\u00e9rben tapasztalhat\u00f3 h\u0151m\u00e9rs\u00e9klet es\u00e9s, mire a g\u00e1z\u00e9g\u0151 \u00fajra utol\u00e9ri a kemenc\u00e9t. Ebb\u0151l ad\u00f3d\u00f3n a szok\u00e1sosn\u00e1l r\u00f6videbb s\u00fct\u00e9si id\u0151vel kalkul\u00e1lhatunk, mely termel\u00e9kenys\u00e9g javul\u00e1st \u00e9s egys\u00e9gnyi id\u0151re vet\u00edtett hat\u00e9konys\u00e1gn\u00f6veked\u00e9st eredm\u00e9nyez.<\/span><\/p>\n<p><span style=\"font-weight: 400;\">A berendez\u00e9s vez\u00e9rl\u00e9s\u00e9r\u0151l egy sz\u00ednes, 90 programhellyel ell\u00e1tott, \u00e9rint\u0151k\u00e9perny\u0151s PLC gondoskodik. A 90 program mindegyik\u00e9ben k\u00fcl\u00f6n meghat\u00e1rozhat\u00f3 az \u00f6sszes a s\u00fct\u00e9si folyamattal \u00f6sszef\u00fcgg\u0151 param\u00e9ter. A folyamat alatt megtekinthet\u0151 minden \u00e9ppen szab\u00e1lyozott param\u00e9ter.\u00a0<\/span><\/p>\n<h4><strong>A vez\u00e9rl\u0151panel l\u00e1tv\u00e1nyk\u00e9pe:<\/strong><\/h4>\n<p><img loading=\"lazy\" decoding=\"async\" class=\"alignnone size-full wp-image-655\" src=\"https:\/\/modernbakery.hu\/wp-content\/uploads\/2018\/02\/thermooilos-kemencek-5.jpg\" alt=\"\" width=\"292\" height=\"254\" \/><\/p>\n<p><span style=\"font-weight: 400;\">\u00d6sszefoglalva, mire sz\u00e1m\u00edthatunk ha termoolajos kemenc\u00e9t alkalmazunk:<\/span><\/p>\n<h4><strong>Felhaszn\u00e1l\u00e1si ter\u00fclet:<\/strong><\/h4>\n<ul>\n<li style=\"font-weight: 400;\" aria-level=\"1\"><span style=\"font-weight: 400;\">Szabadon vetett \/ formakenyerek.\u00a0<\/span><\/li>\n<li style=\"font-weight: 400;\" aria-level=\"1\"><span style=\"font-weight: 400;\">Lemezes \u00e1ruk.\u00a0<\/span><\/li>\n<li style=\"font-weight: 400;\" aria-level=\"1\"><span style=\"font-weight: 400;\">Cukr\u00e1sz term\u00e9kek.\u00a0<\/span><\/li>\n<li style=\"font-weight: 400;\" aria-level=\"1\"><span style=\"font-weight: 400;\">Apr\u00f3- \/ finom p\u00e9k\u00e1ru.\u00a0<\/span><\/li>\n<\/ul>\n<h4><strong>El\u0151nyei:<\/strong><\/h4>\n<ol>\n<li style=\"font-weight: 400;\" aria-level=\"1\"><span style=\"font-weight: 400;\">Abszol\u00fat egyenletes, stabil s\u00fct\u00e9s.\u00a0<\/span><\/li>\n<li style=\"font-weight: 400;\" aria-level=\"1\"><span style=\"font-weight: 400;\">Fels\u0151- \u00e9s als\u00f3 h\u0151-k\u00f6zl\u00e9s minden szinten.\u00a0<\/span><\/li>\n<li style=\"font-weight: 400;\" aria-level=\"1\"><span style=\"font-weight: 400;\">H\u0151\u00e1tad\u00e1s mindh\u00e1rom fajt\u00e1ja (h\u0151sug\u00e1rz\u00e1s, h\u0151\u00e1tad\u00e1s \/ ig\u00e9ny szerint l\u00e9gkever\u00e9s).\u00a0<\/span><\/li>\n<li style=\"font-weight: 400;\" aria-level=\"1\"><span style=\"font-weight: 400;\">Nincs ny\u00edlt l\u00e1ng.\u00a0<\/span><\/li>\n<li style=\"font-weight: 400;\" aria-level=\"1\"><span style=\"font-weight: 400;\">Nagy hat\u00e1sfok.\u00a0<\/span><\/li>\n<li style=\"font-weight: 400;\" aria-level=\"1\"><span style=\"font-weight: 400;\">Alacsony zajszint\u0171 kaz\u00e1n.\u00a0<\/span><\/li>\n<li style=\"font-weight: 400;\" aria-level=\"1\"><span style=\"font-weight: 400;\">1 kaz\u00e1n t\u00f6bb kemenc\u00e9hez.\u00a0<\/span><\/li>\n<li style=\"font-weight: 400;\" aria-level=\"1\"><span style=\"font-weight: 400;\">S\u00fct\u00e9s \"vet\u00e9sr\u0151l-vet\u00e9sre\" (a rendszernek alig van sz\u00fcks\u00e9ge felf\u0171t\u00e9si id\u0151re).\u00a0<\/span><\/li>\n<li style=\"font-weight: 400;\" aria-level=\"1\"><span style=\"font-weight: 400;\">Kevesebb energiafogyaszt\u00e1s.\u00a0<\/span><\/li>\n<li style=\"font-weight: 400;\" aria-level=\"1\"><span style=\"font-weight: 400;\">Hossz\u00fa \u00e9lettartam.\u00a0<\/span><\/li>\n<\/ol>\n<p style=\"text-align: center;\"><b>Az adatok t\u00e1j\u00e9koztat\u00f3 jelleg\u0171ek, a gy\u00e1rt\u00f3 a v\u00e1ltoz\u00e1s jog\u00e1t fenntartja<\/b><b>\u00a0<\/b><\/p>\n<\/div>\n<\/div><\/div><\/div><\/div><\/div>","protected":false},"excerpt":{"rendered":"<p>Thermooilos kemenc\u00e9k \u00a0 A termoolajos kemenc\u00e9k a s\u00fct\u0151iparban forradalmi \u00faj\u00edt\u00e1st jelentenek. A berendez\u00e9sek f\u0171t\u00e9si \u00e9s s\u00fct\u00e9si technol\u00f3gi\u00e1ja minden szempontb\u00f3l, de f\u0151leg energiafelhaszn\u00e1l\u00e1si, s\u00fct\u00e9si min\u0151s\u00e9g, \u00e9s kemence kiszolg\u00e1l\u00e1si m\u00f3dszerei tekintet\u00e9ben mer\u0151ben \u00faj megold\u00e1sokat alkalmaz. Egyedi saj\u00e1toss\u00e1ga a berendez\u00e9seknek, hogy a s\u00fct\u00e9shez sz\u00fcks\u00e9ges h\u0151mennyis\u00e9g el\u0151\u00e1ll\u00edt\u00e1sa egy speci\u00e1lis kialak\u00edt\u00e1s\u00fa olajjal t\u00f6lt\u00f6tt h\u0151cser\u00e9l\u0151vel ell\u00e1tott \u201ekaz\u00e1nban zajlik. Mely kaz\u00e1n elhelyezhet\u0151 [&hellip;]<\/p>\n","protected":false},"author":4,"featured_media":0,"parent":0,"menu_order":0,"comment_status":"closed","ping_status":"closed","template":"","meta":{"footnotes":""},"class_list":["post-645","page","type-page","status-publish","hentry"],"_links":{"self":[{"href":"https:\/\/modernbakery.hu\/index.php?rest_route=\/wp\/v2\/pages\/645","targetHints":{"allow":["GET"]}}],"collection":[{"href":"https:\/\/modernbakery.hu\/index.php?rest_route=\/wp\/v2\/pages"}],"about":[{"href":"https:\/\/modernbakery.hu\/index.php?rest_route=\/wp\/v2\/types\/page"}],"author":[{"embeddable":true,"href":"https:\/\/modernbakery.hu\/index.php?rest_route=\/wp\/v2\/users\/4"}],"replies":[{"embeddable":true,"href":"https:\/\/modernbakery.hu\/index.php?rest_route=%2Fwp%2Fv2%2Fcomments&post=645"}],"version-history":[{"count":9,"href":"https:\/\/modernbakery.hu\/index.php?rest_route=\/wp\/v2\/pages\/645\/revisions"}],"predecessor-version":[{"id":1366,"href":"https:\/\/modernbakery.hu\/index.php?rest_route=\/wp\/v2\/pages\/645\/revisions\/1366"}],"wp:attachment":[{"href":"https:\/\/modernbakery.hu\/index.php?rest_route=%2Fwp%2Fv2%2Fmedia&parent=645"}],"curies":[{"name":"wp","href":"https:\/\/api.w.org\/{rel}","templated":true}]}}