{"id":659,"date":"2018-02-23T09:55:20","date_gmt":"2018-02-23T09:55:20","guid":{"rendered":"https:\/\/modernbakery.hu\/?page_id=659"},"modified":"2021-06-25T07:52:20","modified_gmt":"2021-06-25T07:52:20","slug":"cukraszati-gepek","status":"publish","type":"page","link":"https:\/\/modernbakery.hu\/?page_id=659","title":{"rendered":"Cukr\u00e1szati g\u00e9pek"},"content":{"rendered":"<div id=\"pl-659\"  class=\"panel-layout\" ><div id=\"pg-659-0\"  class=\"panel-grid panel-no-style\" ><div id=\"pgc-659-0-0\"  class=\"panel-grid-cell\" ><div id=\"panel-659-0-0-0\" class=\"so-panel widget widget_sow-editor panel-first-child panel-last-child\" data-index=\"0\" ><div\n\t\t\t\n\t\t\tclass=\"so-widget-sow-editor so-widget-sow-editor-base\"\n\t\t\t\n\t\t>\n<div class=\"siteorigin-widget-tinymce textwidget\">\n\t<h2 style=\"text-align: center;\"><span style=\"color: #a91f24;\">Cukr\u00e1szati g\u00e9pek<\/span><\/h2>\n<hr \/>\n<\/div>\n<\/div><\/div><\/div><\/div><div id=\"pg-659-1\"  class=\"panel-grid panel-no-style\" ><div id=\"pgc-659-1-0\"  class=\"panel-grid-cell\" ><div id=\"panel-659-1-0-0\" class=\"so-panel widget widget_sow-button panel-first-child panel-last-child\" data-index=\"1\" ><div\n\t\t\t\n\t\t\tclass=\"so-widget-sow-button so-widget-sow-button-atom-1038cf0caefd-659\"\n\t\t\t\n\t\t><div class=\"ow-button-base ow-button-align-center\"\n>\n\t\t\t<a\n\t\t\t\t\thref=\"https:\/\/modernbakery.hu\/pdf\/ICB%20catalogue%202018.pdf\"\n\t\t\t\t\tclass=\"sowb-button ow-icon-placement-left ow-button-hover\" target=\"_blank\" rel=\"noopener noreferrer\" \t>\n\t\t<span>\n\t\t\t\t\t\t\t<div class=\"sow-icon-image\" style=\"background-image: url(https:\/\/modernbakery.hu\/wp-content\/uploads\/2018\/02\/g0ec05439b5b50e2376f33e1ecb83f245d28bf698b5a7c3ace86a22675e5a709ac7509c32d7c5e6d6be84972ab45480fa_1920-150x150.png)\"><\/div>\n\t\t\t\t\n\t\t\tLet\u00f6lthet\u0151 pdf - ICB Katal\u00f3gus\t\t<\/span>\n\t\t\t<\/a>\n\t<\/div>\n<\/div><\/div><\/div><\/div><\/div>","protected":false},"excerpt":{"rendered":"<p>Cukr\u00e1szati g\u00e9pek<\/p>\n","protected":false},"author":4,"featured_media":0,"parent":0,"menu_order":0,"comment_status":"closed","ping_status":"closed","template":"","meta":{"footnotes":""},"class_list":["post-659","page","type-page","status-publish","hentry"],"_links":{"self":[{"href":"https:\/\/modernbakery.hu\/index.php?rest_route=\/wp\/v2\/pages\/659","targetHints":{"allow":["GET"]}}],"collection":[{"href":"https:\/\/modernbakery.hu\/index.php?rest_route=\/wp\/v2\/pages"}],"about":[{"href":"https:\/\/modernbakery.hu\/index.php?rest_route=\/wp\/v2\/types\/page"}],"author":[{"embeddable":true,"href":"https:\/\/modernbakery.hu\/index.php?rest_route=\/wp\/v2\/users\/4"}],"replies":[{"embeddable":true,"href":"https:\/\/modernbakery.hu\/index.php?rest_route=%2Fwp%2Fv2%2Fcomments&post=659"}],"version-history":[{"count":9,"href":"https:\/\/modernbakery.hu\/index.php?rest_route=\/wp\/v2\/pages\/659\/revisions"}],"predecessor-version":[{"id":1389,"href":"https:\/\/modernbakery.hu\/index.php?rest_route=\/wp\/v2\/pages\/659\/revisions\/1389"}],"wp:attachment":[{"href":"https:\/\/modernbakery.hu\/index.php?rest_route=%2Fwp%2Fv2%2Fmedia&parent=659"}],"curies":[{"name":"wp","href":"https:\/\/api.w.org\/{rel}","templated":true}]}}