{"id":874,"date":"2018-03-28T08:46:16","date_gmt":"2018-03-28T08:46:16","guid":{"rendered":"https:\/\/modernbakery.hu\/?page_id=874"},"modified":"2018-03-28T09:05:24","modified_gmt":"2018-03-28T09:05:24","slug":"hutes-sokkolas-fagyasztas","status":"publish","type":"page","link":"https:\/\/modernbakery.hu\/?page_id=874","title":{"rendered":"H\u0171t\u00e9s, sokkol\u00e1s, fagyaszt\u00e1s"},"content":{"rendered":"<div id=\"pl-874\"  class=\"panel-layout\" ><div id=\"pg-874-0\"  class=\"panel-grid panel-no-style\" ><div id=\"pgc-874-0-0\"  class=\"panel-grid-cell\" ><div id=\"panel-874-0-0-0\" class=\"so-panel widget widget_sow-editor panel-first-child panel-last-child\" data-index=\"0\" ><div\n\t\t\t\n\t\t\tclass=\"so-widget-sow-editor so-widget-sow-editor-base\"\n\t\t\t\n\t\t>\n<div class=\"siteorigin-widget-tinymce textwidget\">\n\t<h2 style=\"text-align: center;\"><span style=\"color: #a92023;\">H\u0171t\u00e9s, sokkol\u00e1s, fagyaszt\u00e1s<\/span><\/h2>\n<hr \/>\n<p>&nbsp;<\/p>\n<\/div>\n<\/div><\/div><\/div><\/div><div id=\"pg-874-1\"  class=\"panel-grid panel-no-style\" ><div id=\"pgc-874-1-0\"  class=\"panel-grid-cell\" ><div id=\"panel-874-1-0-0\" class=\"so-panel widget widget_siteorigin-panels-builder panel-first-child panel-last-child\" data-index=\"1\" ><div class=\"panel-widget-style panel-widget-style-for-874-1-0-0\" ><div id=\"pl-w5abb59e7945dd\"  class=\"panel-layout\" ><div id=\"pg-w5abb59e7945dd-0\"  class=\"panel-grid panel-no-style\" ><div id=\"pgc-w5abb59e7945dd-0-0\"  class=\"panel-grid-cell\" ><div id=\"panel-w5abb59e7945dd-0-0-0\" class=\"so-panel widget widget_sow-editor panel-first-child\" data-index=\"0\" ><div\n\t\t\t\n\t\t\tclass=\"so-widget-sow-editor so-widget-sow-editor-base\"\n\t\t\t\n\t\t>\n<div class=\"siteorigin-widget-tinymce textwidget\">\n\t<h4 style=\"text-align: center;\"><span style=\"color: #a92023;\">H\u0171t\u0151kamra<\/p>\n<p><\/span><\/h4>\n<\/div>\n<\/div><\/div><div id=\"panel-w5abb59e7945dd-0-0-1\" class=\"so-panel widget widget_sow-button panel-last-child\" data-index=\"1\" ><div\n\t\t\t\n\t\t\tclass=\"so-widget-sow-button so-widget-sow-button-flat-bb8a4617f6e8\"\n\t\t\t\n\t\t><div class=\"ow-button-base ow-button-align-center\"\n>\n\t\t\t<a\n\t\t\t\t\thref=\"https:\/\/modernbakery.hu\/hutokamra\/\"\n\t\t\t\t\tclass=\"sowb-button ow-icon-placement-left ow-button-hover\" \t>\n\t\t<span>\n\t\t\t\n\t\t\tTov\u00e1bb\t\t<\/span>\n\t\t\t<\/a>\n\t<\/div>\n<\/div><\/div><\/div><\/div><\/div><\/div><\/div><\/div><div id=\"pgc-874-1-1\"  class=\"panel-grid-cell\" ><div id=\"panel-874-1-1-0\" class=\"so-panel widget widget_siteorigin-panels-builder panel-first-child panel-last-child\" data-index=\"2\" ><div class=\"panel-widget-style panel-widget-style-for-874-1-1-0\" ><div id=\"pl-w5abb5a3103105\"  class=\"panel-layout\" ><div id=\"pg-w5abb5a3103105-0\"  class=\"panel-grid panel-no-style\" ><div id=\"pgc-w5abb5a3103105-0-0\"  class=\"panel-grid-cell\" ><div id=\"panel-w5abb5a3103105-0-0-0\" class=\"so-panel widget widget_sow-editor panel-first-child\" data-index=\"0\" ><div\n\t\t\t\n\t\t\tclass=\"so-widget-sow-editor so-widget-sow-editor-base\"\n\t\t\t\n\t\t>\n<div class=\"siteorigin-widget-tinymce textwidget\">\n\t<h4 style=\"text-align: center;\"><span style=\"color: #a92023;\">Sokkol\u00f3 fagyaszt\u00f3 kamr\u00e1k<\/p>\n<p><\/span><\/h4>\n<\/div>\n<\/div><\/div><div id=\"panel-w5abb5a3103105-0-0-1\" class=\"so-panel widget widget_sow-button panel-last-child\" data-index=\"1\" ><div\n\t\t\t\n\t\t\tclass=\"so-widget-sow-button so-widget-sow-button-flat-bb8a4617f6e8\"\n\t\t\t\n\t\t><div class=\"ow-button-base ow-button-align-center\"\n>\n\t\t\t<a\n\t\t\t\t\thref=\"https:\/\/modernbakery.hu\/sokkolo-fagyaszto-kamrak\/\"\n\t\t\t\t\tclass=\"sowb-button ow-icon-placement-left ow-button-hover\" \t>\n\t\t<span>\n\t\t\t\n\t\t\tTov\u00e1bb\t\t<\/span>\n\t\t\t<\/a>\n\t<\/div>\n<\/div><\/div><\/div><\/div><\/div><\/div><\/div><\/div><div id=\"pgc-874-1-2\"  class=\"panel-grid-cell\" ><div id=\"panel-874-1-2-0\" class=\"so-panel widget widget_siteorigin-panels-builder panel-first-child panel-last-child\" data-index=\"3\" ><div class=\"panel-widget-style panel-widget-style-for-874-1-2-0\" ><div id=\"pl-w5abb5ad4c5944\"  class=\"panel-layout\" ><div id=\"pg-w5abb5ad4c5944-0\"  class=\"panel-grid panel-no-style\" ><div id=\"pgc-w5abb5ad4c5944-0-0\"  class=\"panel-grid-cell\" ><div id=\"panel-w5abb5ad4c5944-0-0-0\" class=\"so-panel widget widget_sow-editor panel-first-child\" data-index=\"0\" ><div\n\t\t\t\n\t\t\tclass=\"so-widget-sow-editor so-widget-sow-editor-base\"\n\t\t\t\n\t\t>\n<div class=\"siteorigin-widget-tinymce textwidget\">\n\t<h4 style=\"text-align: center;\"><span style=\"color: #a92023;\">Pluszos h\u0171t\u0151kamr\u00e1k<\/p>\n<p><\/span><\/h4>\n<\/div>\n<\/div><\/div><div id=\"panel-w5abb5ad4c5944-0-0-1\" class=\"so-panel widget widget_sow-button panel-last-child\" data-index=\"1\" ><div\n\t\t\t\n\t\t\tclass=\"so-widget-sow-button so-widget-sow-button-flat-bb8a4617f6e8\"\n\t\t\t\n\t\t><div class=\"ow-button-base ow-button-align-center\"\n>\n\t\t\t<a\n\t\t\t\t\thref=\"https:\/\/modernbakery.hu\/pluszos-hutokamrak\/\"\n\t\t\t\t\tclass=\"sowb-button ow-icon-placement-left ow-button-hover\" \t>\n\t\t<span>\n\t\t\t\n\t\t\tTov\u00e1bb\t\t<\/span>\n\t\t\t<\/a>\n\t<\/div>\n<\/div><\/div><\/div><\/div><\/div><\/div><\/div><\/div><\/div><\/div>","protected":false},"excerpt":{"rendered":"<p>H\u0171t\u00e9s, sokkol\u00e1s, fagyaszt\u00e1s &nbsp;<\/p>\n","protected":false},"author":4,"featured_media":0,"parent":0,"menu_order":0,"comment_status":"closed","ping_status":"closed","template":"","meta":{"footnotes":""},"class_list":["post-874","page","type-page","status-publish","hentry"],"_links":{"self":[{"href":"https:\/\/modernbakery.hu\/index.php?rest_route=\/wp\/v2\/pages\/874","targetHints":{"allow":["GET"]}}],"collection":[{"href":"https:\/\/modernbakery.hu\/index.php?rest_route=\/wp\/v2\/pages"}],"about":[{"href":"https:\/\/modernbakery.hu\/index.php?rest_route=\/wp\/v2\/types\/page"}],"author":[{"embeddable":true,"href":"https:\/\/modernbakery.hu\/index.php?rest_route=\/wp\/v2\/users\/4"}],"replies":[{"embeddable":true,"href":"https:\/\/modernbakery.hu\/index.php?rest_route=%2Fwp%2Fv2%2Fcomments&post=874"}],"version-history":[{"count":13,"href":"https:\/\/modernbakery.hu\/index.php?rest_route=\/wp\/v2\/pages\/874\/revisions"}],"predecessor-version":[{"id":906,"href":"https:\/\/modernbakery.hu\/index.php?rest_route=\/wp\/v2\/pages\/874\/revisions\/906"}],"wp:attachment":[{"href":"https:\/\/modernbakery.hu\/index.php?rest_route=%2Fwp%2Fv2%2Fmedia&parent=874"}],"curies":[{"name":"wp","href":"https:\/\/api.w.org\/{rel}","templated":true}]}}