{"id":928,"date":"2018-03-28T09:30:09","date_gmt":"2018-03-28T09:30:09","guid":{"rendered":"https:\/\/modernbakery.hu\/?page_id=928"},"modified":"2021-07-01T10:40:21","modified_gmt":"2021-07-01T10:40:21","slug":"kelesztok-kesleltetett-kelesztok","status":"publish","type":"page","link":"https:\/\/modernbakery.hu\/?page_id=928","title":{"rendered":"Keleszt\u0151k, k\u00e9sleltetett keleszt\u0151k"},"content":{"rendered":"<div id=\"pl-928\"  class=\"panel-layout\" ><div id=\"pg-928-0\"  class=\"panel-grid panel-no-style\" ><div id=\"pgc-928-0-0\"  class=\"panel-grid-cell\" ><div id=\"panel-928-0-0-0\" class=\"so-panel widget widget_sow-editor panel-first-child panel-last-child\" data-index=\"0\" ><div\n\t\t\t\n\t\t\tclass=\"so-widget-sow-editor so-widget-sow-editor-base\"\n\t\t\t\n\t\t>\n<div class=\"siteorigin-widget-tinymce textwidget\">\n\t<h2 style=\"text-align: center;\"><span style=\"color: #a92023;\">Keleszt\u0151k, k\u00e9sleltetett keleszt\u0151k<\/span><\/h2>\n<hr \/>\n<p>&nbsp;<\/p>\n<\/div>\n<\/div><\/div><\/div><\/div><div id=\"pg-928-1\"  class=\"panel-grid panel-no-style\" ><div id=\"pgc-928-1-0\"  class=\"panel-grid-cell\" ><div id=\"panel-928-1-0-0\" class=\"so-panel widget widget_siteorigin-panels-builder panel-first-child panel-last-child\" data-index=\"1\" ><div class=\"panel-widget-style panel-widget-style-for-928-1-0-0\" ><div id=\"pl-w5abb6e284e29f\"  class=\"panel-layout\" ><div id=\"pg-w5abb6e284e29f-0\"  class=\"panel-grid panel-no-style\" ><div id=\"pgc-w5abb6e284e29f-0-0\"  class=\"panel-grid-cell\" ><div id=\"panel-w5abb6e284e29f-0-0-0\" class=\"so-panel widget widget_sow-editor panel-first-child\" data-index=\"0\" ><div\n\t\t\t\n\t\t\tclass=\"so-widget-sow-editor so-widget-sow-editor-base\"\n\t\t\t\n\t\t>\n<div class=\"siteorigin-widget-tinymce textwidget\">\n\t<h4 style=\"text-align: center;\"><span style=\"color: #a92023;\">Keleszt\u0151k<\/p>\n<p><\/span><\/h4>\n<\/div>\n<\/div><\/div><div id=\"panel-w5abb6e284e29f-0-0-1\" class=\"so-panel widget widget_sow-button panel-last-child\" data-index=\"1\" ><div\n\t\t\t\n\t\t\tclass=\"so-widget-sow-button so-widget-sow-button-flat-bb8a4617f6e8\"\n\t\t\t\n\t\t><div class=\"ow-button-base ow-button-align-center\"\n>\n\t\t\t<a\n\t\t\t\t\thref=\"\/kelesztok\/\"\n\t\t\t\t\tclass=\"sowb-button ow-icon-placement-left ow-button-hover\" \t>\n\t\t<span>\n\t\t\t\n\t\t\tTov\u00e1bb\t\t<\/span>\n\t\t\t<\/a>\n\t<\/div>\n<\/div><\/div><\/div><\/div><\/div><\/div><\/div><\/div><div id=\"pgc-928-1-1\"  class=\"panel-grid-cell\" ><div id=\"panel-928-1-1-0\" class=\"so-panel widget widget_siteorigin-panels-builder panel-first-child panel-last-child\" data-index=\"2\" ><div class=\"panel-widget-style panel-widget-style-for-928-1-1-0\" ><div id=\"pl-w5abb6e284ea55\"  class=\"panel-layout\" ><div id=\"pg-w5abb6e284ea55-0\"  class=\"panel-grid panel-no-style\" ><div id=\"pgc-w5abb6e284ea55-0-0\"  class=\"panel-grid-cell\" ><div id=\"panel-w5abb6e284ea55-0-0-0\" class=\"so-panel widget widget_sow-editor panel-first-child\" data-index=\"0\" ><div\n\t\t\t\n\t\t\tclass=\"so-widget-sow-editor so-widget-sow-editor-base\"\n\t\t\t\n\t\t>\n<div class=\"siteorigin-widget-tinymce textwidget\">\n\t<h4 style=\"text-align: center;\"><span style=\"color: #a92023;\">K\u00e9sleltetett keleszt\u0151k<\/p>\n<p><\/span><\/h4>\n<\/div>\n<\/div><\/div><div id=\"panel-w5abb6e284ea55-0-0-1\" class=\"so-panel widget widget_sow-button panel-last-child\" data-index=\"1\" ><div\n\t\t\t\n\t\t\tclass=\"so-widget-sow-button so-widget-sow-button-flat-bb8a4617f6e8\"\n\t\t\t\n\t\t><div class=\"ow-button-base ow-button-align-center\"\n>\n\t\t\t<a\n\t\t\t\t\thref=\"\/kesleltetett-kelesztok\/\"\n\t\t\t\t\tclass=\"sowb-button ow-icon-placement-left ow-button-hover\" \t>\n\t\t<span>\n\t\t\t\n\t\t\tTov\u00e1bb\t\t<\/span>\n\t\t\t<\/a>\n\t<\/div>\n<\/div><\/div><\/div><\/div><\/div><\/div><\/div><\/div><div id=\"pgc-928-1-2\"  class=\"panel-grid-cell\" ><div id=\"panel-928-1-2-0\" class=\"so-panel widget widget_siteorigin-panels-builder panel-first-child panel-last-child\" data-index=\"3\" ><div class=\"panel-widget-style panel-widget-style-for-928-1-2-0\" ><div id=\"pl-w60dd9b95e4d5a\"  class=\"panel-layout\" ><div id=\"pg-w60dd9b95e4d5a-0\"  class=\"panel-grid panel-no-style\" ><div id=\"pgc-w60dd9b95e4d5a-0-0\"  class=\"panel-grid-cell\" ><div id=\"panel-w60dd9b95e4d5a-0-0-0\" class=\"so-panel widget widget_sow-editor panel-first-child\" data-index=\"0\" ><div\n\t\t\t\n\t\t\tclass=\"so-widget-sow-editor so-widget-sow-editor-base\"\n\t\t\t\n\t\t>\n<div class=\"siteorigin-widget-tinymce textwidget\">\n\t<h4 style=\"text-align: center;\"><span style=\"color: #a92023;\">K\u00f6ztes pihentet\u0151<\/p>\n<p><\/span><\/h4>\n<\/div>\n<\/div><\/div><div id=\"panel-w60dd9b95e4d5a-0-0-1\" class=\"so-panel widget widget_sow-button panel-last-child\" data-index=\"1\" ><div\n\t\t\t\n\t\t\tclass=\"so-widget-sow-button so-widget-sow-button-flat-bb8a4617f6e8\"\n\t\t\t\n\t\t><div class=\"ow-button-base ow-button-align-center\"\n>\n\t\t\t<a\n\t\t\t\t\thref=\"\/koztes-pihenteto\/\"\n\t\t\t\t\tclass=\"sowb-button ow-icon-placement-left ow-button-hover\" \t>\n\t\t<span>\n\t\t\t\n\t\t\tTov\u00e1bb\t\t<\/span>\n\t\t\t<\/a>\n\t<\/div>\n<\/div><\/div><\/div><\/div><\/div><\/div><\/div><\/div><\/div><\/div>","protected":false},"excerpt":{"rendered":"<p>Keleszt\u0151k, k\u00e9sleltetett keleszt\u0151k &nbsp;<\/p>\n","protected":false},"author":4,"featured_media":0,"parent":0,"menu_order":0,"comment_status":"closed","ping_status":"closed","template":"","meta":{"footnotes":""},"class_list":["post-928","page","type-page","status-publish","hentry"],"_links":{"self":[{"href":"https:\/\/modernbakery.hu\/index.php?rest_route=\/wp\/v2\/pages\/928","targetHints":{"allow":["GET"]}}],"collection":[{"href":"https:\/\/modernbakery.hu\/index.php?rest_route=\/wp\/v2\/pages"}],"about":[{"href":"https:\/\/modernbakery.hu\/index.php?rest_route=\/wp\/v2\/types\/page"}],"author":[{"embeddable":true,"href":"https:\/\/modernbakery.hu\/index.php?rest_route=\/wp\/v2\/users\/4"}],"replies":[{"embeddable":true,"href":"https:\/\/modernbakery.hu\/index.php?rest_route=%2Fwp%2Fv2%2Fcomments&post=928"}],"version-history":[{"count":11,"href":"https:\/\/modernbakery.hu\/index.php?rest_route=\/wp\/v2\/pages\/928\/revisions"}],"predecessor-version":[{"id":1414,"href":"https:\/\/modernbakery.hu\/index.php?rest_route=\/wp\/v2\/pages\/928\/revisions\/1414"}],"wp:attachment":[{"href":"https:\/\/modernbakery.hu\/index.php?rest_route=%2Fwp%2Fv2%2Fmedia&parent=928"}],"curies":[{"name":"wp","href":"https:\/\/api.w.org\/{rel}","templated":true}]}}