{"id":935,"date":"2018-03-28T09:38:46","date_gmt":"2018-03-28T09:38:46","guid":{"rendered":"https:\/\/modernbakery.hu\/?page_id=935"},"modified":"2018-03-28T11:39:41","modified_gmt":"2018-03-28T11:39:41","slug":"kemencek","status":"publish","type":"page","link":"https:\/\/modernbakery.hu\/?page_id=935","title":{"rendered":"Kemenc\u00e9k"},"content":{"rendered":"<div id=\"pl-935\"  class=\"panel-layout\" ><div id=\"pg-935-0\"  class=\"panel-grid panel-no-style\" ><div id=\"pgc-935-0-0\"  class=\"panel-grid-cell\" ><div id=\"panel-935-0-0-0\" class=\"so-panel widget widget_sow-editor panel-first-child panel-last-child\" data-index=\"0\" ><div\n\t\t\t\n\t\t\tclass=\"so-widget-sow-editor so-widget-sow-editor-base\"\n\t\t\t\n\t\t>\n<div class=\"siteorigin-widget-tinymce textwidget\">\n\t<h2 style=\"text-align: center;\"><span style=\"color: #a92023;\">Kemenc\u00e9k<\/span><\/h2>\n<hr \/>\n<p>&nbsp;<\/p>\n<\/div>\n<\/div><\/div><\/div><\/div><div id=\"pg-935-1\"  class=\"panel-grid panel-no-style\" ><div id=\"pgc-935-1-0\"  class=\"panel-grid-cell\" ><div id=\"panel-935-1-0-0\" class=\"so-panel widget widget_siteorigin-panels-builder panel-first-child panel-last-child\" data-index=\"1\" ><div class=\"panel-widget-style panel-widget-style-for-935-1-0-0\" ><div id=\"pl-w5abb7aa813b71\"  class=\"panel-layout\" ><div id=\"pg-w5abb7aa813b71-0\"  class=\"panel-grid panel-no-style\" ><div id=\"pgc-w5abb7aa813b71-0-0\"  class=\"panel-grid-cell\" ><div id=\"panel-w5abb7aa813b71-0-0-0\" class=\"so-panel widget widget_sow-editor panel-first-child\" data-index=\"0\" ><div\n\t\t\t\n\t\t\tclass=\"so-widget-sow-editor so-widget-sow-editor-base\"\n\t\t\t\n\t\t>\n<div class=\"siteorigin-widget-tinymce textwidget\">\n\t<h4 style=\"text-align: center;\"><span style=\"color: #a92023;\">L\u00e1tv\u00e1ny Shop oven <br \/>kemenc\u00e9k<\/p>\n<p><\/span><\/h4>\n<\/div>\n<\/div><\/div><div id=\"panel-w5abb7aa813b71-0-0-1\" class=\"so-panel widget widget_sow-button panel-last-child\" data-index=\"1\" ><div\n\t\t\t\n\t\t\tclass=\"so-widget-sow-button so-widget-sow-button-flat-bb8a4617f6e8\"\n\t\t\t\n\t\t><div class=\"ow-button-base ow-button-align-center\"\n>\n\t\t\t<a\n\t\t\t\t\thref=\"\/latvany-shop-oven-kemencek\/\"\n\t\t\t\t\tclass=\"sowb-button ow-icon-placement-left ow-button-hover\" \t>\n\t\t<span>\n\t\t\t\n\t\t\tTov\u00e1bb\t\t<\/span>\n\t\t\t<\/a>\n\t<\/div>\n<\/div><\/div><\/div><\/div><\/div><\/div><\/div><\/div><div id=\"pgc-935-1-1\"  class=\"panel-grid-cell\" ><div id=\"panel-935-1-1-0\" class=\"so-panel widget widget_siteorigin-panels-builder panel-first-child panel-last-child\" data-index=\"2\" ><div class=\"panel-widget-style panel-widget-style-for-935-1-1-0\" ><div id=\"pl-w5abb784b4eca5\"  class=\"panel-layout\" ><div id=\"pg-w5abb784b4eca5-0\"  class=\"panel-grid panel-no-style\" ><div id=\"pgc-w5abb784b4eca5-0-0\"  class=\"panel-grid-cell\" ><div id=\"panel-w5abb784b4eca5-0-0-0\" class=\"so-panel widget widget_sow-editor panel-first-child\" data-index=\"0\" ><div\n\t\t\t\n\t\t\tclass=\"so-widget-sow-editor so-widget-sow-editor-base\"\n\t\t\t\n\t\t>\n<div class=\"siteorigin-widget-tinymce textwidget\">\n\t<h4 style=\"text-align: center;\"><span style=\"color: #a92023;\">Forg\u00f3 kocsis l\u00e9gkever\u00e9ses kemenc\u00e9k<\/p>\n<p><\/span><\/h4>\n<\/div>\n<\/div><\/div><div id=\"panel-w5abb784b4eca5-0-0-1\" class=\"so-panel widget widget_sow-button panel-last-child\" data-index=\"1\" ><div\n\t\t\t\n\t\t\tclass=\"so-widget-sow-button so-widget-sow-button-flat-bb8a4617f6e8\"\n\t\t\t\n\t\t><div class=\"ow-button-base ow-button-align-center\"\n>\n\t\t\t<a\n\t\t\t\t\thref=\"\/forgo-kocsis-legkevereses-kemencek\/\"\n\t\t\t\t\tclass=\"sowb-button ow-icon-placement-left ow-button-hover\" \t>\n\t\t<span>\n\t\t\t\n\t\t\tTov\u00e1bb\t\t<\/span>\n\t\t\t<\/a>\n\t<\/div>\n<\/div><\/div><\/div><\/div><\/div><\/div><\/div><\/div><div id=\"pgc-935-1-2\"  class=\"panel-grid-cell\" ><div id=\"panel-935-1-2-0\" class=\"so-panel widget widget_siteorigin-panels-builder panel-first-child panel-last-child\" data-index=\"3\" ><div class=\"panel-widget-style panel-widget-style-for-935-1-2-0\" ><div id=\"pl-w5abb7aa813dda\"  class=\"panel-layout\" ><div id=\"pg-w5abb7aa813dda-0\"  class=\"panel-grid panel-no-style\" ><div id=\"pgc-w5abb7aa813dda-0-0\"  class=\"panel-grid-cell\" ><div id=\"panel-w5abb7aa813dda-0-0-0\" class=\"so-panel widget widget_sow-editor panel-first-child\" data-index=\"0\" ><div\n\t\t\t\n\t\t\tclass=\"so-widget-sow-editor so-widget-sow-editor-base\"\n\t\t\t\n\t\t>\n<div class=\"siteorigin-widget-tinymce textwidget\">\n\t<h4 style=\"text-align: center;\"><span style=\"color: #a92023;\">\u00c1ll\u00f3 kocsis l\u00e9gkever\u00e9ses kemenc\u00e9k<\/p>\n<p><\/span><\/h4>\n<\/div>\n<\/div><\/div><div id=\"panel-w5abb7aa813dda-0-0-1\" class=\"so-panel widget widget_sow-button panel-last-child\" data-index=\"1\" ><div\n\t\t\t\n\t\t\tclass=\"so-widget-sow-button so-widget-sow-button-flat-bb8a4617f6e8\"\n\t\t\t\n\t\t><div class=\"ow-button-base ow-button-align-center\"\n>\n\t\t\t<a\n\t\t\t\t\thref=\"\/allo-kocsis-legkevereses-kemencek\/\"\n\t\t\t\t\tclass=\"sowb-button ow-icon-placement-left ow-button-hover\" \t>\n\t\t<span>\n\t\t\t\n\t\t\tTov\u00e1bb\t\t<\/span>\n\t\t\t<\/a>\n\t<\/div>\n<\/div><\/div><\/div><\/div><\/div><\/div><\/div><\/div><\/div><div id=\"pg-935-2\"  class=\"panel-grid panel-no-style\" ><div id=\"pgc-935-2-0\"  class=\"panel-grid-cell\" ><div id=\"panel-935-2-0-0\" class=\"so-panel widget widget_siteorigin-panels-builder panel-first-child panel-last-child\" data-index=\"4\" ><div class=\"panel-widget-style panel-widget-style-for-935-2-0-0\" ><div id=\"pl-w5abb7c0bb0d33\"  class=\"panel-layout\" ><div id=\"pg-w5abb7c0bb0d33-0\"  class=\"panel-grid panel-no-style\" ><div id=\"pgc-w5abb7c0bb0d33-0-0\"  class=\"panel-grid-cell\" ><div id=\"panel-w5abb7c0bb0d33-0-0-0\" class=\"so-panel widget widget_sow-editor panel-first-child\" data-index=\"0\" ><div\n\t\t\t\n\t\t\tclass=\"so-widget-sow-editor so-widget-sow-editor-base\"\n\t\t\t\n\t\t>\n<div class=\"siteorigin-widget-tinymce textwidget\">\n\t<h4 style=\"text-align: center;\"><span style=\"color: #a92023;\">G\u0151zcs\u00f6ves etage kemenc\u00e9k<\/p>\n<p><\/span><\/h4>\n<\/div>\n<\/div><\/div><div id=\"panel-w5abb7c0bb0d33-0-0-1\" class=\"so-panel widget widget_sow-button panel-last-child\" data-index=\"1\" ><div\n\t\t\t\n\t\t\tclass=\"so-widget-sow-button so-widget-sow-button-flat-bb8a4617f6e8\"\n\t\t\t\n\t\t><div class=\"ow-button-base ow-button-align-center\"\n>\n\t\t\t<a\n\t\t\t\t\thref=\"\/gozcsoves-etage-kemencek\/\"\n\t\t\t\t\tclass=\"sowb-button ow-icon-placement-left ow-button-hover\" \t>\n\t\t<span>\n\t\t\t\n\t\t\tTov\u00e1bb\t\t<\/span>\n\t\t\t<\/a>\n\t<\/div>\n<\/div><\/div><\/div><\/div><\/div><\/div><\/div><\/div><div id=\"pgc-935-2-1\"  class=\"panel-grid-cell\" ><div id=\"panel-935-2-1-0\" class=\"so-panel widget widget_siteorigin-panels-builder panel-first-child panel-last-child\" data-index=\"5\" ><div class=\"panel-widget-style panel-widget-style-for-935-2-1-0\" ><div id=\"pl-w5abb7c0bb165c\"  class=\"panel-layout\" ><div id=\"pg-w5abb7c0bb165c-0\"  class=\"panel-grid panel-no-style\" ><div id=\"pgc-w5abb7c0bb165c-0-0\"  class=\"panel-grid-cell\" ><div id=\"panel-w5abb7c0bb165c-0-0-0\" class=\"so-panel widget widget_sow-editor panel-first-child\" data-index=\"0\" ><div\n\t\t\t\n\t\t\tclass=\"so-widget-sow-editor so-widget-sow-editor-base\"\n\t\t\t\n\t\t>\n<div class=\"siteorigin-widget-tinymce textwidget\">\n\t<h4 style=\"text-align: center;\"><span style=\"color: #a92023;\">G\u0151zcs\u00f6ves kemenc\u00e9k automata vet\u0151 \u00e9s kis\u00fct\u0151 szerkezettel<\/p>\n<p><\/span><\/h4>\n<\/div>\n<\/div><\/div><div id=\"panel-w5abb7c0bb165c-0-0-1\" class=\"so-panel widget widget_sow-button panel-last-child\" data-index=\"1\" ><div\n\t\t\t\n\t\t\tclass=\"so-widget-sow-button so-widget-sow-button-flat-bb8a4617f6e8\"\n\t\t\t\n\t\t><div class=\"ow-button-base ow-button-align-center\"\n>\n\t\t\t<a\n\t\t\t\t\thref=\"\/gozcsoves-kemencek-automata-veto-es-kisuto-szerkezettel\/\"\n\t\t\t\t\tclass=\"sowb-button ow-icon-placement-left ow-button-hover\" \t>\n\t\t<span>\n\t\t\t\n\t\t\tTov\u00e1bb\t\t<\/span>\n\t\t\t<\/a>\n\t<\/div>\n<\/div><\/div><\/div><\/div><\/div><\/div><\/div><\/div><div id=\"pgc-935-2-2\"  class=\"panel-grid-cell\" ><div id=\"panel-935-2-2-0\" class=\"so-panel widget widget_siteorigin-panels-builder panel-first-child panel-last-child\" data-index=\"6\" ><div class=\"panel-widget-style panel-widget-style-for-935-2-2-0\" ><div id=\"pl-w5abb7c81207b0\"  class=\"panel-layout\" ><div id=\"pg-w5abb7c81207b0-0\"  class=\"panel-grid panel-no-style\" ><div id=\"pgc-w5abb7c81207b0-0-0\"  class=\"panel-grid-cell\" ><div id=\"panel-w5abb7c81207b0-0-0-0\" class=\"so-panel widget widget_sow-editor panel-first-child\" data-index=\"0\" ><div\n\t\t\t\n\t\t\tclass=\"so-widget-sow-editor so-widget-sow-editor-base\"\n\t\t\t\n\t\t>\n<div class=\"siteorigin-widget-tinymce textwidget\">\n\t<h4 style=\"text-align: center;\"><span style=\"color: #a92023;\">G\u0151zcs\u00f6ves alag\u00fat kemenc\u00e9k<\/p>\n<p><\/span><\/h4>\n<\/div>\n<\/div><\/div><div id=\"panel-w5abb7c81207b0-0-0-1\" class=\"so-panel widget widget_sow-button panel-last-child\" data-index=\"1\" ><div\n\t\t\t\n\t\t\tclass=\"so-widget-sow-button so-widget-sow-button-flat-bb8a4617f6e8\"\n\t\t\t\n\t\t><div class=\"ow-button-base ow-button-align-center\"\n>\n\t\t\t<a\n\t\t\t\t\thref=\"\/gozcsoves-alagut-kemencek\/\"\n\t\t\t\t\tclass=\"sowb-button ow-icon-placement-left ow-button-hover\" \t>\n\t\t<span>\n\t\t\t\n\t\t\tTov\u00e1bb\t\t<\/span>\n\t\t\t<\/a>\n\t<\/div>\n<\/div><\/div><\/div><\/div><\/div><\/div><\/div><\/div><\/div><div id=\"pg-935-3\"  class=\"panel-grid panel-no-style\" ><div id=\"pgc-935-3-0\"  class=\"panel-grid-cell\" ><div id=\"panel-935-3-0-0\" class=\"so-panel widget widget_siteorigin-panels-builder panel-first-child panel-last-child\" data-index=\"7\" ><div class=\"panel-widget-style panel-widget-style-for-935-3-0-0\" ><div id=\"pl-w5abb7e143a367\"  class=\"panel-layout\" ><div id=\"pg-w5abb7e143a367-0\"  class=\"panel-grid panel-no-style\" ><div id=\"pgc-w5abb7e143a367-0-0\"  class=\"panel-grid-cell\" ><div id=\"panel-w5abb7e143a367-0-0-0\" class=\"so-panel widget widget_sow-editor panel-first-child\" data-index=\"0\" ><div\n\t\t\t\n\t\t\tclass=\"so-widget-sow-editor so-widget-sow-editor-base\"\n\t\t\t\n\t\t>\n<div class=\"siteorigin-widget-tinymce textwidget\">\n\t<h4 style=\"text-align: center;\"><span style=\"color: #a92023;\">Thermooilos kemenc\u00e9k<\/p>\n<p><\/span><\/h4>\n<\/div>\n<\/div><\/div><div id=\"panel-w5abb7e143a367-0-0-1\" class=\"so-panel widget widget_sow-button panel-last-child\" data-index=\"1\" ><div\n\t\t\t\n\t\t\tclass=\"so-widget-sow-button so-widget-sow-button-flat-bb8a4617f6e8\"\n\t\t\t\n\t\t><div class=\"ow-button-base ow-button-align-center\"\n>\n\t\t\t<a\n\t\t\t\t\thref=\"\/thermooilos-kemencek\/\"\n\t\t\t\t\tclass=\"sowb-button ow-icon-placement-left ow-button-hover\" \t>\n\t\t<span>\n\t\t\t\n\t\t\tTov\u00e1bb\t\t<\/span>\n\t\t\t<\/a>\n\t<\/div>\n<\/div><\/div><\/div><\/div><\/div><\/div><\/div><\/div><div id=\"pgc-935-3-1\"  class=\"panel-grid-cell panel-grid-cell-mobile-last\" ><div id=\"panel-935-3-1-0\" class=\"so-panel widget widget_siteorigin-panels-builder panel-first-child panel-last-child\" data-index=\"8\" ><div class=\"panel-widget-style panel-widget-style-for-935-3-1-0\" ><div id=\"pl-w5abb7efd04539\"  class=\"panel-layout\" ><div id=\"pg-w5abb7efd04539-0\"  class=\"panel-grid panel-no-style\" ><div id=\"pgc-w5abb7efd04539-0-0\"  class=\"panel-grid-cell\" ><div id=\"panel-w5abb7efd04539-0-0-0\" class=\"so-panel widget widget_sow-editor panel-first-child\" data-index=\"0\" ><div\n\t\t\t\n\t\t\tclass=\"so-widget-sow-editor so-widget-sow-editor-base\"\n\t\t\t\n\t\t>\n<div class=\"siteorigin-widget-tinymce textwidget\">\n\t<h4 style=\"text-align: center;\"><span style=\"color: #a92023;\">Kieg\u00e9sz\u00edt\u0151 eszk\u00f6z\u00f6k a kemec\u00e9khez<\/p>\n<p><\/span><\/h4>\n<\/div>\n<\/div><\/div><div id=\"panel-w5abb7efd04539-0-0-1\" class=\"so-panel widget widget_sow-button panel-last-child\" data-index=\"1\" ><div\n\t\t\t\n\t\t\tclass=\"so-widget-sow-button so-widget-sow-button-flat-bb8a4617f6e8\"\n\t\t\t\n\t\t><div class=\"ow-button-base ow-button-align-center\"\n>\n\t\t\t<a\n\t\t\t\t\thref=\"#\"\n\t\t\t\t\tclass=\"sowb-button ow-icon-placement-left ow-button-hover\" \t>\n\t\t<span>\n\t\t\t\n\t\t\tTov\u00e1bb\t\t<\/span>\n\t\t\t<\/a>\n\t<\/div>\n<\/div><\/div><\/div><\/div><\/div><\/div><\/div><\/div><div id=\"pgc-935-3-2\"  class=\"panel-grid-cell panel-grid-cell-empty\" ><\/div><\/div><\/div>","protected":false},"excerpt":{"rendered":"<p>Kemenc\u00e9k &nbsp;<\/p>\n","protected":false},"author":4,"featured_media":0,"parent":0,"menu_order":0,"comment_status":"closed","ping_status":"closed","template":"","meta":{"footnotes":""},"class_list":["post-935","page","type-page","status-publish","hentry"],"_links":{"self":[{"href":"https:\/\/modernbakery.hu\/index.php?rest_route=\/wp\/v2\/pages\/935","targetHints":{"allow":["GET"]}}],"collection":[{"href":"https:\/\/modernbakery.hu\/index.php?rest_route=\/wp\/v2\/pages"}],"about":[{"href":"https:\/\/modernbakery.hu\/index.php?rest_route=\/wp\/v2\/types\/page"}],"author":[{"embeddable":true,"href":"https:\/\/modernbakery.hu\/index.php?rest_route=\/wp\/v2\/users\/4"}],"replies":[{"embeddable":true,"href":"https:\/\/modernbakery.hu\/index.php?rest_route=%2Fwp%2Fv2%2Fcomments&post=935"}],"version-history":[{"count":19,"href":"https:\/\/modernbakery.hu\/index.php?rest_route=\/wp\/v2\/pages\/935\/revisions"}],"predecessor-version":[{"id":1033,"href":"https:\/\/modernbakery.hu\/index.php?rest_route=\/wp\/v2\/pages\/935\/revisions\/1033"}],"wp:attachment":[{"href":"https:\/\/modernbakery.hu\/index.php?rest_route=%2Fwp%2Fv2%2Fmedia&parent=935"}],"curies":[{"name":"wp","href":"https:\/\/api.w.org\/{rel}","templated":true}]}}