{"id":954,"date":"2018-03-28T09:50:00","date_gmt":"2018-03-28T09:50:00","guid":{"rendered":"https:\/\/modernbakery.hu\/?page_id=954"},"modified":"2018-03-28T11:55:11","modified_gmt":"2018-03-28T11:55:11","slug":"csomagolo-gepek","status":"publish","type":"page","link":"https:\/\/modernbakery.hu\/?page_id=954","title":{"rendered":"Csomagol\u00f3 g\u00e9pek"},"content":{"rendered":"<div id=\"pl-954\"  class=\"panel-layout\" ><div id=\"pg-954-0\"  class=\"panel-grid panel-no-style\" ><div id=\"pgc-954-0-0\"  class=\"panel-grid-cell\" ><div id=\"panel-954-0-0-0\" class=\"so-panel widget widget_sow-editor panel-first-child panel-last-child\" data-index=\"0\" ><div\n\t\t\t\n\t\t\tclass=\"so-widget-sow-editor so-widget-sow-editor-base\"\n\t\t\t\n\t\t>\n<div class=\"siteorigin-widget-tinymce textwidget\">\n\t<h2 style=\"text-align: center;\"><span style=\"color: #a92023;\">Csomagol\u00f3 g\u00e9pek<\/span><\/h2>\n<hr \/>\n<p>&nbsp;<\/p>\n<\/div>\n<\/div><\/div><\/div><\/div><div id=\"pg-954-1\"  class=\"panel-grid panel-no-style\" ><div id=\"pgc-954-1-0\"  class=\"panel-grid-cell\" ><div id=\"panel-954-1-0-0\" class=\"so-panel widget widget_siteorigin-panels-builder panel-first-child panel-last-child\" data-index=\"1\" ><div class=\"panel-widget-style panel-widget-style-for-954-1-0-0\" ><div id=\"pl-w5abb81dfa9692\"  class=\"panel-layout\" ><div id=\"pg-w5abb81dfa9692-0\"  class=\"panel-grid panel-no-style\" ><div id=\"pgc-w5abb81dfa9692-0-0\"  class=\"panel-grid-cell\" ><div id=\"panel-w5abb81dfa9692-0-0-0\" class=\"so-panel widget widget_sow-editor panel-first-child\" data-index=\"0\" ><div\n\t\t\t\n\t\t\tclass=\"so-widget-sow-editor so-widget-sow-editor-base\"\n\t\t\t\n\t\t>\n<div class=\"siteorigin-widget-tinymce textwidget\">\n\t<h4 style=\"text-align: center;\"><span style=\"color: #a92023;\">L hegeszt\u0151k, zsugorf\u00f3li\u00e1z\u00f3k<\/p>\n<p><\/span><\/h4>\n<\/div>\n<\/div><\/div><div id=\"panel-w5abb81dfa9692-0-0-1\" class=\"so-panel widget widget_sow-button panel-last-child\" data-index=\"1\" ><div\n\t\t\t\n\t\t\tclass=\"so-widget-sow-button so-widget-sow-button-flat-bb8a4617f6e8\"\n\t\t\t\n\t\t><div class=\"ow-button-base ow-button-align-center\"\n>\n\t\t\t<a\n\t\t\t\t\thref=\"\/l-hegesztok-zsugorfoliazok\/\"\n\t\t\t\t\tclass=\"sowb-button ow-icon-placement-left ow-button-hover\" \t>\n\t\t<span>\n\t\t\t\n\t\t\tTov\u00e1bb\t\t<\/span>\n\t\t\t<\/a>\n\t<\/div>\n<\/div><\/div><\/div><\/div><\/div><\/div><\/div><\/div><div id=\"pgc-954-1-1\"  class=\"panel-grid-cell\" ><div id=\"panel-954-1-1-0\" class=\"so-panel widget widget_siteorigin-panels-builder panel-first-child panel-last-child\" data-index=\"2\" ><div class=\"panel-widget-style panel-widget-style-for-954-1-1-0\" ><div id=\"pl-w5abb81dfa9ed1\"  class=\"panel-layout\" ><div id=\"pg-w5abb81dfa9ed1-0\"  class=\"panel-grid panel-no-style\" ><div id=\"pgc-w5abb81dfa9ed1-0-0\"  class=\"panel-grid-cell\" ><div id=\"panel-w5abb81dfa9ed1-0-0-0\" class=\"so-panel widget widget_sow-editor panel-first-child\" data-index=\"0\" ><div\n\t\t\t\n\t\t\tclass=\"so-widget-sow-editor so-widget-sow-editor-base\"\n\t\t\t\n\t\t>\n<div class=\"siteorigin-widget-tinymce textwidget\">\n\t<h4 style=\"text-align: center;\"><span style=\"color: #a92023;\">Horizont\u00e1lis csomagol\u00f3g\u00e9pek<\/p>\n<p><\/span><\/h4>\n<\/div>\n<\/div><\/div><div id=\"panel-w5abb81dfa9ed1-0-0-1\" class=\"so-panel widget widget_sow-button panel-last-child\" data-index=\"1\" ><div\n\t\t\t\n\t\t\tclass=\"so-widget-sow-button so-widget-sow-button-flat-bb8a4617f6e8\"\n\t\t\t\n\t\t><div class=\"ow-button-base ow-button-align-center\"\n>\n\t\t\t<a\n\t\t\t\t\thref=\"\/horizontalis-csomagologepek\/\"\n\t\t\t\t\tclass=\"sowb-button ow-icon-placement-left ow-button-hover\" \t>\n\t\t<span>\n\t\t\t\n\t\t\tTov\u00e1bb\t\t<\/span>\n\t\t\t<\/a>\n\t<\/div>\n<\/div><\/div><\/div><\/div><\/div><\/div><\/div><\/div><div id=\"pgc-954-1-2\"  class=\"panel-grid-cell\" ><div id=\"panel-954-1-2-0\" class=\"so-panel widget widget_siteorigin-panels-builder panel-first-child panel-last-child\" data-index=\"3\" ><div class=\"panel-widget-style panel-widget-style-for-954-1-2-0\" ><div id=\"pl-w5abb823bb1921\"  class=\"panel-layout\" ><div id=\"pg-w5abb823bb1921-0\"  class=\"panel-grid panel-no-style\" ><div id=\"pgc-w5abb823bb1921-0-0\"  class=\"panel-grid-cell\" ><div id=\"panel-w5abb823bb1921-0-0-0\" class=\"so-panel widget widget_sow-editor panel-first-child\" data-index=\"0\" ><div\n\t\t\t\n\t\t\tclass=\"so-widget-sow-editor so-widget-sow-editor-base\"\n\t\t\t\n\t\t>\n<div class=\"siteorigin-widget-tinymce textwidget\">\n\t<h4 style=\"text-align: center;\"><span style=\"color: #a92023;\">Vertik\u00e1lis csomagol\u00f3g\u00e9pek<\/p>\n<p><\/span><\/h4>\n<\/div>\n<\/div><\/div><div id=\"panel-w5abb823bb1921-0-0-1\" class=\"so-panel widget widget_sow-button panel-last-child\" data-index=\"1\" ><div\n\t\t\t\n\t\t\tclass=\"so-widget-sow-button so-widget-sow-button-flat-bb8a4617f6e8\"\n\t\t\t\n\t\t><div class=\"ow-button-base ow-button-align-center\"\n>\n\t\t\t<a\n\t\t\t\t\thref=\"\/vertikalis-csomagologepek\/\"\n\t\t\t\t\tclass=\"sowb-button ow-icon-placement-left ow-button-hover\" \t>\n\t\t<span>\n\t\t\t\n\t\t\tTov\u00e1bb\t\t<\/span>\n\t\t\t<\/a>\n\t<\/div>\n<\/div><\/div><\/div><\/div><\/div><\/div><\/div><\/div><\/div><div id=\"pg-954-2\"  class=\"panel-grid panel-no-style\" ><div id=\"pgc-954-2-0\"  class=\"panel-grid-cell\" ><div id=\"panel-954-2-0-0\" class=\"so-panel widget widget_siteorigin-panels-builder panel-first-child panel-last-child\" data-index=\"4\" ><div class=\"panel-widget-style panel-widget-style-for-954-2-0-0\" ><div id=\"pl-w5abb829f8e849\"  class=\"panel-layout\" ><div id=\"pg-w5abb829f8e849-0\"  class=\"panel-grid panel-no-style\" ><div id=\"pgc-w5abb829f8e849-0-0\"  class=\"panel-grid-cell\" ><div id=\"panel-w5abb829f8e849-0-0-0\" class=\"so-panel widget widget_sow-editor panel-first-child\" data-index=\"0\" ><div\n\t\t\t\n\t\t\tclass=\"so-widget-sow-editor so-widget-sow-editor-base\"\n\t\t\t\n\t\t>\n<div class=\"siteorigin-widget-tinymce textwidget\">\n\t<h4 style=\"text-align: center;\"><span style=\"color: #a92023;\">Klipszel\u0151, twisztel\u0151 g\u00e9pek<\/p>\n<p><\/span><\/h4>\n<\/div>\n<\/div><\/div><div id=\"panel-w5abb829f8e849-0-0-1\" class=\"so-panel widget widget_sow-button panel-last-child\" data-index=\"1\" ><div\n\t\t\t\n\t\t\tclass=\"so-widget-sow-button so-widget-sow-button-flat-bb8a4617f6e8\"\n\t\t\t\n\t\t><div class=\"ow-button-base ow-button-align-center\"\n>\n\t\t\t<a\n\t\t\t\t\thref=\"\/klipszelo-twisztelo-gepek\/\"\n\t\t\t\t\tclass=\"sowb-button ow-icon-placement-left ow-button-hover\" \t>\n\t\t<span>\n\t\t\t\n\t\t\tTov\u00e1bb\t\t<\/span>\n\t\t\t<\/a>\n\t<\/div>\n<\/div><\/div><\/div><\/div><\/div><\/div><\/div><\/div><div id=\"pgc-954-2-1\"  class=\"panel-grid-cell panel-grid-cell-empty panel-grid-cell-mobile-last\" ><\/div><div id=\"pgc-954-2-2\"  class=\"panel-grid-cell panel-grid-cell-empty\" ><\/div><\/div><\/div>","protected":false},"excerpt":{"rendered":"<p>Csomagol\u00f3 g\u00e9pek &nbsp;<\/p>\n","protected":false},"author":4,"featured_media":0,"parent":0,"menu_order":0,"comment_status":"closed","ping_status":"closed","template":"","meta":{"footnotes":""},"class_list":["post-954","page","type-page","status-publish","hentry"],"_links":{"self":[{"href":"https:\/\/modernbakery.hu\/index.php?rest_route=\/wp\/v2\/pages\/954","targetHints":{"allow":["GET"]}}],"collection":[{"href":"https:\/\/modernbakery.hu\/index.php?rest_route=\/wp\/v2\/pages"}],"about":[{"href":"https:\/\/modernbakery.hu\/index.php?rest_route=\/wp\/v2\/types\/page"}],"author":[{"embeddable":true,"href":"https:\/\/modernbakery.hu\/index.php?rest_route=\/wp\/v2\/users\/4"}],"replies":[{"embeddable":true,"href":"https:\/\/modernbakery.hu\/index.php?rest_route=%2Fwp%2Fv2%2Fcomments&post=954"}],"version-history":[{"count":11,"href":"https:\/\/modernbakery.hu\/index.php?rest_route=\/wp\/v2\/pages\/954\/revisions"}],"predecessor-version":[{"id":1037,"href":"https:\/\/modernbakery.hu\/index.php?rest_route=\/wp\/v2\/pages\/954\/revisions\/1037"}],"wp:attachment":[{"href":"https:\/\/modernbakery.hu\/index.php?rest_route=%2Fwp%2Fv2%2Fmedia&parent=954"}],"curies":[{"name":"wp","href":"https:\/\/api.w.org\/{rel}","templated":true}]}}