{"id":973,"date":"2018-03-28T10:12:51","date_gmt":"2018-03-28T10:12:51","guid":{"rendered":"https:\/\/modernbakery.hu\/?page_id=973"},"modified":"2021-07-01T10:29:20","modified_gmt":"2021-07-01T10:29:20","slug":"teszta-formazo-gepek","status":"publish","type":"page","link":"https:\/\/modernbakery.hu\/?page_id=973","title":{"rendered":"T\u00e9szta form\u00e1z\u00f3 g\u00e9pek"},"content":{"rendered":"<div id=\"pl-973\"  class=\"panel-layout\" ><div id=\"pg-973-0\"  class=\"panel-grid panel-no-style\" ><div id=\"pgc-973-0-0\"  class=\"panel-grid-cell\" ><div id=\"panel-973-0-0-0\" class=\"so-panel widget widget_sow-editor panel-first-child panel-last-child\" data-index=\"0\" ><div\n\t\t\t\n\t\t\tclass=\"so-widget-sow-editor so-widget-sow-editor-base\"\n\t\t\t\n\t\t>\n<div class=\"siteorigin-widget-tinymce textwidget\">\n\t<h2 style=\"text-align: center;\"><span style=\"color: #a92023;\">T\u00e9szta form\u00e1z\u00f3 g\u00e9pek<\/span><\/h2>\n<hr \/>\n<p>&nbsp;<\/p>\n<\/div>\n<\/div><\/div><\/div><\/div><div id=\"pg-973-1\"  class=\"panel-grid panel-no-style\" ><div id=\"pgc-973-1-0\"  class=\"panel-grid-cell\" ><div id=\"panel-973-1-0-0\" class=\"so-panel widget widget_siteorigin-panels-builder panel-first-child panel-last-child\" data-index=\"1\" ><div class=\"panel-widget-style panel-widget-style-for-973-1-0-0\" ><div id=\"pl-w5abb6bf0c8b94\"  class=\"panel-layout\" ><div id=\"pg-w5abb6bf0c8b94-0\"  class=\"panel-grid panel-no-style\" ><div id=\"pgc-w5abb6bf0c8b94-0-0\"  class=\"panel-grid-cell\" ><div id=\"panel-w5abb6bf0c8b94-0-0-0\" class=\"so-panel widget widget_sow-editor panel-first-child\" data-index=\"0\" ><div\n\t\t\t\n\t\t\tclass=\"so-widget-sow-editor so-widget-sow-editor-base\"\n\t\t\t\n\t\t>\n<div class=\"siteorigin-widget-tinymce textwidget\">\n\t<h4 style=\"text-align: center;\"><span style=\"color: #a92023;\">Zsemleg\u00e9pek<\/p>\n<p><\/span><\/h4>\n<\/div>\n<\/div><\/div><div id=\"panel-w5abb6bf0c8b94-0-0-1\" class=\"so-panel widget widget_sow-button panel-last-child\" data-index=\"1\" ><div\n\t\t\t\n\t\t\tclass=\"so-widget-sow-button so-widget-sow-button-flat-bb8a4617f6e8\"\n\t\t\t\n\t\t><div class=\"ow-button-base ow-button-align-center\"\n>\n\t\t\t<a\n\t\t\t\t\thref=\"\/zsemlegepek\/\"\n\t\t\t\t\tclass=\"sowb-button ow-icon-placement-left ow-button-hover\" \t>\n\t\t<span>\n\t\t\t\n\t\t\tTov\u00e1bb\t\t<\/span>\n\t\t\t<\/a>\n\t<\/div>\n<\/div><\/div><\/div><\/div><\/div><\/div><\/div><\/div><div id=\"pgc-973-1-1\"  class=\"panel-grid-cell\" ><div id=\"panel-973-1-1-0\" class=\"so-panel widget widget_siteorigin-panels-builder panel-first-child panel-last-child\" data-index=\"2\" ><div class=\"panel-widget-style panel-widget-style-for-973-1-1-0\" ><div id=\"pl-w5abb6bf0c94ae\"  class=\"panel-layout\" ><div id=\"pg-w5abb6bf0c94ae-0\"  class=\"panel-grid panel-no-style\" ><div id=\"pgc-w5abb6bf0c94ae-0-0\"  class=\"panel-grid-cell\" ><div id=\"panel-w5abb6bf0c94ae-0-0-0\" class=\"so-panel widget widget_sow-editor panel-first-child\" data-index=\"0\" ><div\n\t\t\t\n\t\t\tclass=\"so-widget-sow-editor so-widget-sow-editor-base\"\n\t\t\t\n\t\t>\n<div class=\"siteorigin-widget-tinymce textwidget\">\n\t<h4 style=\"text-align: center;\"><span style=\"color: #a92023;\">Kiflisodr\u00f3 g\u00e9pek<\/p>\n<p><\/span><\/h4>\n<\/div>\n<\/div><\/div><div id=\"panel-w5abb6bf0c94ae-0-0-1\" class=\"so-panel widget widget_sow-button panel-last-child\" data-index=\"1\" ><div\n\t\t\t\n\t\t\tclass=\"so-widget-sow-button so-widget-sow-button-flat-bb8a4617f6e8\"\n\t\t\t\n\t\t><div class=\"ow-button-base ow-button-align-center\"\n>\n\t\t\t<a\n\t\t\t\t\thref=\"\/kiflisodro-gepek\/\"\n\t\t\t\t\tclass=\"sowb-button ow-icon-placement-left ow-button-hover\" \t>\n\t\t<span>\n\t\t\t\n\t\t\tTov\u00e1bb\t\t<\/span>\n\t\t\t<\/a>\n\t<\/div>\n<\/div><\/div><\/div><\/div><\/div><\/div><\/div><\/div><div id=\"pgc-973-1-2\"  class=\"panel-grid-cell\" ><div id=\"panel-973-1-2-0\" class=\"so-panel widget widget_siteorigin-panels-builder panel-first-child panel-last-child\" data-index=\"3\" ><div class=\"panel-widget-style panel-widget-style-for-973-1-2-0\" ><div id=\"pl-w5abb6bf0c9c17\"  class=\"panel-layout\" ><div id=\"pg-w5abb6bf0c9c17-0\"  class=\"panel-grid panel-no-style\" ><div id=\"pgc-w5abb6bf0c9c17-0-0\"  class=\"panel-grid-cell\" ><div id=\"panel-w5abb6bf0c9c17-0-0-0\" class=\"so-panel widget widget_sow-editor panel-first-child\" data-index=\"0\" ><div\n\t\t\t\n\t\t\tclass=\"so-widget-sow-editor so-widget-sow-editor-base\"\n\t\t\t\n\t\t>\n<div class=\"siteorigin-widget-tinymce textwidget\">\n\t<h4 style=\"text-align: center;\"><span style=\"color: #a92023;\">T\u00e9sztany\u00fajt\u00f3k<\/p>\n<p><\/span><\/h4>\n<\/div>\n<\/div><\/div><div id=\"panel-w5abb6bf0c9c17-0-0-1\" class=\"so-panel widget widget_sow-button panel-last-child\" data-index=\"1\" ><div\n\t\t\t\n\t\t\tclass=\"so-widget-sow-button so-widget-sow-button-flat-bb8a4617f6e8\"\n\t\t\t\n\t\t><div class=\"ow-button-base ow-button-align-center\"\n>\n\t\t\t<a\n\t\t\t\t\thref=\"\/tesztanyujtok\/\"\n\t\t\t\t\tclass=\"sowb-button ow-icon-placement-left ow-button-hover\" \t>\n\t\t<span>\n\t\t\t\n\t\t\tTov\u00e1bb\t\t<\/span>\n\t\t\t<\/a>\n\t<\/div>\n<\/div><\/div><\/div><\/div><\/div><\/div><\/div><\/div><\/div><div id=\"pg-973-2\"  class=\"panel-grid panel-no-style\" ><div id=\"pgc-973-2-0\"  class=\"panel-grid-cell panel-grid-cell-empty\" ><\/div><div id=\"pgc-973-2-1\"  class=\"panel-grid-cell\" ><div id=\"panel-973-2-1-0\" class=\"so-panel widget widget_siteorigin-panels-builder panel-first-child panel-last-child\" data-index=\"4\" ><div class=\"panel-widget-style panel-widget-style-for-973-2-1-0\" ><div id=\"pl-w5abb6cacac388\"  class=\"panel-layout\" ><div id=\"pg-w5abb6cacac388-0\"  class=\"panel-grid panel-no-style\" ><div id=\"pgc-w5abb6cacac388-0-0\"  class=\"panel-grid-cell\" ><div id=\"panel-w5abb6cacac388-0-0-0\" class=\"so-panel widget widget_sow-editor panel-first-child\" data-index=\"0\" ><div\n\t\t\t\n\t\t\tclass=\"so-widget-sow-editor so-widget-sow-editor-base\"\n\t\t\t\n\t\t>\n<div class=\"siteorigin-widget-tinymce textwidget\">\n\t<h4 style=\"text-align: center;\"><span style=\"color: #a92023;\">Keny\u00e9rt\u00e9szta form\u00e1z\u00f3 g\u00e9pek<\/p>\n<p><\/span><\/h4>\n<\/div>\n<\/div><\/div><div id=\"panel-w5abb6cacac388-0-0-1\" class=\"so-panel widget widget_sow-button panel-last-child\" data-index=\"1\" ><div\n\t\t\t\n\t\t\tclass=\"so-widget-sow-button so-widget-sow-button-flat-bb8a4617f6e8\"\n\t\t\t\n\t\t><div class=\"ow-button-base ow-button-align-center\"\n>\n\t\t\t<a\n\t\t\t\t\thref=\"\/kenyerteszta-formazo-gepek\/\"\n\t\t\t\t\tclass=\"sowb-button ow-icon-placement-left ow-button-hover\" \t>\n\t\t<span>\n\t\t\t\n\t\t\tTov\u00e1bb\t\t<\/span>\n\t\t\t<\/a>\n\t<\/div>\n<\/div><\/div><\/div><\/div><\/div><\/div><\/div><\/div><div id=\"pgc-973-2-2\"  class=\"panel-grid-cell panel-grid-cell-mobile-last\" ><div id=\"panel-973-2-2-0\" class=\"so-panel widget widget_siteorigin-panels-builder panel-first-child panel-last-child\" data-index=\"5\" ><div class=\"panel-widget-style panel-widget-style-for-973-2-2-0\" ><div id=\"pl-w5abb6d883156f\"  class=\"panel-layout\" ><div id=\"pg-w5abb6d883156f-0\"  class=\"panel-grid panel-no-style\" ><div id=\"pgc-w5abb6d883156f-0-0\"  class=\"panel-grid-cell\" ><div id=\"panel-w5abb6d883156f-0-0-0\" class=\"so-panel widget widget_sow-editor panel-first-child\" data-index=\"0\" ><div\n\t\t\t\n\t\t\tclass=\"so-widget-sow-editor so-widget-sow-editor-base\"\n\t\t\t\n\t\t>\n<div class=\"siteorigin-widget-tinymce textwidget\">\n\t<h4 style=\"text-align: center;\"><span style=\"color: #a92023;\">T\u00e9sztafeldolgoz\u00f3 vonalak<\/p>\n<p><\/span><\/h4>\n<\/div>\n<\/div><\/div><div id=\"panel-w5abb6d883156f-0-0-1\" class=\"so-panel widget widget_sow-button panel-last-child\" data-index=\"1\" ><div\n\t\t\t\n\t\t\tclass=\"so-widget-sow-button so-widget-sow-button-flat-bb8a4617f6e8\"\n\t\t\t\n\t\t><div class=\"ow-button-base ow-button-align-center\"\n>\n\t\t\t<a\n\t\t\t\t\thref=\"\/tesztafeldolgozo-vonalak\/\"\n\t\t\t\t\tclass=\"sowb-button ow-icon-placement-left ow-button-hover\" \t>\n\t\t<span>\n\t\t\t\n\t\t\tTov\u00e1bb\t\t<\/span>\n\t\t\t<\/a>\n\t<\/div>\n<\/div><\/div><\/div><\/div><\/div><\/div><\/div><\/div><div id=\"pgc-973-2-3\"  class=\"panel-grid-cell panel-grid-cell-empty\" ><\/div><\/div><\/div>","protected":false},"excerpt":{"rendered":"<p>T\u00e9szta form\u00e1z\u00f3 g\u00e9pek &nbsp;<\/p>\n","protected":false},"author":4,"featured_media":0,"parent":0,"menu_order":0,"comment_status":"closed","ping_status":"closed","template":"","meta":{"footnotes":""},"class_list":["post-973","page","type-page","status-publish","hentry"],"_links":{"self":[{"href":"https:\/\/modernbakery.hu\/index.php?rest_route=\/wp\/v2\/pages\/973","targetHints":{"allow":["GET"]}}],"collection":[{"href":"https:\/\/modernbakery.hu\/index.php?rest_route=\/wp\/v2\/pages"}],"about":[{"href":"https:\/\/modernbakery.hu\/index.php?rest_route=\/wp\/v2\/types\/page"}],"author":[{"embeddable":true,"href":"https:\/\/modernbakery.hu\/index.php?rest_route=\/wp\/v2\/users\/4"}],"replies":[{"embeddable":true,"href":"https:\/\/modernbakery.hu\/index.php?rest_route=%2Fwp%2Fv2%2Fcomments&post=973"}],"version-history":[{"count":23,"href":"https:\/\/modernbakery.hu\/index.php?rest_route=\/wp\/v2\/pages\/973\/revisions"}],"predecessor-version":[{"id":1410,"href":"https:\/\/modernbakery.hu\/index.php?rest_route=\/wp\/v2\/pages\/973\/revisions\/1410"}],"wp:attachment":[{"href":"https:\/\/modernbakery.hu\/index.php?rest_route=%2Fwp%2Fv2%2Fmedia&parent=973"}],"curies":[{"name":"wp","href":"https:\/\/api.w.org\/{rel}","templated":true}]}}